{"id":1786,"date":"2024-06-24T05:57:57","date_gmt":"2024-06-24T05:57:57","guid":{"rendered":"https:\/\/membraneswitchmfg.com\/manufacturer\/medical-membrane-switches\/"},"modified":"2024-06-25T13:43:30","modified_gmt":"2024-06-25T13:43:30","slug":"medical-membrane-switches","status":"publish","type":"product","link":"https:\/\/membraneswitchmfg.com\/es\/manufacturer\/medical-membrane-switches\/","title":{"rendered":"Interruptor m\u00e9dico de membrana"},"content":{"rendered":"<h2><strong><b>Interruptor de membrana m\u00e9dico: precisi\u00f3n, fiabilidad y seguridad para aplicaciones sanitarias<\/b><\/strong><\/h2>\n<p><strong>Precisi\u00f3n y respuesta t\u00e1ctil<\/strong><\/p>\n<p>Los interruptores de membrana m\u00e9dicos ofrecen una actuaci\u00f3n precisa y una respuesta t\u00e1ctil consistente, lo que garantiza una entrada de usuario precisa incluso en situaciones exigentes. Esto es particularmente importante para los dispositivos utilizados en procedimientos delicados o donde la seguridad del paciente es primordial.<\/p>\n<ul>\n<li><strong>Pulsaciones precisas y consistentes para un funcionamiento sin errores<\/strong><\/li>\n<li><strong>Respuesta t\u00e1ctil n\u00edtida para la confirmaci\u00f3n positiva del usuario<\/strong><\/li>\n<li><strong>Adecuado para aplicaciones que requieren alta precisi\u00f3n y control<\/strong><\/li>\n<\/ul>\n<p><strong>Fiabilidad y durabilidad<\/strong><\/p>\n<p>Los interruptores de membrana m\u00e9dicos est\u00e1n dise\u00f1ados para soportar los rigores del uso continuo y los agentes de limpieza agresivos, lo que garantiza un rendimiento duradero en entornos sanitarios exigentes.<\/p>\n<ul>\n<li><strong>Construcci\u00f3n duradera para una larga vida \u00fatil<\/strong><\/li>\n<li><strong>Resistente a l\u00edquidos, productos qu\u00edmicos y desinfectantes<\/strong><\/li>\n<li><strong>Adecuado para \u00e1reas de mucho tr\u00e1fico y limpieza frecuente<\/strong><\/li>\n<\/ul>\n<p><strong>Seguridad y control de infecciones<\/strong><\/p>\n<p>Los interruptores de membrana m\u00e9dicos est\u00e1n dise\u00f1ados teniendo en cuenta la seguridad, con superficies antimicrobianas y superficies lisas no porosas que minimizan el riesgo de contaminaci\u00f3n cruzada.<\/p>\n<ul>\n<li><strong>Las superficies antimicrobianas inhiben el crecimiento de bacterias y virus<\/strong><\/li>\n<li><strong>Las superficies lisas no porosas son f\u00e1ciles de limpiar y desinfectar<\/strong><\/li>\n<li><strong>Cumple con las normas y reglamentos m\u00e9dicos pertinentes<\/strong><\/li>\n<\/ul>\n<p><strong>Aplicaciones<\/strong><\/p>\n<p>Los interruptores de membrana m\u00e9dicos se utilizan ampliamente en una variedad de aplicaciones sanitarias, que incluyen:<\/p>\n<ul>\n<li><strong>Paneles de control de equipos m\u00e9dicos<\/strong><\/li>\n<li><strong>Sistemas de monitorizaci\u00f3n de pacientes<\/strong><\/li>\n<li><strong>Instrumentos quir\u00fargicos<\/strong><\/li>\n<li><strong>Equipos de diagn\u00f3stico<\/strong><\/li>\n<li><strong>Equipos de laboratorio<\/strong><\/li>\n<\/ul>\n<p><strong>Soluciones a medida<\/strong><\/p>\n<p>Ofrecemos una amplia gama de opciones de personalizaci\u00f3n para satisfacer sus necesidades espec\u00edficas, entre las que se incluyen:<\/p>\n<ul>\n<li><strong>Variedad de tama\u00f1os, formas y configuraciones de interruptores<\/strong><\/li>\n<li><strong>Gr\u00e1ficos personalizados, leyendas y elementos de marca<\/strong><\/li>\n<li><strong>Opciones de retroiluminaci\u00f3n e iluminaci\u00f3n<\/strong><\/li>\n<li><strong>Integraci\u00f3n con componentes adicionales<\/strong><\/li>\n<\/ul>\n<p><strong>As\u00f3ciese con un fabricante experimentado de interruptores de membrana m\u00e9dicos<\/strong><\/p>\n<p>Con a\u00f1os de experiencia y un compromiso con la calidad, somos su fuente confiable de interruptores de membrana m\u00e9dicos personalizados. Nuestro equipo de expertos puede ayudarle a dise\u00f1ar y fabricar los interruptores perfectos para satisfacer los requisitos espec\u00edficos de su aplicaci\u00f3n y garantizar la seguridad y el bienestar de los pacientes.<\/p>\n<p><strong>P\u00f3ngase en contacto con nosotros<\/strong>\u00a0para obtener m\u00e1s informaci\u00f3n sobre nuestras soluciones de interruptores de membrana m\u00e9dicos y c\u00f3mo podemos ayudarle a mejorar sus dispositivos m\u00e9dicos.<\/p>\n<p><strong>Palabras clave adicionales:<\/strong>\u00a0interruptor de panel de membrana, interruptor de membrana industrial<\/p>","protected":false},"excerpt":{"rendered":"<p>Los interruptores de membrana m\u00e9dicos est\u00e1n dise\u00f1ados para satisfacer las exigentes demandas de los entornos sanitarios, proporcionando interfaces de usuario precisas, fiables y seguras para una amplia gama de dispositivos m\u00e9dicos. Estos interruptores se fabrican con materiales de alta calidad y se someten a rigurosas pruebas para garantizar un rendimiento \u00f3ptimo en entornos de cuidados cr\u00edticos.<\/p>","protected":false},"featured_media":1753,"template":"","meta":[],"product_brand":[],"product_cat":[40],"product_tag":[],"class_list":{"0":"post-1786","1":"product","2":"type-product","3":"status-publish","4":"has-post-thumbnail","6":"product_cat-membrane-switch","8":"first","9":"instock","10":"shipping-taxable","11":"product-type-simple"},"_links":{"self":[{"href":"https:\/\/membraneswitchmfg.com\/es\/wp-json\/wp\/v2\/product\/1786","targetHints":{"allow":["GET"]}}],"collection":[{"href":"https:\/\/membraneswitchmfg.com\/es\/wp-json\/wp\/v2\/product"}],"about":[{"href":"https:\/\/membraneswitchmfg.com\/es\/wp-json\/wp\/v2\/types\/product"}],"wp:featuredmedia":[{"embeddable":true,"href":"https:\/\/membraneswitchmfg.com\/es\/wp-json\/wp\/v2\/media\/1753"}],"wp:attachment":[{"href":"https:\/\/membraneswitchmfg.com\/es\/wp-json\/wp\/v2\/media?parent=1786"}],"wp:term":[{"taxonomy":"product_brand","embeddable":true,"href":"https:\/\/membraneswitchmfg.com\/es\/wp-json\/wp\/v2\/product_brand?post=1786"},{"taxonomy":"product_cat","embeddable":true,"href":"https:\/\/membraneswitchmfg.com\/es\/wp-json\/wp\/v2\/product_cat?post=1786"},{"taxonomy":"product_tag","embeddable":true,"href":"https:\/\/membraneswitchmfg.com\/es\/wp-json\/wp\/v2\/product_tag?post=1786"}],"curies":[{"name":"wp","href":"https:\/\/api.w.org\/{rel}","templated":true}]}}