{"id":1787,"date":"2024-06-24T05:57:57","date_gmt":"2024-06-24T05:57:57","guid":{"rendered":"https:\/\/membraneswitchmfg.com\/manufacturer\/3d-printed-flexible-membrane-keypad\/"},"modified":"2024-08-07T00:48:26","modified_gmt":"2024-08-07T00:48:26","slug":"3d-printed-flexible-membrane-keypad","status":"publish","type":"product","link":"https:\/\/membraneswitchmfg.com\/es\/manufacturer\/3d-printed-flexible-membrane-keypad\/","title":{"rendered":"Teclado de membrana flexible impreso en 3D"},"content":{"rendered":"<h2><strong><b>Teclados de membrana flexible impresos en 3D: Revolucionando las interfaces de usuario con dise\u00f1os personalizados<\/b><\/strong><\/h2>\n<p>\u00a0<\/p>\n<p><strong>Libertad de dise\u00f1o<\/strong><\/p>\n<p>Los teclados de membrana flexible impresos en 3D se liberan de las limitaciones del dise\u00f1o tradicional y permiten crear:<\/p>\n<ul>\n<li>Formas y geometr\u00edas complejas<\/li>\n<li>Gr\u00e1ficos y elementos de marca personalizados<\/li>\n<li>Dise\u00f1os ergon\u00f3micos para mejorar la comodidad del usuario<\/li>\n<\/ul>\n<p>\u00a0<\/p>\n<p><strong>Funcionalidad e integraci\u00f3n a medida<\/strong><\/p>\n<p>La impresi\u00f3n 3D permite integrar componentes adicionales directamente en el teclado, como:<\/p>\n<ul>\n<li>Sensores y LED<\/li>\n<li>M\u00f3dulos de comunicaci\u00f3n<\/li>\n<li>Pantallas t\u00e1ctiles<\/li>\n<\/ul>\n<p>\u00a0<\/p>\n<p><strong>Mayor flexibilidad y durabilidad<\/strong><\/p>\n<p>Los teclados de membrana flexible impresos en 3D ofrecen una flexibilidad excepcional, se ajustan a superficies curvas y se adaptan a entornos din\u00e1micos. Tambi\u00e9n son muy duraderos y resisten condiciones duras y un uso frecuente.<\/p>\n<p>\u00a0<\/p>\n<p><strong>Aplicaciones<\/strong><\/p>\n<p>Los teclados de membrana flexible impresos en 3D son ideales para una amplia gama de aplicaciones, entre ellas:<\/p>\n<ul>\n<li>Cuadros de control industrial<\/li>\n<li>Productos sanitarios<\/li>\n<li>Electr\u00f3nica de consumo<\/li>\n<li>Tecnolog\u00eda port\u00e1til<\/li>\n<li>Aplicaciones aeroespaciales y de automoci\u00f3n<\/li>\n<\/ul>\n<p>\u00a0<\/p>\n<p><strong>Soluciones a medida<\/strong><\/p>\n<p>Ofrecemos una amplia gama de opciones de personalizaci\u00f3n para satisfacer sus necesidades espec\u00edficas, entre las que se incluyen:<\/p>\n<ul>\n<li>Elecci\u00f3n de materiales y propiedades<\/li>\n<li>Dise\u00f1o de precisi\u00f3n y creaci\u00f3n de prototipos<\/li>\n<li>Integraci\u00f3n de componentes electr\u00f3nicos<\/li>\n<li>Opciones de retroiluminaci\u00f3n e iluminaci\u00f3n<\/li>\n<\/ul>\n<p>\u00a0<\/p>\n<p><strong>As\u00f3ciese con un experto en impresi\u00f3n 3D y teclados de membrana<\/strong><\/p>\n<p>Con a\u00f1os de experiencia en impresi\u00f3n 3D y tecnolog\u00eda de teclados de membrana, somos su socio de confianza para crear soluciones personalizadas que satisfagan sus requisitos exactos. Nuestro equipo de expertos le guiar\u00e1 a trav\u00e9s del proceso de dise\u00f1o, garantizando que consiga el teclado perfecto para su aplicaci\u00f3n.<\/p>\n<p>\u00a0<\/p>\n<p><a href=\"https:\/\/membraneswitchmfg.com\/es\/contact\/\"><strong>P\u00f3ngase en contacto con nosotros<\/strong>\u00a0<\/a>para obtener m\u00e1s informaci\u00f3n sobre nuestras soluciones de teclado de membrana flexible impreso en 3D y sobre c\u00f3mo podemos ayudarle a revolucionar sus interfaces de usuario.<\/p>","protected":false},"excerpt":{"rendered":"<p>Los teclados de membrana flexible impresos en 3D representan un avance revolucionario en la tecnolog\u00eda de interfaz de usuario, ya que ofrecen una combinaci\u00f3n \u00fanica de personalizaci\u00f3n, flexibilidad y durabilidad. Estos innovadores teclados se fabrican mediante avanzadas t\u00e9cnicas de impresi\u00f3n 3D, lo que permite crear dise\u00f1os complejos y soluciones a medida para una amplia gama de aplicaciones.<\/p>","protected":false},"featured_media":1763,"template":"","meta":[],"product_brand":[],"product_cat":[40],"product_tag":[],"class_list":{"0":"post-1787","1":"product","2":"type-product","3":"status-publish","4":"has-post-thumbnail","6":"product_cat-membrane-switch","8":"first","9":"instock","10":"shipping-taxable","11":"product-type-simple"},"_links":{"self":[{"href":"https:\/\/membraneswitchmfg.com\/es\/wp-json\/wp\/v2\/product\/1787","targetHints":{"allow":["GET"]}}],"collection":[{"href":"https:\/\/membraneswitchmfg.com\/es\/wp-json\/wp\/v2\/product"}],"about":[{"href":"https:\/\/membraneswitchmfg.com\/es\/wp-json\/wp\/v2\/types\/product"}],"wp:featuredmedia":[{"embeddable":true,"href":"https:\/\/membraneswitchmfg.com\/es\/wp-json\/wp\/v2\/media\/1763"}],"wp:attachment":[{"href":"https:\/\/membraneswitchmfg.com\/es\/wp-json\/wp\/v2\/media?parent=1787"}],"wp:term":[{"taxonomy":"product_brand","embeddable":true,"href":"https:\/\/membraneswitchmfg.com\/es\/wp-json\/wp\/v2\/product_brand?post=1787"},{"taxonomy":"product_cat","embeddable":true,"href":"https:\/\/membraneswitchmfg.com\/es\/wp-json\/wp\/v2\/product_cat?post=1787"},{"taxonomy":"product_tag","embeddable":true,"href":"https:\/\/membraneswitchmfg.com\/es\/wp-json\/wp\/v2\/product_tag?post=1787"}],"curies":[{"name":"wp","href":"https:\/\/api.w.org\/{rel}","templated":true}]}}