{"id":1788,"date":"2024-06-24T05:57:57","date_gmt":"2024-06-24T05:57:57","guid":{"rendered":"https:\/\/membraneswitchmfg.com\/manufacturer\/digitally-printed-graphics\/"},"modified":"2024-06-25T13:43:13","modified_gmt":"2024-06-25T13:43:13","slug":"digitally-printed-graphics","status":"publish","type":"product","link":"https:\/\/membraneswitchmfg.com\/es\/manufacturer\/digitally-printed-graphics\/","title":{"rendered":"Gr\u00e1ficos impresos digitalmente"},"content":{"rendered":"<h2><strong><b>Gr\u00e1ficos Impresos Digitalmente: Mejorando los Interruptores de Membrana con Dise\u00f1os Vibrantes y Durabilidad<\/b><\/strong><\/h2>\n<p><strong>Libere la Creatividad del Dise\u00f1o<\/strong><\/p>\n<p>La impresi\u00f3n digital permite la creaci\u00f3n de dise\u00f1os intrincados, patrones complejos e im\u00e1genes fotorrealistas, limitados solo por su imaginaci\u00f3n. Esto abre un mundo de posibilidades para personalizar los interruptores de membrana para que coincidan con cualquier identidad de marca o est\u00e9tica del producto.<\/p>\n<ul>\n<li><strong>Incorpore logotipos de la empresa, elementos de marca y gr\u00e1ficos de productos<\/strong><\/li>\n<li><strong>Cree interfaces visualmente atractivas y f\u00e1ciles de usar<\/strong><\/li>\n<li><strong>Mejore la diferenciaci\u00f3n del producto y el reconocimiento de la marca<\/strong><\/li>\n<\/ul>\n<p><strong>Colores Vibrantes e Impresiones Duraderas<\/strong><\/p>\n<p>La impresi\u00f3n digital utiliza tintas de alta calidad que producen colores ricos y vibrantes que resisten la decoloraci\u00f3n y el desgaste, incluso en entornos hostiles. Esto asegura que sus interruptores de membrana conserven su atractivo visual e impacto durante a\u00f1os.<\/p>\n<ul>\n<li><strong>Texto y s\u00edmbolos n\u00edtidos y claros<\/strong><\/li>\n<li><strong>Reproducci\u00f3n de color consistente en todas las tiradas de producci\u00f3n<\/strong><\/li>\n<li><strong>Resistente a ara\u00f1azos, productos qu\u00edmicos y rayos UV<\/strong><\/li>\n<\/ul>\n<p><strong>Soluciones Duraderas y Rentables<\/strong><\/p>\n<p>Los gr\u00e1ficos impresos digitalmente no solo son visualmente impresionantes, sino tambi\u00e9n muy duraderos, ya que resisten el uso frecuente y los agentes de limpieza agresivos. Esto los convierte en una soluci\u00f3n rentable para interruptores de membrana de larga duraci\u00f3n que mantienen su apariencia y funcionalidad con el tiempo.<\/p>\n<p><strong>Aplicaciones<\/strong><\/p>\n<p>Los gr\u00e1ficos impresos digitalmente se utilizan ampliamente en una amplia gama de aplicaciones, que incluyen:<\/p>\n<ul>\n<li><strong>Cuadros de control industrial<\/strong><\/li>\n<li><strong>Productos sanitarios<\/strong><\/li>\n<li><strong>Electr\u00f3nica de consumo<\/strong><\/li>\n<li><strong>Electrodom\u00e9sticos<\/strong><\/li>\n<li><strong>Maquinaria y equipos<\/strong><\/li>\n<\/ul>\n<p><strong>As\u00f3ciese con un Fabricante Experimentado de Impresi\u00f3n Digital e Interruptores de Membrana<\/strong><\/p>\n<p>Con a\u00f1os de experiencia en impresi\u00f3n digital y tecnolog\u00eda de interruptores de membrana, somos su fuente confiable de interruptores de membrana impresos a medida y de alta calidad. Nuestro equipo de expertos trabajar\u00e1 en estrecha colaboraci\u00f3n con usted para comprender sus requisitos de dise\u00f1o y ofrecer la soluci\u00f3n perfecta para mejorar sus productos.<\/p>\n<p><strong>P\u00f3ngase en contacto con nosotros<\/strong>\u00a0para obtener m\u00e1s informaci\u00f3n sobre nuestras capacidades de impresi\u00f3n digital y c\u00f3mo podemos ayudarlo a mejorar sus interruptores de membrana con gr\u00e1ficos impresionantes y durabilidad duradera.<\/p>","protected":false},"excerpt":{"rendered":"<p>Los gr\u00e1ficos impresos digitalmente han revolucionado el mundo de los interruptores de membrana, ofreciendo una flexibilidad de dise\u00f1o sin igual, colores vibrantes y una durabilidad excepcional. Esta innovadora t\u00e9cnica de impresi\u00f3n permite la creaci\u00f3n de gr\u00e1ficos, logotipos y leyendas de alta resoluci\u00f3n que transforman los interruptores de membrana ordinarios en interfaces de usuario visualmente atractivas e informativas.<\/p>","protected":false},"featured_media":1764,"template":"","meta":[],"product_brand":[],"product_cat":[40],"product_tag":[],"class_list":{"0":"post-1788","1":"product","2":"type-product","3":"status-publish","4":"has-post-thumbnail","6":"product_cat-membrane-switch","8":"first","9":"instock","10":"shipping-taxable","11":"product-type-simple"},"_links":{"self":[{"href":"https:\/\/membraneswitchmfg.com\/es\/wp-json\/wp\/v2\/product\/1788","targetHints":{"allow":["GET"]}}],"collection":[{"href":"https:\/\/membraneswitchmfg.com\/es\/wp-json\/wp\/v2\/product"}],"about":[{"href":"https:\/\/membraneswitchmfg.com\/es\/wp-json\/wp\/v2\/types\/product"}],"wp:featuredmedia":[{"embeddable":true,"href":"https:\/\/membraneswitchmfg.com\/es\/wp-json\/wp\/v2\/media\/1764"}],"wp:attachment":[{"href":"https:\/\/membraneswitchmfg.com\/es\/wp-json\/wp\/v2\/media?parent=1788"}],"wp:term":[{"taxonomy":"product_brand","embeddable":true,"href":"https:\/\/membraneswitchmfg.com\/es\/wp-json\/wp\/v2\/product_brand?post=1788"},{"taxonomy":"product_cat","embeddable":true,"href":"https:\/\/membraneswitchmfg.com\/es\/wp-json\/wp\/v2\/product_cat?post=1788"},{"taxonomy":"product_tag","embeddable":true,"href":"https:\/\/membraneswitchmfg.com\/es\/wp-json\/wp\/v2\/product_tag?post=1788"}],"curies":[{"name":"wp","href":"https:\/\/api.w.org\/{rel}","templated":true}]}}