{"id":1789,"date":"2024-06-24T05:57:57","date_gmt":"2024-06-24T05:57:57","guid":{"rendered":"https:\/\/membraneswitchmfg.com\/manufacturer\/screen-printed-graphics\/"},"modified":"2024-06-25T13:37:37","modified_gmt":"2024-06-25T13:37:37","slug":"screen-printed-graphics","status":"publish","type":"product","link":"https:\/\/membraneswitchmfg.com\/es\/manufacturer\/screen-printed-graphics\/","title":{"rendered":"Gr\u00e1ficos serigrafiados"},"content":{"rendered":"<h2><strong><b>Gr\u00e1ficos serigrafiados: soluciones duraderas y rentables para superposiciones de interruptores de membrana<\/b><\/strong><\/h2>\n<p><strong>Duradero y de larga duraci\u00f3n<\/strong><\/p>\n<p>Los gr\u00e1ficos serigrafiados son reconocidos por su excepcional durabilidad, resistiendo entornos hostiles, uso frecuente y agentes de limpieza agresivos. La tinta se adhiere firmemente al material de la superposici\u00f3n, resistiendo la decoloraci\u00f3n, los ara\u00f1azos y los productos qu\u00edmicos.<\/p>\n<ul>\n<li><strong>Colores y leyendas de larga duraci\u00f3n<\/strong><\/li>\n<li><strong>Adecuado para aplicaciones exteriores e industriales<\/strong><\/li>\n<li><strong>Resistente al desgaste<\/strong><\/li>\n<\/ul>\n<p><strong>Rentable para la producci\u00f3n de alto volumen<\/strong><\/p>\n<p>La serigraf\u00eda es particularmente rentable para tiradas de producci\u00f3n de alto volumen, ya que los costos de configuraci\u00f3n se distribuyen en una gran cantidad de unidades. Esto la convierte en una opci\u00f3n ideal para aplicaciones que requieren una marca consistente y un alto nivel de durabilidad.<\/p>\n<ul>\n<li><strong>Menores costos unitarios para pedidos grandes<\/strong><\/li>\n<li><strong>Calidad y apariencia consistentes<\/strong><\/li>\n<li><strong>Adecuado para la producci\u00f3n en masa<\/strong><\/li>\n<\/ul>\n<p><strong>Versatilidad y opciones de dise\u00f1o<\/strong><\/p>\n<p>La serigraf\u00eda se puede utilizar con una amplia gama de materiales, incluidos pl\u00e1sticos, metales y telas. Tambi\u00e9n ofrece una variedad de opciones de dise\u00f1o, que incluyen:<\/p>\n<ul>\n<li><strong>Texto y s\u00edmbolos n\u00edtidos y claros<\/strong><\/li>\n<li><strong>Colores vibrantes y consistentes<\/strong><\/li>\n<li><strong>Patrones y texturas intrincados<\/strong><\/li>\n<\/ul>\n<p><strong>Aplicaciones<\/strong><\/p>\n<p>Los gr\u00e1ficos serigrafiados se utilizan ampliamente en una amplia gama de aplicaciones, que incluyen:<\/p>\n<ul>\n<li><strong>Superposiciones de interruptores de membrana<\/strong><\/li>\n<li><strong>Paneles de control<\/strong><\/li>\n<li><strong>Productos sanitarios<\/strong><\/li>\n<li><strong>Electr\u00f3nica de consumo<\/strong><\/li>\n<li><strong>Electrodom\u00e9sticos<\/strong><\/li>\n<\/ul>\n<p><strong>As\u00f3ciese con un fabricante experimentado de serigraf\u00eda e interruptores de membrana<\/strong><\/p>\n<p>Con a\u00f1os de experiencia en serigraf\u00eda y tecnolog\u00eda de interruptores de membrana, somos su fuente confiable de superposiciones de interruptores de membrana impresas a medida y de alta calidad. Nuestro equipo de expertos trabajar\u00e1 en estrecha colaboraci\u00f3n con usted para garantizar que sus dise\u00f1os se reproduzcan con precisi\u00f3n y que sus interruptores de membrana cumplan con sus requisitos espec\u00edficos de rendimiento y durabilidad.<\/p>\n<p><strong>P\u00f3ngase en contacto con nosotros<\/strong>\u00a0para obtener m\u00e1s informaci\u00f3n sobre nuestras capacidades de serigraf\u00eda y c\u00f3mo podemos ayudarlo a crear superposiciones de interruptores de membrana duraderas y rentables.<\/p>","protected":false},"excerpt":{"rendered":"<p>Los gr\u00e1ficos serigrafiados ofrecen un m\u00e9todo probado y rentable para crear superposiciones duraderas y visualmente atractivas para interruptores de membrana. Esta vers\u00e1til t\u00e9cnica de impresi\u00f3n utiliza plantillas y tintas para transferir dise\u00f1os a una variedad de materiales, lo que garantiza resultados precisos y consistentes.<\/p>","protected":false},"featured_media":1765,"template":"","meta":[],"product_brand":[],"product_cat":[40],"product_tag":[],"class_list":{"0":"post-1789","1":"product","2":"type-product","3":"status-publish","4":"has-post-thumbnail","6":"product_cat-membrane-switch","8":"first","9":"instock","10":"shipping-taxable","11":"product-type-simple"},"_links":{"self":[{"href":"https:\/\/membraneswitchmfg.com\/es\/wp-json\/wp\/v2\/product\/1789","targetHints":{"allow":["GET"]}}],"collection":[{"href":"https:\/\/membraneswitchmfg.com\/es\/wp-json\/wp\/v2\/product"}],"about":[{"href":"https:\/\/membraneswitchmfg.com\/es\/wp-json\/wp\/v2\/types\/product"}],"wp:featuredmedia":[{"embeddable":true,"href":"https:\/\/membraneswitchmfg.com\/es\/wp-json\/wp\/v2\/media\/1765"}],"wp:attachment":[{"href":"https:\/\/membraneswitchmfg.com\/es\/wp-json\/wp\/v2\/media?parent=1789"}],"wp:term":[{"taxonomy":"product_brand","embeddable":true,"href":"https:\/\/membraneswitchmfg.com\/es\/wp-json\/wp\/v2\/product_brand?post=1789"},{"taxonomy":"product_cat","embeddable":true,"href":"https:\/\/membraneswitchmfg.com\/es\/wp-json\/wp\/v2\/product_cat?post=1789"},{"taxonomy":"product_tag","embeddable":true,"href":"https:\/\/membraneswitchmfg.com\/es\/wp-json\/wp\/v2\/product_tag?post=1789"}],"curies":[{"name":"wp","href":"https:\/\/api.w.org\/{rel}","templated":true}]}}