{"id":1790,"date":"2024-06-24T05:57:57","date_gmt":"2024-06-24T05:57:57","guid":{"rendered":"https:\/\/membraneswitchmfg.com\/manufacturer\/antimicrobial-membrane-switch\/"},"modified":"2024-06-25T13:35:10","modified_gmt":"2024-06-25T13:35:10","slug":"antimicrobial-membrane-switch","status":"publish","type":"product","link":"https:\/\/membraneswitchmfg.com\/es\/manufacturer\/antimicrobial-membrane-switch\/","title":{"rendered":"Interruptor de membrana antimicrobiana"},"content":{"rendered":"<h2><strong><b>Interruptores de membrana antimicrobianos: combatiendo los g\u00e9rmenes y mejorando la seguridad del usuario<\/b><\/strong><\/h2>\n<p><strong>Protecci\u00f3n contra microorganismos da\u00f1inos<\/strong><\/p>\n<p>Los interruptores de membrana antimicrobianos est\u00e1n infundidos con agentes antimicrobianos, como iones de plata o aditivos de cobre, que inhiben activamente el crecimiento de bacterias, hongos y virus. Esta protecci\u00f3n activa ayuda a prevenir la contaminaci\u00f3n cruzada y la propagaci\u00f3n de infecciones, particularmente en entornos de cuidados cr\u00edticos.<\/p>\n<ul>\n<li><strong>Reducir el riesgo de infecciones asociadas a la atenci\u00f3n m\u00e9dica (IAAS)<\/strong><\/li>\n<li><strong>Proteger contra la propagaci\u00f3n de pat\u00f3genos en espacios p\u00fablicos<\/strong><\/li>\n<li><strong>Mantener un ambiente higi\u00e9nico en entornos industriales<\/strong><\/li>\n<\/ul>\n<p><strong>Seguridad mejorada y bienestar del usuario<\/strong><\/p>\n<p>Al incorporar protecci\u00f3n antimicrobiana, los interruptores de membrana contribuyen a un entorno m\u00e1s seguro y saludable para los usuarios. Esto es particularmente importante en \u00e1reas donde el contacto frecuente con las superficies es com\u00fan, como hospitales, laboratorios y \u00e1reas de preparaci\u00f3n de alimentos.<\/p>\n<ul>\n<li><strong>Promover la higiene de manos y la prevenci\u00f3n de infecciones<\/strong><\/li>\n<li><strong>Proteger a las poblaciones vulnerables de las infecciones<\/strong><\/li>\n<li><strong>Crear una sensaci\u00f3n de seguridad y confianza para los usuarios<\/strong><\/li>\n<\/ul>\n<p><strong>Dise\u00f1o duradero y funcional<\/strong><\/p>\n<p>Los interruptores de membrana antimicrobianos no solo son eficaces contra los g\u00e9rmenes, sino que tambi\u00e9n mantienen la durabilidad y la funcionalidad que se esperan de los interruptores de membrana est\u00e1ndar. Est\u00e1n dise\u00f1ados para resistir el uso frecuente, los agentes de limpieza agresivos y los entornos exigentes.<\/p>\n<ul>\n<li><strong>Retroalimentaci\u00f3n t\u00e1ctil n\u00edtida y receptiva<\/strong><\/li>\n<li><strong>Resistente a ara\u00f1azos, productos qu\u00edmicos y rayos UV<\/strong><\/li>\n<li><strong>Rendimiento duradero en \u00e1reas de mucho tr\u00e1fico<\/strong><\/li>\n<\/ul>\n<p><strong>Aplicaciones<\/strong><\/p>\n<p>Los interruptores de membrana antimicrobianos se utilizan ampliamente en una amplia gama de aplicaciones donde la higiene y el control de infecciones son cr\u00edticos, incluyendo:<\/p>\n<ul>\n<li><strong>Entornos sanitarios:<\/strong>Hospitales, cl\u00ednicas, laboratorios<\/li>\n<li><strong>Espacios p\u00fablicos:<\/strong>Aeropuertos, centros de transporte, escuelas<\/li>\n<li><strong>Entornos industriales:<\/strong>Procesamiento de alimentos, fabricaci\u00f3n, salas blancas<\/li>\n<li><strong>Entornos comerciales:<\/strong>Tiendas minoristas, restaurantes, hoteles<\/li>\n<\/ul>\n<p><strong>As\u00f3ciese con un fabricante experimentado de interruptores de membrana antimicrobianos<\/strong><\/p>\n<p>Con a\u00f1os de experiencia en tecnolog\u00eda antimicrobiana y fabricaci\u00f3n de interruptores de membrana, somos su fuente confiable de interruptores de membrana antimicrobianos de alta calidad. Nuestro equipo de expertos trabajar\u00e1 en estrecha colaboraci\u00f3n con usted para comprender sus necesidades espec\u00edficas y ofrecer soluciones personalizadas que mejoren la seguridad y el bienestar del usuario.<\/p>\n<p><strong>P\u00f3ngase en contacto con nosotros<\/strong>\u00a0para obtener m\u00e1s informaci\u00f3n sobre nuestras soluciones de interruptores de membrana antimicrobianos y c\u00f3mo podemos ayudarlo a crear un entorno m\u00e1s limpio, seguro y saludable para sus usuarios.<\/p>","protected":false},"excerpt":{"rendered":"<p>En entornos sanitarios, espacios p\u00fablicos y entornos industriales, mantener un ambiente limpio e higi\u00e9nico es primordial. Los interruptores de membrana antimicrobianos desempe\u00f1an un papel crucial en este esfuerzo al incorporar propiedades antimicrobianas en su dise\u00f1o, combatiendo eficazmente el crecimiento de microorganismos da\u00f1inos.<\/p>","protected":false},"featured_media":1766,"template":"","meta":[],"product_brand":[],"product_cat":[40],"product_tag":[],"class_list":{"0":"post-1790","1":"product","2":"type-product","3":"status-publish","4":"has-post-thumbnail","6":"product_cat-membrane-switch","8":"first","9":"instock","10":"shipping-taxable","11":"product-type-simple"},"_links":{"self":[{"href":"https:\/\/membraneswitchmfg.com\/es\/wp-json\/wp\/v2\/product\/1790","targetHints":{"allow":["GET"]}}],"collection":[{"href":"https:\/\/membraneswitchmfg.com\/es\/wp-json\/wp\/v2\/product"}],"about":[{"href":"https:\/\/membraneswitchmfg.com\/es\/wp-json\/wp\/v2\/types\/product"}],"wp:featuredmedia":[{"embeddable":true,"href":"https:\/\/membraneswitchmfg.com\/es\/wp-json\/wp\/v2\/media\/1766"}],"wp:attachment":[{"href":"https:\/\/membraneswitchmfg.com\/es\/wp-json\/wp\/v2\/media?parent=1790"}],"wp:term":[{"taxonomy":"product_brand","embeddable":true,"href":"https:\/\/membraneswitchmfg.com\/es\/wp-json\/wp\/v2\/product_brand?post=1790"},{"taxonomy":"product_cat","embeddable":true,"href":"https:\/\/membraneswitchmfg.com\/es\/wp-json\/wp\/v2\/product_cat?post=1790"},{"taxonomy":"product_tag","embeddable":true,"href":"https:\/\/membraneswitchmfg.com\/es\/wp-json\/wp\/v2\/product_tag?post=1790"}],"curies":[{"name":"wp","href":"https:\/\/api.w.org\/{rel}","templated":true}]}}