{"id":1791,"date":"2024-06-24T05:57:58","date_gmt":"2024-06-24T05:57:58","guid":{"rendered":"https:\/\/membraneswitchmfg.com\/manufacturer\/anti-glare-membrane-switch\/"},"modified":"2024-06-25T13:10:23","modified_gmt":"2024-06-25T13:10:23","slug":"anti-glare-membrane-switch","status":"publish","type":"product","link":"https:\/\/membraneswitchmfg.com\/es\/manufacturer\/anti-glare-membrane-switch\/","title":{"rendered":"Interruptor de membrana antideslumbrante"},"content":{"rendered":"<h2><strong><b>Interruptores de membrana antirreflejo: mejora de la visibilidad y la experiencia del usuario en entornos brillantes<\/b><\/strong><\/h2>\n<p><strong>Combate del deslumbramiento y los reflejos<\/strong><\/p>\n<p>Los interruptores de membrana antirreflejo cuentan con una textura o revestimiento de superficie \u00fanicos que difunden la luz, reduciendo la intensidad de los reflejos y minimizando el deslumbramiento. Esto permite a los usuarios leer f\u00e1cilmente leyendas e iconos, incluso en condiciones de mucha luz.<\/p>\n<ul>\n<li><strong>Visibilidad mejorada a la luz solar directa o con iluminaci\u00f3n brillante<\/strong><\/li>\n<li><strong>Reducci\u00f3n de la fatiga visual<\/strong><\/li>\n<li><strong>Mayor comodidad y productividad del usuario<\/strong><\/li>\n<\/ul>\n<p><strong>Adecuado para diversos entornos<\/strong><\/p>\n<p>Los interruptores de membrana antirreflejo son especialmente adecuados para aplicaciones en las que el deslumbramiento es una preocupaci\u00f3n com\u00fan, como:<\/p>\n<ul>\n<li><strong>Cuadros de control industrial<\/strong><\/li>\n<li><strong>Equipo m\u00e9dico<\/strong><\/li>\n<li><strong>Quioscos y se\u00f1alizaci\u00f3n al aire libre<\/strong><\/li>\n<li><strong>Entornos minoristas y comerciales<\/strong><\/li>\n<li><strong>Consolas de transporte<\/strong><\/li>\n<\/ul>\n<p><strong>Dise\u00f1o duradero y funcional<\/strong><\/p>\n<p>A pesar de sus propiedades antirreflejo, los interruptores de membrana antirreflejo mantienen la durabilidad y la funcionalidad que se esperan de los interruptores de membrana est\u00e1ndar. Son resistentes a los ara\u00f1azos, los productos qu\u00edmicos y los rayos UV, lo que garantiza un rendimiento duradero.<\/p>\n<ul>\n<li><strong>Retroalimentaci\u00f3n t\u00e1ctil n\u00edtida y receptiva<\/strong><\/li>\n<li><strong>Resistente a ara\u00f1azos, productos qu\u00edmicos y rayos UV<\/strong><\/li>\n<li><strong>Rendimiento duradero en entornos exigentes<\/strong><\/li>\n<\/ul>\n<p><strong>Aplicaciones<\/strong><\/p>\n<p>Los interruptores de membrana antirreflejo se utilizan ampliamente en una amplia gama de aplicaciones donde la visibilidad clara y la experiencia del usuario son cruciales, incluyendo:<\/p>\n<ul>\n<li><strong>Paneles de control industrial:<\/strong>F\u00e1bricas, almacenes, centrales el\u00e9ctricas<\/li>\n<li><strong>Medical equipment:<\/strong>Monitores de pacientes, consolas quir\u00fargicas, dispositivos de diagn\u00f3stico<\/li>\n<li><strong>Quioscos y se\u00f1alizaci\u00f3n al aire libre:<\/strong>Cajeros autom\u00e1ticos, quioscos de informaci\u00f3n, se\u00f1alizaci\u00f3n digital<\/li>\n<li><strong>Entornos minoristas y comerciales:<\/strong>Terminales de punto de venta, cajas registradoras, m\u00e1quinas expendedoras<\/li>\n<li><strong>Consolas de transporte:<\/strong>Cabinas de aviones, paneles de control de trenes, tableros de autobuses<\/li>\n<\/ul>\n<p><strong>As\u00f3ciese con un fabricante experimentado de interruptores de membrana antirreflejo<\/strong><\/p>\n<p>Con a\u00f1os de experiencia en tecnolog\u00eda antirreflejo y fabricaci\u00f3n de interruptores de membrana, somos su fuente confiable de interruptores de membrana antirreflejo de alta calidad. Nuestro equipo de expertos trabajar\u00e1 en estrecha colaboraci\u00f3n con usted para comprender sus necesidades espec\u00edficas y ofrecer soluciones personalizadas que mejoren la visibilidad y la experiencia del usuario.<\/p>\n<p><strong>P\u00f3ngase en contacto con nosotros<\/strong>\u00a0para obtener m\u00e1s informaci\u00f3n sobre nuestras soluciones de interruptores de membrana antirreflejo y c\u00f3mo podemos ayudarlo a crear interfaces claras y f\u00e1ciles de usar para sus productos.<\/p>","protected":false},"excerpt":{"rendered":"<p>En entornos con iluminaci\u00f3n brillante o luz solar directa, los interruptores de membrana convencionales pueden sufrir deslumbramiento y reducci\u00f3n de la visibilidad, lo que dificulta a los usuarios operarlos de manera eficaz. Los interruptores de membrana antideslumbrantes abordan este desaf\u00edo incorporando materiales especializados y tratamientos de superficie que minimizan el deslumbramiento y los reflejos, garantizando una visibilidad clara y una experiencia de usuario \u00f3ptima.<\/p>","protected":false},"featured_media":1767,"template":"","meta":[],"product_brand":[],"product_cat":[40],"product_tag":[],"class_list":{"0":"post-1791","1":"product","2":"type-product","3":"status-publish","4":"has-post-thumbnail","6":"product_cat-membrane-switch","8":"first","9":"instock","10":"shipping-taxable","11":"product-type-simple"},"_links":{"self":[{"href":"https:\/\/membraneswitchmfg.com\/es\/wp-json\/wp\/v2\/product\/1791","targetHints":{"allow":["GET"]}}],"collection":[{"href":"https:\/\/membraneswitchmfg.com\/es\/wp-json\/wp\/v2\/product"}],"about":[{"href":"https:\/\/membraneswitchmfg.com\/es\/wp-json\/wp\/v2\/types\/product"}],"wp:featuredmedia":[{"embeddable":true,"href":"https:\/\/membraneswitchmfg.com\/es\/wp-json\/wp\/v2\/media\/1767"}],"wp:attachment":[{"href":"https:\/\/membraneswitchmfg.com\/es\/wp-json\/wp\/v2\/media?parent=1791"}],"wp:term":[{"taxonomy":"product_brand","embeddable":true,"href":"https:\/\/membraneswitchmfg.com\/es\/wp-json\/wp\/v2\/product_brand?post=1791"},{"taxonomy":"product_cat","embeddable":true,"href":"https:\/\/membraneswitchmfg.com\/es\/wp-json\/wp\/v2\/product_cat?post=1791"},{"taxonomy":"product_tag","embeddable":true,"href":"https:\/\/membraneswitchmfg.com\/es\/wp-json\/wp\/v2\/product_tag?post=1791"}],"curies":[{"name":"wp","href":"https:\/\/api.w.org\/{rel}","templated":true}]}}