{"id":1792,"date":"2024-06-24T05:57:58","date_gmt":"2024-06-24T05:57:58","guid":{"rendered":"https:\/\/membraneswitchmfg.com\/manufacturer\/anti-ultraviolet-membrane-switch\/"},"modified":"2024-06-25T13:20:26","modified_gmt":"2024-06-25T13:20:26","slug":"anti-ultraviolet-membrane-switch","status":"publish","type":"product","link":"https:\/\/membraneswitchmfg.com\/es\/manufacturer\/anti-ultraviolet-membrane-switch\/","title":{"rendered":"Interruptor de membrana anti-Ultravioleta"},"content":{"rendered":"<h2><strong><b>Interruptores de membrana anti-ultravioleta: rendimiento duradero en condiciones adversas<\/b><\/strong><\/h2>\n<p><strong>Protecci\u00f3n contra la radiaci\u00f3n UV<\/strong><\/p>\n<p>Los interruptores de membrana anti-ultravioleta incorporan materiales y revestimientos resistentes a los rayos UV que absorben y bloquean eficazmente los rayos UV, evitando que da\u00f1en los componentes y los gr\u00e1ficos del interruptor. Esta protecci\u00f3n garantiza que los interruptores conserven su funcionalidad, apariencia y vida \u00fatil.<\/p>\n<ul>\n<li><strong>Evitar la decoloraci\u00f3n y la decoloraci\u00f3n de leyendas y gr\u00e1ficos<\/strong><\/li>\n<li><strong>Mantener la funcionalidad del interruptor y la respuesta t\u00e1ctil<\/strong><\/li>\n<li><strong>Extender la vida \u00fatil de los interruptores de membrana en aplicaciones al aire libre<\/strong><\/li>\n<\/ul>\n<p><strong>Duradero y adecuado para uso en exteriores<\/strong><\/p>\n<p>Los interruptores de membrana anti-ultravioleta no solo son resistentes a los rayos UV, sino que tambi\u00e9n est\u00e1n dise\u00f1ados para soportar condiciones clim\u00e1ticas adversas, incluidas temperaturas extremas, humedad y polvo. Son adecuados para aplicaciones en exteriores donde la durabilidad y la fiabilidad son primordiales.<\/p>\n<ul>\n<li><strong>Resistente a ara\u00f1azos, productos qu\u00edmicos y rayos UV<\/strong><\/li>\n<li><strong>Rangos de temperatura de funcionamiento de -40 \u00b0C a 85 \u00b0C<\/strong><\/li>\n<li><strong>Adecuado para quioscos al aire libre, paneles de control industrial y se\u00f1alizaci\u00f3n<\/strong><\/li>\n<\/ul>\n<p><strong>Aplicaciones<\/strong><\/p>\n<p>Los interruptores de membrana anti-ultravioleta se utilizan ampliamente en una amplia gama de aplicaciones al aire libre, que incluyen:<\/p>\n<ul>\n<li><strong>Quioscos al aire libre:<\/strong>Cajeros autom\u00e1ticos, quioscos de informaci\u00f3n, se\u00f1alizaci\u00f3n digital<\/li>\n<li><strong>Paneles de control industrial:<\/strong>Sem\u00e1foros, sistemas de riego, paneles solares<\/li>\n<li><strong>Se\u00f1alizaci\u00f3n de transporte:<\/strong>Se\u00f1ales de tr\u00e1fico, se\u00f1ales ferroviarias, se\u00f1alizaci\u00f3n de aeropuertos<\/li>\n<li><strong>Aplicaciones marinas:<\/strong>Controles de embarcaciones, paneles de navegaci\u00f3n, sistemas de comunicaci\u00f3n<\/li>\n<li><strong>Equipo agr\u00edcola:<\/strong>Tractores, cosechadoras, sistemas de riego<\/li>\n<\/ul>\n<p><strong>As\u00f3ciese con un fabricante experimentado de interruptores de membrana anti-ultravioleta<\/strong><\/p>\n<p>Con a\u00f1os de experiencia en materiales resistentes a los rayos UV y fabricaci\u00f3n de interruptores de membrana, somos su fuente confiable de interruptores de membrana anti-ultravioleta de alta calidad. Nuestro equipo de expertos trabajar\u00e1 en estrecha colaboraci\u00f3n con usted para comprender sus necesidades espec\u00edficas y ofrecer soluciones personalizadas que garanticen un rendimiento duradero en entornos exteriores hostiles.<\/p>\n<p><strong>P\u00f3ngase en contacto con nosotros<\/strong>\u00a0para obtener m\u00e1s informaci\u00f3n sobre nuestras soluciones de interruptores de membrana anti-ultravioleta y c\u00f3mo podemos ayudarlo a crear interfaces duraderas, confiables y visualmente atractivas para sus aplicaciones en exteriores.<\/p>","protected":false},"excerpt":{"rendered":"<p>En entornos exteriores y aplicaciones expuestas a la luz solar directa, los interruptores de membrana pueden sufrir degradaci\u00f3n y decoloraci\u00f3n debido a la radiaci\u00f3n ultravioleta (UV). Los interruptores de membrana anti-ultravioleta est\u00e1n dise\u00f1ados para resistir la exposici\u00f3n severa a los rayos UV, lo que garantiza un rendimiento duradero y mantiene su integridad visual incluso en condiciones extremas.<\/p>","protected":false},"featured_media":1768,"template":"","meta":[],"product_brand":[],"product_cat":[40],"product_tag":[],"class_list":{"0":"post-1792","1":"product","2":"type-product","3":"status-publish","4":"has-post-thumbnail","6":"product_cat-membrane-switch","8":"first","9":"instock","10":"shipping-taxable","11":"product-type-simple"},"_links":{"self":[{"href":"https:\/\/membraneswitchmfg.com\/es\/wp-json\/wp\/v2\/product\/1792","targetHints":{"allow":["GET"]}}],"collection":[{"href":"https:\/\/membraneswitchmfg.com\/es\/wp-json\/wp\/v2\/product"}],"about":[{"href":"https:\/\/membraneswitchmfg.com\/es\/wp-json\/wp\/v2\/types\/product"}],"wp:featuredmedia":[{"embeddable":true,"href":"https:\/\/membraneswitchmfg.com\/es\/wp-json\/wp\/v2\/media\/1768"}],"wp:attachment":[{"href":"https:\/\/membraneswitchmfg.com\/es\/wp-json\/wp\/v2\/media?parent=1792"}],"wp:term":[{"taxonomy":"product_brand","embeddable":true,"href":"https:\/\/membraneswitchmfg.com\/es\/wp-json\/wp\/v2\/product_brand?post=1792"},{"taxonomy":"product_cat","embeddable":true,"href":"https:\/\/membraneswitchmfg.com\/es\/wp-json\/wp\/v2\/product_cat?post=1792"},{"taxonomy":"product_tag","embeddable":true,"href":"https:\/\/membraneswitchmfg.com\/es\/wp-json\/wp\/v2\/product_tag?post=1792"}],"curies":[{"name":"wp","href":"https:\/\/api.w.org\/{rel}","templated":true}]}}