{"id":1793,"date":"2024-06-24T05:57:58","date_gmt":"2024-06-24T05:57:58","guid":{"rendered":"https:\/\/membraneswitchmfg.com\/manufacturer\/ip68-waterproof-membrane-switch\/"},"modified":"2024-06-25T12:29:03","modified_gmt":"2024-06-25T12:29:03","slug":"ip68-waterproof-membrane-switch","status":"publish","type":"product","link":"https:\/\/membraneswitchmfg.com\/es\/manufacturer\/ip68-waterproof-membrane-switch\/","title":{"rendered":"Interruptor de membrana estanco IP68"},"content":{"rendered":"<h2><strong><b>Interruptores de membrana impermeables IP68: garantizan un funcionamiento fiable en entornos dif\u00edciles<\/b><\/strong><\/h2>\n<p><strong>Protecci\u00f3n impermeable sin igual<\/strong><\/p>\n<p>Los interruptores de membrana impermeables IP68 est\u00e1n meticulosamente sellados y construidos para evitar la entrada de agua, polvo u otros contaminantes. Este nivel de protecci\u00f3n excepcional los hace ideales para su uso en entornos exigentes, como:<\/p>\n<ul>\n<li><strong>Aplicaciones al aire libre:<\/strong>Quioscos, se\u00f1alizaci\u00f3n, paneles de control industrial<\/li>\n<li><strong>Entornos marinos:<\/strong>Controles de embarcaciones, sistemas de navegaci\u00f3n, equipos de comunicaci\u00f3n<\/li>\n<li><strong>Industrias de procesamiento de alimentos y bebidas:<\/strong>\u00c1reas de lavado, controles de maquinaria, equipos de embalaje<\/li>\n<li><strong>Entornos m\u00e9dicos y de laboratorio:<\/strong>Entornos est\u00e9riles, equipos quir\u00fargicos, dispositivos de diagn\u00f3stico<\/li>\n<\/ul>\n<p><strong>Durabilidad y fiabilidad<\/strong><\/p>\n<p>M\u00e1s all\u00e1 de sus capacidades impermeables, los interruptores de membrana impermeables IP68 tambi\u00e9n est\u00e1n dise\u00f1ados para una durabilidad excepcional, resistiendo duras condiciones de funcionamiento, uso frecuente y agentes de limpieza agresivos. Esto garantiza un rendimiento duradero y un bajo coste total de propiedad.<\/p>\n<ul>\n<li><strong>Resistente a ara\u00f1azos, productos qu\u00edmicos y rayos UV<\/strong><\/li>\n<li><strong>Amplio rango de temperatura de funcionamiento<\/strong><\/li>\n<li><strong>Larga vida \u00fatil incluso en entornos exigentes<\/strong><\/li>\n<\/ul>\n<p><strong>Soluciones a medida<\/strong><\/p>\n<p>Ofrecemos una amplia gama de opciones de personalizaci\u00f3n para interruptores de membrana impermeables IP68, que incluyen:<\/p>\n<ul>\n<li><strong>Variedad de tama\u00f1os y estilos de interruptores<\/strong><\/li>\n<li><strong>Gr\u00e1ficos y leyendas personalizados<\/strong><\/li>\n<li><strong>Opciones de retroiluminaci\u00f3n e iluminaci\u00f3n<\/strong><\/li>\n<li><strong>Integraci\u00f3n de componentes adicionales<\/strong><\/li>\n<\/ul>\n<p><strong>As\u00f3ciese con un fabricante experimentado de interruptores de membrana impermeables IP68<\/strong><\/p>\n<p>Con a\u00f1os de experiencia en tecnolog\u00eda de interruptores de membrana impermeables y un compromiso con la calidad, somos su fuente confiable de interruptores de membrana impermeables IP68 personalizados. Nuestro equipo de expertos trabajar\u00e1 en estrecha colaboraci\u00f3n con usted para comprender sus necesidades espec\u00edficas y ofrecer soluciones que garanticen un funcionamiento fiable y un rendimiento duradero incluso en los entornos m\u00e1s dif\u00edciles.<\/p>\n<p><strong>P\u00f3ngase en contacto con nosotros<\/strong>\u00a0para obtener m\u00e1s informaci\u00f3n sobre nuestras soluciones de interruptores de membrana impermeables IP68 y c\u00f3mo podemos ayudarlo a proteger su equipo cr\u00edtico y garantizar un funcionamiento perfecto en cualquier entorno.<\/p>","protected":false},"excerpt":{"rendered":"<p>En aplicaciones donde la exposici\u00f3n al agua, el polvo y otras condiciones adversas es una preocupaci\u00f3n, los interruptores de membrana impermeables IP68 brindan la m\u00e1xima protecci\u00f3n. Estos interruptores robustos est\u00e1n dise\u00f1ados para cumplir con los estrictos requisitos del est\u00e1ndar de protecci\u00f3n de ingreso IP68, lo que garantiza un funcionamiento confiable incluso cuando est\u00e1n sumergidos en agua o sujetos a la entrada extrema de polvo y suciedad.<\/p>","protected":false},"featured_media":1769,"template":"","meta":[],"product_brand":[],"product_cat":[40],"product_tag":[],"class_list":{"0":"post-1793","1":"product","2":"type-product","3":"status-publish","4":"has-post-thumbnail","6":"product_cat-membrane-switch","8":"first","9":"instock","10":"shipping-taxable","11":"product-type-simple"},"_links":{"self":[{"href":"https:\/\/membraneswitchmfg.com\/es\/wp-json\/wp\/v2\/product\/1793","targetHints":{"allow":["GET"]}}],"collection":[{"href":"https:\/\/membraneswitchmfg.com\/es\/wp-json\/wp\/v2\/product"}],"about":[{"href":"https:\/\/membraneswitchmfg.com\/es\/wp-json\/wp\/v2\/types\/product"}],"wp:featuredmedia":[{"embeddable":true,"href":"https:\/\/membraneswitchmfg.com\/es\/wp-json\/wp\/v2\/media\/1769"}],"wp:attachment":[{"href":"https:\/\/membraneswitchmfg.com\/es\/wp-json\/wp\/v2\/media?parent=1793"}],"wp:term":[{"taxonomy":"product_brand","embeddable":true,"href":"https:\/\/membraneswitchmfg.com\/es\/wp-json\/wp\/v2\/product_brand?post=1793"},{"taxonomy":"product_cat","embeddable":true,"href":"https:\/\/membraneswitchmfg.com\/es\/wp-json\/wp\/v2\/product_cat?post=1793"},{"taxonomy":"product_tag","embeddable":true,"href":"https:\/\/membraneswitchmfg.com\/es\/wp-json\/wp\/v2\/product_tag?post=1793"}],"curies":[{"name":"wp","href":"https:\/\/api.w.org\/{rel}","templated":true}]}}