{"id":1794,"date":"2024-06-24T05:57:58","date_gmt":"2024-06-24T05:57:58","guid":{"rendered":"https:\/\/membraneswitchmfg.com\/manufacturer\/ip65-waterproof-membrane-switch\/"},"modified":"2024-06-25T13:14:18","modified_gmt":"2024-06-25T13:14:18","slug":"ip65-waterproof-membrane-switch","status":"publish","type":"product","link":"https:\/\/membraneswitchmfg.com\/es\/manufacturer\/ip65-waterproof-membrane-switch\/","title":{"rendered":"Interruptor de membrana estanco IP65"},"content":{"rendered":"<h2><strong><b>Interruptores de membrana impermeables IP65: protecci\u00f3n asequible para aplicaciones cotidianas<\/b><\/strong><\/h2>\n<p><strong>Protecci\u00f3n eficaz a un precio asequible<\/strong><\/p>\n<p>Los interruptores de membrana impermeables IP65 ofrecen un equilibrio entre protecci\u00f3n y asequibilidad, lo que los convierte en una opci\u00f3n ideal para aplicaciones en las que la exposici\u00f3n ocasional al agua o al polvo es una preocupaci\u00f3n. Su eficacia contra las salpicaduras y el polvo cotidianos los hace adecuados para:<\/p>\n<ul>\n<li><strong>Cuadros de control industrial<\/strong><\/li>\n<li><strong>Productos sanitarios<\/strong><\/li>\n<li><strong>Electr\u00f3nica de consumo<\/strong><\/li>\n<li><strong>Electrodom\u00e9sticos<\/strong><\/li>\n<li><strong>Maquinaria y equipos<\/strong><\/li>\n<\/ul>\n<p><strong>Duradero y fiable<\/strong><\/p>\n<p>A pesar de su naturaleza rentable, los interruptores de membrana impermeables IP65 mantienen la durabilidad y la fiabilidad que se esperan de los interruptores de membrana est\u00e1ndar. Son resistentes a los ara\u00f1azos, los productos qu\u00edmicos y los rayos UV, lo que garantiza un rendimiento duradero.<\/p>\n<ul>\n<li><strong>Retroalimentaci\u00f3n t\u00e1ctil n\u00edtida y receptiva<\/strong><\/li>\n<li><strong>Resistente a ara\u00f1azos, productos qu\u00edmicos y rayos UV<\/strong><\/li>\n<li><strong>Adecuado para aplicaciones en interiores y exteriores<\/strong><\/li>\n<\/ul>\n<p><strong>Opciones personalizables<\/strong><\/p>\n<p>Ofrecemos una variedad de opciones de personalizaci\u00f3n para los interruptores de membrana impermeables IP65, que incluyen:<\/p>\n<ul>\n<li><strong>Variedad de tama\u00f1os y estilos de interruptores<\/strong><\/li>\n<li><strong>Gr\u00e1ficos y leyendas personalizados<\/strong><\/li>\n<li><strong>Opciones de retroiluminaci\u00f3n e iluminaci\u00f3n<\/strong><\/li>\n<li><strong>Integraci\u00f3n de componentes adicionales<\/strong><\/li>\n<\/ul>\n<p><strong>As\u00f3ciese con un fabricante experimentado de interruptores de membrana impermeables IP65<\/strong><\/p>\n<p>Con a\u00f1os de experiencia en tecnolog\u00eda de interruptores de membrana impermeables y un compromiso con la calidad y la asequibilidad, somos su fuente confiable de interruptores de membrana impermeables IP65 personalizados. Nuestro equipo de expertos trabajar\u00e1 en estrecha colaboraci\u00f3n con usted para comprender sus necesidades espec\u00edficas y ofrecer soluciones que brinden protecci\u00f3n eficaz y un rendimiento duradero a un precio competitivo.<\/p>\n<p><strong>P\u00f3ngase en contacto con nosotros<\/strong>\u00a0para obtener m\u00e1s informaci\u00f3n sobre nuestras soluciones de interruptores de membrana impermeables IP65 y c\u00f3mo podemos ayudarlo a proteger sus dispositivos electr\u00f3nicos y garantizar un funcionamiento perfecto en entornos cotidianos.<\/p>","protected":false},"excerpt":{"rendered":"<p>Los interruptores de membrana impermeables IP65 ofrecen una soluci\u00f3n rentable para proteger los componentes electr\u00f3nicos sensibles de la entrada de agua y polvo. Estos interruptores vers\u00e1tiles cumplen con el est\u00e1ndar de protecci\u00f3n de entrada IP65, protegiendo contra chorros de agua a baja presi\u00f3n y la penetraci\u00f3n de polvo, lo que los hace adecuados para una amplia gama de aplicaciones.<\/p>","protected":false},"featured_media":1770,"template":"","meta":[],"product_brand":[],"product_cat":[40],"product_tag":[],"class_list":{"0":"post-1794","1":"product","2":"type-product","3":"status-publish","4":"has-post-thumbnail","6":"product_cat-membrane-switch","8":"first","9":"instock","10":"shipping-taxable","11":"product-type-simple"},"_links":{"self":[{"href":"https:\/\/membraneswitchmfg.com\/es\/wp-json\/wp\/v2\/product\/1794","targetHints":{"allow":["GET"]}}],"collection":[{"href":"https:\/\/membraneswitchmfg.com\/es\/wp-json\/wp\/v2\/product"}],"about":[{"href":"https:\/\/membraneswitchmfg.com\/es\/wp-json\/wp\/v2\/types\/product"}],"wp:featuredmedia":[{"embeddable":true,"href":"https:\/\/membraneswitchmfg.com\/es\/wp-json\/wp\/v2\/media\/1770"}],"wp:attachment":[{"href":"https:\/\/membraneswitchmfg.com\/es\/wp-json\/wp\/v2\/media?parent=1794"}],"wp:term":[{"taxonomy":"product_brand","embeddable":true,"href":"https:\/\/membraneswitchmfg.com\/es\/wp-json\/wp\/v2\/product_brand?post=1794"},{"taxonomy":"product_cat","embeddable":true,"href":"https:\/\/membraneswitchmfg.com\/es\/wp-json\/wp\/v2\/product_cat?post=1794"},{"taxonomy":"product_tag","embeddable":true,"href":"https:\/\/membraneswitchmfg.com\/es\/wp-json\/wp\/v2\/product_tag?post=1794"}],"curies":[{"name":"wp","href":"https:\/\/api.w.org\/{rel}","templated":true}]}}