{"id":1795,"date":"2024-06-24T05:57:58","date_gmt":"2024-06-24T05:57:58","guid":{"rendered":"https:\/\/membraneswitchmfg.com\/manufacturer\/membrane-keypads-and-keyboards\/"},"modified":"2024-06-25T12:34:01","modified_gmt":"2024-06-25T12:34:01","slug":"membrane-keypads-and-keyboards","status":"publish","type":"product","link":"https:\/\/membraneswitchmfg.com\/es\/manufacturer\/membrane-keypads-and-keyboards\/","title":{"rendered":"Teclados de membrana"},"content":{"rendered":"<h2><strong><b>Teclados y teclados de membrana: soluciones de entrada fiables y rentables<\/b><\/strong><\/h2>\n<p><strong>Duradero y rentable<\/strong><\/p>\n<p>Los teclados y teclados de membrana son famosos por su durabilidad y asequibilidad. La construcci\u00f3n simple y la falta de piezas m\u00f3viles los hacen menos susceptibles al desgaste, lo que prolonga su vida \u00fatil. Adem\u00e1s, el proceso de fabricaci\u00f3n es relativamente econ\u00f3mico, lo que resulta en costos m\u00e1s bajos en comparaci\u00f3n con otros dispositivos de entrada.<\/p>\n<ul>\n<li><strong>Larga vida \u00fatil con un mantenimiento m\u00ednimo<\/strong><\/li>\n<li><strong>Soluci\u00f3n rentable para aplicaciones de gran volumen<\/strong><\/li>\n<li><strong>Adecuado para entornos hostiles y uso frecuente<\/strong><\/li>\n<\/ul>\n<p><strong>Aplicaciones vers\u00e1tiles<\/strong><\/p>\n<p>Los teclados y teclados de membrana son dispositivos de entrada vers\u00e1tiles, adecuados para una amplia gama de aplicaciones, que incluyen:<\/p>\n<ul>\n<li><strong>Cuadros de control industrial<\/strong><\/li>\n<li><strong>Productos sanitarios<\/strong><\/li>\n<li><strong>Electr\u00f3nica de consumo<\/strong><\/li>\n<li><strong>Electrodom\u00e9sticos<\/strong><\/li>\n<li><strong>M\u00e1quinas expendedoras<\/strong><\/li>\n<li><strong>Cajeros autom\u00e1ticos (ATM)<\/strong><\/li>\n<\/ul>\n<p><strong>Opciones personalizables<\/strong><\/p>\n<p>Los teclados y teclados de membrana se pueden personalizar para cumplir con requisitos espec\u00edficos, que incluyen:<\/p>\n<ul>\n<li><strong>Variedad de dise\u00f1os y tama\u00f1os de teclas<\/strong><\/li>\n<li><strong>Gr\u00e1ficos y leyendas personalizados<\/strong><\/li>\n<li><strong>Opciones de retroiluminaci\u00f3n e iluminaci\u00f3n<\/strong><\/li>\n<li><strong>Integraci\u00f3n de componentes adicionales<\/strong><\/li>\n<\/ul>\n<p><strong>As\u00f3ciese con un fabricante experimentado de teclados y teclados de membrana<\/strong><\/p>\n<p>Con a\u00f1os de experiencia en tecnolog\u00eda de teclados y teclados de membrana, somos su fuente confiable de soluciones de entrada personalizadas y de alta calidad. Nuestro equipo de expertos trabajar\u00e1 en estrecha colaboraci\u00f3n con usted para comprender sus necesidades espec\u00edficas y ofrecer soluciones que brinden rendimiento confiable, rentabilidad y versatilidad.<\/p>\n<p><strong><a href=\"https:\/\/membraneswitchmfg.com\/es\/contact\/\">Cont\u00e1ctenos <\/a>hoy<\/strong>\u00a0para obtener m\u00e1s informaci\u00f3n sobre nuestras soluciones de teclados y teclados de membrana y c\u00f3mo podemos ayudarlo a crear dispositivos de entrada duraderos y f\u00e1ciles de usar para sus aplicaciones.<\/p>","protected":false},"excerpt":{"rendered":"<p>Los teclados y teclados de membrana ofrecen una soluci\u00f3n confiable y rentable para una amplia gama de aplicaciones de entrada. Estos dispositivos de entrada utilizan un dise\u00f1o \u00fanico que emplea membranas sensibles a la presi\u00f3n y trazas conductoras para registrar las pulsaciones de teclas, proporcionando una respuesta t\u00e1ctil y un rendimiento duradero.<\/p>","protected":false},"featured_media":1751,"template":"","meta":[],"product_brand":[],"product_cat":[40],"product_tag":[],"class_list":{"0":"post-1795","1":"product","2":"type-product","3":"status-publish","4":"has-post-thumbnail","6":"product_cat-membrane-switch","8":"first","9":"instock","10":"shipping-taxable","11":"product-type-simple"},"_links":{"self":[{"href":"https:\/\/membraneswitchmfg.com\/es\/wp-json\/wp\/v2\/product\/1795","targetHints":{"allow":["GET"]}}],"collection":[{"href":"https:\/\/membraneswitchmfg.com\/es\/wp-json\/wp\/v2\/product"}],"about":[{"href":"https:\/\/membraneswitchmfg.com\/es\/wp-json\/wp\/v2\/types\/product"}],"wp:featuredmedia":[{"embeddable":true,"href":"https:\/\/membraneswitchmfg.com\/es\/wp-json\/wp\/v2\/media\/1751"}],"wp:attachment":[{"href":"https:\/\/membraneswitchmfg.com\/es\/wp-json\/wp\/v2\/media?parent=1795"}],"wp:term":[{"taxonomy":"product_brand","embeddable":true,"href":"https:\/\/membraneswitchmfg.com\/es\/wp-json\/wp\/v2\/product_brand?post=1795"},{"taxonomy":"product_cat","embeddable":true,"href":"https:\/\/membraneswitchmfg.com\/es\/wp-json\/wp\/v2\/product_cat?post=1795"},{"taxonomy":"product_tag","embeddable":true,"href":"https:\/\/membraneswitchmfg.com\/es\/wp-json\/wp\/v2\/product_tag?post=1795"}],"curies":[{"name":"wp","href":"https:\/\/api.w.org\/{rel}","templated":true}]}}