{"id":2225,"date":"2024-07-22T14:19:03","date_gmt":"2024-07-22T14:19:03","guid":{"rendered":"https:\/\/membraneswitchmfg.com\/manufacturer\/silicone-keypad\/"},"modified":"2024-07-25T05:39:12","modified_gmt":"2024-07-25T05:39:12","slug":"silicone-keypad","status":"publish","type":"product","link":"https:\/\/membraneswitchmfg.com\/es\/manufacturer\/silicone-keypad\/","title":{"rendered":"Teclado de silicona"},"content":{"rendered":"<h3><strong>Teclado de silicona Caracter\u00edsticas principales:<\/strong><\/h3>\n<p>1.Durabilidad: Fabricados con caucho de silicona de alta calidad, nuestros teclados son resistentes a temperaturas extremas, humedad y desgaste, lo que garantiza una soluci\u00f3n duradera y robusta para cualquier entorno.<\/p>\n<p>La vida \u00fatil de nuestras teclas de teclado de silicona puede alcanzar:<\/p>\n<ul>\n<li>1000K veces<\/li>\n<li>2000K veces<\/li>\n<li>5000K veces <strong>(la vida \u00fatil m\u00e1s larga del sector)<\/strong><\/li>\n<\/ul>\n<p>2.Respuesta t\u00e1ctil: Dise\u00f1ados para la precisi\u00f3n, estos teclados proporcionan una excelente respuesta t\u00e1ctil, mejorando la experiencia del usuario al ofrecer un toque sensible y satisfactorio con cada pulsaci\u00f3n.<\/p>\n<p>3.Personalizaci\u00f3n: Disponibles en una gran variedad de formas, tama\u00f1os y colores, nuestros teclados de silicona pueden adaptarse a las necesidades espec\u00edficas de su proyecto. Tambi\u00e9n hay disponibles leyendas personalizadas, opciones de retroiluminaci\u00f3n y diferentes niveles de dureza.<\/p>\n<p>4.Versatilidad: Ideal para aplicaciones en electr\u00f3nica de consumo, dispositivos m\u00e9dicos, controles industriales, sistemas de automoci\u00f3n, etc. El material de silicona ofrece una excelente flexibilidad, por lo que es adecuado para dise\u00f1os y trazados complejos.<\/p>\n<p>5.F\u00e1cil integraci\u00f3n: Dise\u00f1ados para una integraci\u00f3n perfecta, nuestros teclados son compatibles con varios tipos de interfaces, incluidas las soluciones montadas en PCB y los conjuntos de interruptores de membrana.<\/p>\n<p>6.Control de punto negro con cero defectos: Utilizando avanzados procesos de fabricaci\u00f3n y estrictos sistemas de control de calidad, nuestros teclados de silicona logran cero defectos de apariencia, asegurando que cada producto alcance los m\u00e1s altos est\u00e1ndares de calidad de apariencia.<\/p>\n<p>&nbsp;<\/p>\n<h3><strong>Teclado de silicona Aplicaciones:<\/strong><\/h3>\n<p>1.Electr\u00f3nica de consumo: Perfecto para mandos a distancia, dispositivos de juego y gadgets de mano.<\/p>\n<p>2.Dispositivos m\u00e9dicos: Ideal para monitores de pacientes, equipos de diagn\u00f3stico y tecnolog\u00eda sanitaria port\u00e1til.<\/p>\n<p>3.Controles industriales: Suficientemente robustos para controles de maquinaria, paneles de instrumentaci\u00f3n y equipos de exterior.<\/p>\n<p>4.Sistemas de automoci\u00f3n: Fiable para controles de salpicadero, sistemas de infoentretenimiento y sistemas de entrada sin llave.<\/p>","protected":false},"excerpt":{"rendered":"<p>Experimente la m\u00e1xima satisfacci\u00f3n t\u00e1ctil y funcionalidad con nuestros teclados de silicona. Dise\u00f1ados para una amplia gama de aplicaciones, desde electr\u00f3nica de consumo hasta maquinaria industrial, estos teclados ofrecen un rendimiento, una fiabilidad y una personalizaci\u00f3n inigualables.Tanto si se utilizan en electr\u00f3nica de consumo, equipos m\u00e9dicos o control industrial, puede confiar en nuestros teclados de silicona para obtener un aspecto impecable y una experiencia de usuario superior.<\/p>","protected":false},"featured_media":1735,"template":"","meta":[],"product_brand":[],"product_cat":[39],"product_tag":[],"class_list":{"0":"post-2225","1":"product","2":"type-product","3":"status-publish","4":"has-post-thumbnail","6":"product_cat-silicone-rubber","8":"first","9":"instock","10":"shipping-taxable","11":"product-type-simple"},"_links":{"self":[{"href":"https:\/\/membraneswitchmfg.com\/es\/wp-json\/wp\/v2\/product\/2225","targetHints":{"allow":["GET"]}}],"collection":[{"href":"https:\/\/membraneswitchmfg.com\/es\/wp-json\/wp\/v2\/product"}],"about":[{"href":"https:\/\/membraneswitchmfg.com\/es\/wp-json\/wp\/v2\/types\/product"}],"wp:featuredmedia":[{"embeddable":true,"href":"https:\/\/membraneswitchmfg.com\/es\/wp-json\/wp\/v2\/media\/1735"}],"wp:attachment":[{"href":"https:\/\/membraneswitchmfg.com\/es\/wp-json\/wp\/v2\/media?parent=2225"}],"wp:term":[{"taxonomy":"product_brand","embeddable":true,"href":"https:\/\/membraneswitchmfg.com\/es\/wp-json\/wp\/v2\/product_brand?post=2225"},{"taxonomy":"product_cat","embeddable":true,"href":"https:\/\/membraneswitchmfg.com\/es\/wp-json\/wp\/v2\/product_cat?post=2225"},{"taxonomy":"product_tag","embeddable":true,"href":"https:\/\/membraneswitchmfg.com\/es\/wp-json\/wp\/v2\/product_tag?post=2225"}],"curies":[{"name":"wp","href":"https:\/\/api.w.org\/{rel}","templated":true}]}}