{"id":2226,"date":"2024-07-22T14:19:04","date_gmt":"2024-07-22T14:19:04","guid":{"rendered":"https:\/\/membraneswitchmfg.com\/manufacturer\/silicone-protectors\/"},"modified":"2024-07-25T08:30:07","modified_gmt":"2024-07-25T08:30:07","slug":"silicone-protectors","status":"publish","type":"product","link":"https:\/\/membraneswitchmfg.com\/es\/manufacturer\/silicone-protectors\/","title":{"rendered":"Protectores de silicona"},"content":{"rendered":"<h2><strong>Protectores de silicona Caracter\u00edsticas principales:<\/strong><\/h2>\n<p>1.Control preciso de la tolerancia del color: Utilizando espectrofot\u00f3metros de color de alta precisi\u00f3n, controlamos la tolerancia de color dentro de los est\u00e1ndares industriales de Delta 1, Delta 2 y Delta 3, garantizando la consistencia del color en cada lote de productos.<\/p>\n<p>2.Material de silicona de alta calidad: Fabricadas con material de silicona de primera calidad, nuestras fundas ofrecen una excelente durabilidad, flexibilidad y resistencia al envejecimiento, proporcionando una protecci\u00f3n duradera.<\/p>\n<p>3.Amplia gama de opciones de color: Ofrecemos una rica selecci\u00f3n de colores para satisfacer las distintas necesidades de los clientes. Ya se trate de colores vibrantes o neutros tenues, cada uno mantiene un tono y un efecto visual consistentes.<\/p>\n<p>4.Excelente Protecci\u00f3n: Dise\u00f1adas para un ajuste perfecto, nuestras fundas proporcionan una protecci\u00f3n integral, evitando eficazmente ara\u00f1azos, impactos y desgaste, alargando as\u00ed la vida \u00fatil de tus dispositivos.<\/p>\n<p>5.Comfortable Feel: La superficie de la funda de silicona es lisa, proporcionando un agarre c\u00f3modo. El dise\u00f1o antideslizante mejora la estabilidad de sujeci\u00f3n.<\/p>\n<h3><strong>Protectores de silicona Aplicaciones:<\/strong><\/h3>\n<p>1.Electr\u00f3nica de consumo: Ideal para smartphones, tabletas y otros dispositivos port\u00e1tiles, ofrece una protecci\u00f3n fiable y un aspecto elegante.<\/p>\n<p>2.Electrodom\u00e9sticos: Adecuado para mandos a distancia, dispositivos dom\u00e9sticos inteligentes y m\u00e1s, protegi\u00e9ndolos del desgaste diario.<\/p>\n<p>3.Dispositivos m\u00e9dicos: El material de silicona seguro y no t\u00f3xico es adecuado para proteger los dispositivos m\u00e9dicos, garantizando la limpieza y la seguridad.<\/p>\n<p>4.Aplicaciones industriales: Adecuado para diversos equipos industriales que requieren protecci\u00f3n, proporcionando blindaje fiable y durabilidad.<\/p>","protected":false},"excerpt":{"rendered":"<p>Nuestros protectores de silicona destacan no s\u00f3lo por su funci\u00f3n protectora, sino tambi\u00e9n por su consistencia de color, l\u00edder en el sector. Mediante la utilizaci\u00f3n de espectrofotometr\u00eda de color avanzada, garantizamos que la tolerancia de color de cada funda se controla dentro de los est\u00e1ndares del sector, proporcionando una uniformidad visual perfecta y un aspecto de alta calidad. Gracias a nuestra avanzada tecnolog\u00eda de fabricaci\u00f3n y a nuestros estrictos sistemas de control de calidad, ofrecemos fundas protectoras de colores uniformes, duraderas y funcionales. Tanto si necesita productos est\u00e1ndar como soluciones personalizadas, podemos satisfacer sus necesidades y ayudar a que sus dispositivos se mantengan en \u00f3ptimas condiciones.<\/p>","protected":false},"featured_media":2212,"template":"","meta":[],"product_brand":[],"product_cat":[39],"product_tag":[],"class_list":{"0":"post-2226","1":"product","2":"type-product","3":"status-publish","4":"has-post-thumbnail","6":"product_cat-silicone-rubber","8":"first","9":"instock","10":"shipping-taxable","11":"product-type-simple"},"_links":{"self":[{"href":"https:\/\/membraneswitchmfg.com\/es\/wp-json\/wp\/v2\/product\/2226","targetHints":{"allow":["GET"]}}],"collection":[{"href":"https:\/\/membraneswitchmfg.com\/es\/wp-json\/wp\/v2\/product"}],"about":[{"href":"https:\/\/membraneswitchmfg.com\/es\/wp-json\/wp\/v2\/types\/product"}],"wp:featuredmedia":[{"embeddable":true,"href":"https:\/\/membraneswitchmfg.com\/es\/wp-json\/wp\/v2\/media\/2212"}],"wp:attachment":[{"href":"https:\/\/membraneswitchmfg.com\/es\/wp-json\/wp\/v2\/media?parent=2226"}],"wp:term":[{"taxonomy":"product_brand","embeddable":true,"href":"https:\/\/membraneswitchmfg.com\/es\/wp-json\/wp\/v2\/product_brand?post=2226"},{"taxonomy":"product_cat","embeddable":true,"href":"https:\/\/membraneswitchmfg.com\/es\/wp-json\/wp\/v2\/product_cat?post=2226"},{"taxonomy":"product_tag","embeddable":true,"href":"https:\/\/membraneswitchmfg.com\/es\/wp-json\/wp\/v2\/product_tag?post=2226"}],"curies":[{"name":"wp","href":"https:\/\/api.w.org\/{rel}","templated":true}]}}