{"id":2227,"date":"2024-07-22T14:19:04","date_gmt":"2024-07-22T14:19:04","guid":{"rendered":"https:\/\/membraneswitchmfg.com\/manufacturer\/silicone-gasket\/"},"modified":"2024-07-25T06:04:54","modified_gmt":"2024-07-25T06:04:54","slug":"silicone-gasket","status":"publish","type":"product","link":"https:\/\/membraneswitchmfg.com\/es\/manufacturer\/silicone-gasket\/","title":{"rendered":"Junta de silicona"},"content":{"rendered":"<h2><strong>Caracter\u00edsticas principales:<\/strong><\/h2>\n<p>1.Resistencia a altas temperaturas: Nuestras juntas de silicona pueden soportar temperaturas extremas, que oscilan entre -60 \u00b0C y 230 \u00b0C, lo que las hace adecuadas tanto para entornos de alto calor como de congelaci\u00f3n.<\/p>\n<p>2.Excelente flexibilidad y elasticidad: La flexibilidad inherente de la silicona permite a nuestras juntas adaptarse a superficies irregulares, garantizando un sellado herm\u00e9tico y fiable incluso a alta presi\u00f3n.<\/p>\n<p>3.Resistencia qu\u00edmica superior: Resistentes a una amplia gama de productos qu\u00edmicos, aceites y disolventes, nuestras juntas de silicona mantienen su integridad y rendimiento en los entornos m\u00e1s exigentes.<\/p>\n<p>4.Durabilidad de larga duraci\u00f3n: Dise\u00f1adas para durar, estas juntas resisten el envejecimiento, la intemperie y la exposici\u00f3n a los rayos UV, lo que garantiza una vida \u00fatil prolongada con un mantenimiento m\u00ednimo.<\/p>\n<p>5.Opciones de grado FDA y m\u00e9dico: Disponibles en opciones de grado alimentario y de grado m\u00e9dico, nuestras juntas de silicona son seguras para su uso en el procesamiento de alimentos, productos farmac\u00e9uticos y aplicaciones sanitarias.<\/p>\n<h2><strong>Junta de silicona Aplicaciones:<\/strong><\/h2>\n<p>1.Automoci\u00f3n: Ideal para motores, transmisiones y sistemas de escape, proporcionando un sellado fiable en condiciones extremas.<\/p>\n<p>2.Equipos industriales: Adecuado para bombas, compresores y maquinaria, evitando fugas y asegurando un funcionamiento eficiente.<\/p>\n<p>3.Alimentaci\u00f3n y bebidas: Perfecto para el sellado en equipos de procesamiento de alimentos, garantizando las normas de higiene y seguridad.<\/p>\n<p>4.Dispositivos m\u00e9dicos: Seguro para su uso en dispositivos y equipos m\u00e9dicos, proporcionando un sellado fiable en aplicaciones cr\u00edticas.<\/p>\n<p>5.Electr\u00f3nica: Eficaz para el sellado en cajas electr\u00f3nicas, protegiendo los componentes sensibles de la humedad y el polvo.<\/p>","protected":false},"excerpt":{"rendered":"<p>Descubra la soluci\u00f3n de sellado definitiva con nuestras juntas de silicona de primera calidad. Dise\u00f1adas para ofrecer un rendimiento excepcional, estas juntas est\u00e1n concebidas para satisfacer las rigurosas exigencias de diversos sectores, garantizando un sellado perfecto en todo momento. Nuestro compromiso con la calidad y la innovaci\u00f3n garantiza que nuestras juntas de silicona cumplen las normas m\u00e1s exigentes del sector. Ofrecemos una amplia gama de tama\u00f1os, formas y opciones personalizadas para satisfacer sus necesidades espec\u00edficas. Gracias a nuestro equipo de expertos y a nuestros avanzados procesos de fabricaci\u00f3n, proporcionamos juntas que ofrecen un rendimiento y una fiabilidad constantes.<\/p>","protected":false},"featured_media":2216,"template":"","meta":[],"product_brand":[],"product_cat":[39],"product_tag":[],"class_list":{"0":"post-2227","1":"product","2":"type-product","3":"status-publish","4":"has-post-thumbnail","6":"product_cat-silicone-rubber","8":"first","9":"instock","10":"shipping-taxable","11":"product-type-simple"},"_links":{"self":[{"href":"https:\/\/membraneswitchmfg.com\/es\/wp-json\/wp\/v2\/product\/2227","targetHints":{"allow":["GET"]}}],"collection":[{"href":"https:\/\/membraneswitchmfg.com\/es\/wp-json\/wp\/v2\/product"}],"about":[{"href":"https:\/\/membraneswitchmfg.com\/es\/wp-json\/wp\/v2\/types\/product"}],"wp:featuredmedia":[{"embeddable":true,"href":"https:\/\/membraneswitchmfg.com\/es\/wp-json\/wp\/v2\/media\/2216"}],"wp:attachment":[{"href":"https:\/\/membraneswitchmfg.com\/es\/wp-json\/wp\/v2\/media?parent=2227"}],"wp:term":[{"taxonomy":"product_brand","embeddable":true,"href":"https:\/\/membraneswitchmfg.com\/es\/wp-json\/wp\/v2\/product_brand?post=2227"},{"taxonomy":"product_cat","embeddable":true,"href":"https:\/\/membraneswitchmfg.com\/es\/wp-json\/wp\/v2\/product_cat?post=2227"},{"taxonomy":"product_tag","embeddable":true,"href":"https:\/\/membraneswitchmfg.com\/es\/wp-json\/wp\/v2\/product_tag?post=2227"}],"curies":[{"name":"wp","href":"https:\/\/api.w.org\/{rel}","templated":true}]}}