{"id":2274,"date":"2024-07-26T02:52:22","date_gmt":"2024-07-26T02:52:22","guid":{"rendered":"https:\/\/membraneswitchmfg.com\/?post_type=product&#038;p=2274"},"modified":"2024-09-19T12:54:44","modified_gmt":"2024-09-19T12:54:44","slug":"magnetic-switch","status":"publish","type":"product","link":"https:\/\/membraneswitchmfg.com\/es\/manufacturer\/magnetic-switch\/","title":{"rendered":"Interruptor magn\u00e9tico"},"content":{"rendered":"<h4><strong><b>Caracter\u00edsticas principales:<\/b><\/strong><\/h4>\n<p><strong>1.<\/strong><strong>Durabilidad sin precedentes<\/strong>: Dise\u00f1ado para soportar hasta 10 millones de pulsaciones, nuestro producto garantiza un rendimiento y una fiabilidad constantes durante un per\u00edodo prolongado, lo que lo convierte en una opci\u00f3n rentable para aplicaciones a largo plazo.<\/p>\n<p><strong>2.<\/strong><strong>Aplicaciones vers\u00e1tiles<\/strong>: Actualmente, nuestro interruptor magn\u00e9tico se utiliza ampliamente en varios sectores de alta demanda, incluyendo:<\/p>\n<ul>\n<li><strong>Medical Equipment<\/strong>: Proporcionando un control preciso y fiable, nuestro interruptor es un componente cr\u00edtico en los dispositivos m\u00e9dicos, garantizando la seguridad y la fiabilidad en los entornos sanitarios.<\/li>\n<li><strong>Cintas de correr<\/strong>: Integrado en equipos de fitness, nuestro interruptor garantiza un funcionamiento suave y mejora la experiencia del usuario, resistiendo las rigurosas exigencias del uso frecuente.<\/li>\n<\/ul>\n<h4><strong><b>\u00bfPor qu\u00e9 elegir nuestro interruptor magn\u00e9tico?<\/b><\/strong><\/h4>\n<p><strong>1.<\/strong><strong>Vida \u00fatil inigualable<\/strong>: Como el \u00fanico interruptor magn\u00e9tico en el mercado nacional con una vida \u00fatil de 10 millones de pulsaciones, establecemos el est\u00e1ndar de durabilidad.<\/p>\n<p><strong>2.<\/strong><strong>Fiabilidad en aplicaciones cr\u00edticas<\/strong>: Nuestro interruptor es de confianza en equipos m\u00e9dicos, donde la fiabilidad y la precisi\u00f3n son primordiales.<\/p>\n<p><strong>3.<\/strong><strong>Rendimiento en entornos de alto uso<\/strong>: Con aplicaciones en cintas de correr, nuestro interruptor demuestra su resistencia en entornos de alto tr\u00e1fico y alto uso.<\/p>","protected":false},"excerpt":{"rendered":"<p>Presentamos nuestro avanzado <span class=\"Y2IQFc\" lang=\"en\">Interruptor de membrana magn\u00e9tico<\/span>, el ep\u00edtome de la durabilidad y la fiabilidad en el mercado. Con una vida \u00fatil del producto notable de hasta <strong>10 millones de pulsaciones<\/strong>, nuestro interruptor magn\u00e9tico se erige como <strong>el \u00fanico de su tipo en el mercado nacional que ofrece tal longevidad<\/strong>.Presentamos nuestro avanzado interruptor magn\u00e9tico, el ep\u00edtome de la durabilidad y la fiabilidad en el mercado. Con una vida \u00fatil del producto notable de hasta 10 millones de pulsaciones, nuestro interruptor magn\u00e9tico se erige como el \u00fanico de su tipo en el mercado nacional que ofrece tal longevidad.<\/p>","protected":false},"featured_media":2435,"template":"","meta":[],"product_brand":[],"product_cat":[40],"product_tag":[],"class_list":{"0":"post-2274","1":"product","2":"type-product","3":"status-publish","4":"has-post-thumbnail","6":"product_cat-membrane-switch","8":"first","9":"instock","10":"shipping-taxable","11":"product-type-simple"},"_links":{"self":[{"href":"https:\/\/membraneswitchmfg.com\/es\/wp-json\/wp\/v2\/product\/2274","targetHints":{"allow":["GET"]}}],"collection":[{"href":"https:\/\/membraneswitchmfg.com\/es\/wp-json\/wp\/v2\/product"}],"about":[{"href":"https:\/\/membraneswitchmfg.com\/es\/wp-json\/wp\/v2\/types\/product"}],"wp:featuredmedia":[{"embeddable":true,"href":"https:\/\/membraneswitchmfg.com\/es\/wp-json\/wp\/v2\/media\/2435"}],"wp:attachment":[{"href":"https:\/\/membraneswitchmfg.com\/es\/wp-json\/wp\/v2\/media?parent=2274"}],"wp:term":[{"taxonomy":"product_brand","embeddable":true,"href":"https:\/\/membraneswitchmfg.com\/es\/wp-json\/wp\/v2\/product_brand?post=2274"},{"taxonomy":"product_cat","embeddable":true,"href":"https:\/\/membraneswitchmfg.com\/es\/wp-json\/wp\/v2\/product_cat?post=2274"},{"taxonomy":"product_tag","embeddable":true,"href":"https:\/\/membraneswitchmfg.com\/es\/wp-json\/wp\/v2\/product_tag?post=2274"}],"curies":[{"name":"wp","href":"https:\/\/api.w.org\/{rel}","templated":true}]}}