{"id":2438,"date":"2024-09-20T06:37:42","date_gmt":"2024-09-20T06:37:42","guid":{"rendered":"https:\/\/membraneswitchmfg.com\/?post_type=product&#038;p=2438"},"modified":"2024-09-20T06:40:01","modified_gmt":"2024-09-20T06:40:01","slug":"in-mold-electronics-ime","status":"publish","type":"product","link":"https:\/\/membraneswitchmfg.com\/es\/manufacturer\/in-mold-electronics-ime\/","title":{"rendered":"Electr\u00f3nica en molde (IME)"},"content":{"rendered":"<h2>Electr\u00f3nica en Molde (IME): Una Tecnolog\u00eda Revolucionaria<\/h2>\n<h3 data-sourcepos=\"5:1-5:24\">Beneficios Clave de la Electr\u00f3nica en Molde<strong>:<\/strong><\/h3>\n<ul>\n<li><span class=\"citation-2 recitation\">Costos de Ensamblaje Reducidos:<\/span><span class=\"citation-2 recitation citation-end-2\"> Al integrar los componentes electr\u00f3nicos directamente en la pieza de pl\u00e1stico, IME elimina la necesidad de pasos de ensamblaje separados, lo que reduce significativamente los costos de fabricaci\u00f3n.<\/span><\/li>\n<li>Durabilidad Mejorada: <span class=\"citation-3 recitation citation-end-3\">IME crea una fuerte uni\u00f3n entre los componentes electr\u00f3nicos y la pieza de pl\u00e1stico, lo que mejora la durabilidad y la resistencia a los factores ambientales.<\/span><\/li>\n<li>Factor de Forma M\u00e1s Peque\u00f1o: <span class=\"citation-4 recitation citation-end-4\">IME permite la creaci\u00f3n de dispositivos electr\u00f3nicos m\u00e1s delgados y compactos, lo que los hace m\u00e1s port\u00e1tiles y est\u00e9ticamente agradables.<\/span><\/li>\n<li>Est\u00e9tica Mejorada: IME se puede utilizar para crear dise\u00f1os perfectos y visualmente atractivos, integrando componentes electr\u00f3nicos a la perfecci\u00f3n en la apariencia general del producto.<\/li>\n<li>Confiabilidad Mejorada: <span class=\"citation-5 recitation citation-end-5\">Al eliminar las conexiones externas y los pasos de ensamblaje, IME puede mejorar la confiabilidad y la longevidad de los productos electr\u00f3nicos.<\/span><\/li>\n<\/ul>\n<h3 data-sourcepos=\"13:1-13:24\">Aplicaciones de la Electr\u00f3nica en Molde:<\/h3>\n<ul data-sourcepos=\"15:1-19:0\">\n<li data-sourcepos=\"15:1-15:100\">Electr\u00f3nica de Consumo: Teclados, controles remotos, tableros de autom\u00f3viles y dispositivos port\u00e1tiles.<\/li>\n<li data-sourcepos=\"16:1-16:110\">Dispositivos M\u00e9dicos: <span class=\"citation-6 recitation citation-end-6\">Equipos de diagn\u00f3stico, sistemas de monitoreo de pacientes y dispositivos implantables.<\/span><\/li>\n<li data-sourcepos=\"16:1-16:110\">Automotriz: <span class=\"citation-7 recitation citation-end-7\">Paneles de control, grupos de instrumentos y paneles de puertas.<\/span><\/li>\n<li data-sourcepos=\"16:1-16:110\">Automatizaci\u00f3n Industrial: Paneles de control, sensores y otros componentes de automatizaci\u00f3n.<\/li>\n<\/ul>","protected":false},"excerpt":{"rendered":"<p><span class=\"citation-0 recitation\">Electr\u00f3nica en molde (IME)<\/span><span class=\"citation-0 recitation citation-end-0\"> es un proceso de fabricaci\u00f3n que integra componentes electr\u00f3nicos directamente en piezas de pl\u00e1stico durante el proceso de moldeo.<\/span> <span class=\"citation-1 recitation citation-end-1\">Esta innovadora t\u00e9cnica ofrece numerosas ventajas sobre los m\u00e9todos de ensamblaje tradicionales, lo que la convierte en una opci\u00f3n popular para diversas industrias.<\/span><\/p>\n<p><span class=\"citation-8 recitation citation-end-8\">IME es una tecnolog\u00eda de vanguardia que ofrece importantes ventajas en t\u00e9rminos de costo, durabilidad, dise\u00f1o y confiabilidad.<\/span> A medida que la tecnolog\u00eda contin\u00faa evolucionando, podemos esperar ver aplicaciones a\u00fan m\u00e1s innovadoras en el futuro.<\/p>","protected":false},"featured_media":2439,"template":"","meta":[],"product_brand":[],"product_cat":[40],"product_tag":[],"class_list":{"0":"post-2438","1":"product","2":"type-product","3":"status-publish","4":"has-post-thumbnail","6":"product_cat-membrane-switch","8":"first","9":"instock","10":"shipping-taxable","11":"product-type-simple"},"_links":{"self":[{"href":"https:\/\/membraneswitchmfg.com\/es\/wp-json\/wp\/v2\/product\/2438","targetHints":{"allow":["GET"]}}],"collection":[{"href":"https:\/\/membraneswitchmfg.com\/es\/wp-json\/wp\/v2\/product"}],"about":[{"href":"https:\/\/membraneswitchmfg.com\/es\/wp-json\/wp\/v2\/types\/product"}],"wp:featuredmedia":[{"embeddable":true,"href":"https:\/\/membraneswitchmfg.com\/es\/wp-json\/wp\/v2\/media\/2439"}],"wp:attachment":[{"href":"https:\/\/membraneswitchmfg.com\/es\/wp-json\/wp\/v2\/media?parent=2438"}],"wp:term":[{"taxonomy":"product_brand","embeddable":true,"href":"https:\/\/membraneswitchmfg.com\/es\/wp-json\/wp\/v2\/product_brand?post=2438"},{"taxonomy":"product_cat","embeddable":true,"href":"https:\/\/membraneswitchmfg.com\/es\/wp-json\/wp\/v2\/product_cat?post=2438"},{"taxonomy":"product_tag","embeddable":true,"href":"https:\/\/membraneswitchmfg.com\/es\/wp-json\/wp\/v2\/product_tag?post=2438"}],"curies":[{"name":"wp","href":"https:\/\/api.w.org\/{rel}","templated":true}]}}