{"id":1687,"date":"2024-06-22T14:56:03","date_gmt":"2024-06-22T14:56:03","guid":{"rendered":"https:\/\/membraneswitchmfg.com\/manufacturer\/csa-high-temperature-resistant-certification-label\/"},"modified":"2024-06-26T00:55:06","modified_gmt":"2024-06-26T00:55:06","slug":"csa-high-temperature-resistant-certification-label","status":"publish","type":"product","link":"https:\/\/membraneswitchmfg.com\/fi\/manufacturer\/csa-high-temperature-resistant-certification-label\/","title":{"rendered":"CSA korkean l\u00e4mp\u00f6tilan kest\u00e4v\u00e4 sertifiointitarra"},"content":{"rendered":"<h2 class=\"\" data-sourcepos=\"1:1-1:108\">CSA Korkean l\u00e4mp\u00f6tilan kest\u00e4v\u00e4 sertifiointimerkinn\u00e4t: Vaatimustenmukaisuuden ja turvallisuuden varmistaminen vaativissa ymp\u00e4rist\u00f6iss\u00e4<\/h2>\n<p data-sourcepos=\"3:1-3:119\">Suojaa tuotteesi ja tuotemerkkisi CSA-sertifioiduilla korkean l\u00e4mp\u00f6tilan kest\u00e4vill\u00e4 tarroilla, jotka kest\u00e4v\u00e4t \u00e4\u00e4rimm\u00e4isi\u00e4 olosuhteita.<\/p>\n<p data-sourcepos=\"5:1-5:51\"><strong>Verraton kest\u00e4vyys vaativissa ymp\u00e4rist\u00f6iss\u00e4<\/strong><\/p>\n<p data-sourcepos=\"7:1-7:152\">Korkean l\u00e4mp\u00f6tilan kest\u00e4v\u00e4t CSA-etikettimme on suunniteltu kest\u00e4m\u00e4\u00e4n haastavimmissakin olosuhteissa, ja ne varmistavat, ett\u00e4 tuotetietosi pysyv\u00e4t selkein\u00e4, n\u00e4kyvin\u00e4 ja vaatimustenmukaisina jopa kovassa kuumuudessa, kovissa kemikaaleissa ja hankaavassa kulutuksessa. Korkealuokkaisista materiaaleista valmistetut tarrat kest\u00e4v\u00e4t jatkuvaa altistumista l\u00e4mp\u00f6tiloille, jotka vaihtelevat -40 \u00b0C:sta 500 \u00b0C:een (-40 \u00b0F:st\u00e4 932 \u00b0F:\u00e4\u00e4n).<\/p>\n<p data-sourcepos=\"9:1-9:23\"><strong>CSA-sertifiointi takaa mielenrauhan<\/strong><\/p>\n<p data-sourcepos=\"11:1-11:433\">Korkean l\u00e4mp\u00f6tilan kest\u00e4v\u00e4t CSA-tarrat on testattu ja sertifioitu tiukasti Kanadan standardisoimisliitossa (Canadian Standards Association, CSA), joka on maailmanlaajuisesti tunnustettu johtava turvallisuusstandardien laatija. Sertifiointi takaa, ett\u00e4 tarrat t\u00e4ytt\u00e4v\u00e4t kest\u00e4vyytt\u00e4, suorituskyky\u00e4 ja turvallisuutta koskevat korkeimmat standardit, ja antaa sinulle mielenrauhan siit\u00e4, ett\u00e4 tuotetunnisteesi ja turvamerkint\u00e4si s\u00e4ilyv\u00e4t ehjin\u00e4 vaativimmissakin ymp\u00e4rist\u00f6iss\u00e4.<\/p>\n<p data-sourcepos=\"13:1-13:42\"><strong>Ihanteellinen monenlaisiin sovelluksiin<\/strong><\/p>\n<p data-sourcepos=\"15:1-15:91\">Korkean l\u00e4mp\u00f6tilan kest\u00e4v\u00e4t CSA-etikettimme soveltuvat erinomaisesti k\u00e4ytett\u00e4v\u00e4ksi monissa eri sovelluksissa, kuten:<\/p>\n<ul data-sourcepos=\"17:1-22:0\">\n<li data-sourcepos=\"17:1-17:36\">Teollisuuden koneet ja laitteet<\/li>\n<li data-sourcepos=\"18:1-18:37\">Auto- ja ilmailuteollisuuden komponentit<\/li>\n<li data-sourcepos=\"19:1-19:28\">Laitteet ja elektroniikka<\/li>\n<li data-sourcepos=\"20:1-20:17\">L\u00e4\u00e4kinn\u00e4lliset laitteet<\/li>\n<li data-sourcepos=\"21:1-22:0\">Ulkokyltit ja tarrat<\/li>\n<\/ul>\n<p data-sourcepos=\"23:1-23:89\"><strong>Kumppani Kiina Label viivakooditulostin toimittajat ylivoimainen laatu ja asiantuntemus<\/strong><\/p>\n<p data-sourcepos=\"25:1-25:353\">Olemme sitoutuneet tarjoamaan asiakkaillemme korkealaatuisia CSA-tarroja, jotka kest\u00e4v\u00e4t korkeita l\u00e4mp\u00f6tiloja, ja asiantuntemusta, joka vastaa heid\u00e4n erityistarpeitaan. Kokeneiden ammattilaisten tiimimme voi auttaa sinua valitsemaan oikean etikettimateriaalin, liiman ja tulostusvaihtoehdot ainutlaatuisiin vaatimuksiisi.<\/p>\n<p data-sourcepos=\"27:1-27:181\"><strong>Ota yhteytt\u00e4 t\u00e4n\u00e4\u00e4n<\/strong> saadaksesi lis\u00e4tietoja korkean l\u00e4mp\u00f6tilan kest\u00e4vist\u00e4 CSA-tarroistamme ja siit\u00e4, miten voimme auttaa sinua suojaamaan tuotteitasi ja br\u00e4ndi\u00e4si haastavimmissakin ymp\u00e4rist\u00f6iss\u00e4.<\/p>","protected":false},"excerpt":{"rendered":"<p>CSA:n korkean l\u00e4mp\u00f6tilan kest\u00e4v\u00e4 sertifiointimerkki tarkoittaa, ett\u00e4 CSA (Canadian Standards Association) on testannut ja sertifioinut tuotteen kest\u00e4m\u00e4\u00e4n korkeita l\u00e4mp\u00f6tiloja tehokkaasti ja turvallisesti.<\/p>","protected":false},"featured_media":1653,"template":"","meta":[],"product_brand":[],"product_cat":[15],"product_tag":[],"class_list":{"0":"post-1687","1":"product","2":"type-product","3":"status-publish","4":"has-post-thumbnail","6":"product_cat-print-label","8":"first","9":"instock","10":"shipping-taxable","11":"product-type-simple"},"_links":{"self":[{"href":"https:\/\/membraneswitchmfg.com\/fi\/wp-json\/wp\/v2\/product\/1687","targetHints":{"allow":["GET"]}}],"collection":[{"href":"https:\/\/membraneswitchmfg.com\/fi\/wp-json\/wp\/v2\/product"}],"about":[{"href":"https:\/\/membraneswitchmfg.com\/fi\/wp-json\/wp\/v2\/types\/product"}],"wp:featuredmedia":[{"embeddable":true,"href":"https:\/\/membraneswitchmfg.com\/fi\/wp-json\/wp\/v2\/media\/1653"}],"wp:attachment":[{"href":"https:\/\/membraneswitchmfg.com\/fi\/wp-json\/wp\/v2\/media?parent=1687"}],"wp:term":[{"taxonomy":"product_brand","embeddable":true,"href":"https:\/\/membraneswitchmfg.com\/fi\/wp-json\/wp\/v2\/product_brand?post=1687"},{"taxonomy":"product_cat","embeddable":true,"href":"https:\/\/membraneswitchmfg.com\/fi\/wp-json\/wp\/v2\/product_cat?post=1687"},{"taxonomy":"product_tag","embeddable":true,"href":"https:\/\/membraneswitchmfg.com\/fi\/wp-json\/wp\/v2\/product_tag?post=1687"}],"curies":[{"name":"wp","href":"https:\/\/api.w.org\/{rel}","templated":true}]}}