{"id":1689,"date":"2024-06-22T14:56:03","date_gmt":"2024-06-22T14:56:03","guid":{"rendered":"https:\/\/membraneswitchmfg.com\/manufacturer\/outdoor-warning-signs\/"},"modified":"2024-06-26T00:53:33","modified_gmt":"2024-06-26T00:53:33","slug":"outdoor-warning-signs","status":"publish","type":"product","link":"https:\/\/membraneswitchmfg.com\/fi\/manufacturer\/outdoor-warning-signs\/","title":{"rendered":"Ulkona olevat varoitusmerkit"},"content":{"rendered":"<h2 class=\"\" data-sourcepos=\"1:1-1:84\">Ulkona olevat varoitusmerkit: Turvallisuuden ja viestinn\u00e4n parantaminen ulkoymp\u00e4rist\u00f6iss\u00e4.<\/h2>\n<p data-sourcepos=\"3:1-3:144\">Ilmoita tehokkaasti mahdollisista vaaroista ja t\u00e4rkeist\u00e4 tiedoista ulkona kest\u00e4vill\u00e4 ja muokattavilla ulkovaroituskylteill\u00e4mme. Suunniteltu kest\u00e4m\u00e4\u00e4n ulkoilman vaativia olosuhteita, ja kylttimme varmistavat, ett\u00e4 viestisi pysyv\u00e4t selkein\u00e4, n\u00e4kyvin\u00e4 ja huomiota her\u00e4tt\u00e4vin\u00e4 my\u00f6s ankarissa s\u00e4\u00e4olosuhteissa.<\/p>\n<p data-sourcepos=\"5:1-5:49\"><strong>Verraton kest\u00e4vyys ulkoymp\u00e4rist\u00f6iss\u00e4<\/strong><\/p>\n<p data-sourcepos=\"7:1-7:133\">Korkealaatuisista materiaaleista valmistetut ja kehittyneit\u00e4 painotekniikoita hy\u00f6dynt\u00e4v\u00e4t ulkok\u00e4ytt\u00f6\u00f6n tarkoitetut varoituskyltit on rakennettu kest\u00e4m\u00e4\u00e4n. Ne kest\u00e4v\u00e4t haalistumista, repeytymist\u00e4 ja kemiallista hajoamista, mik\u00e4 takaa, ett\u00e4 viestisi pysyv\u00e4t n\u00e4kyvill\u00e4 ja tehokkaina vuosien ajan.<\/p>\n<p data-sourcepos=\"9:1-9:44\"><strong>R\u00e4\u00e4t\u00e4l\u00f6it\u00e4viss\u00e4 vastaamaan erityistarpeitasi<\/strong><\/p>\n<p data-sourcepos=\"11:1-11:86\">Tarjoamme laajan valikoiman r\u00e4\u00e4t\u00e4l\u00f6intivaihtoehtoja vastaamaan erityistarpeitasi, mukaan lukien:<\/p>\n<ul data-sourcepos=\"13:1-17:0\">\n<li data-sourcepos=\"13:1-13:60\"><strong>Erilaisia kokoja ja muotoja mink\u00e4 tahansa viestin mukauttamiseksi.<\/strong><\/li>\n<li data-sourcepos=\"14:1-14:49\"><strong>T\u00e4ysv\u00e4ritulostus vaikuttavaa visuaalista ilmett\u00e4 varten<\/strong><\/li>\n<li data-sourcepos=\"15:1-15:67\"><strong>Muokattavissa oleva teksti ja grafiikka viestin selke\u00e4ksi v\u00e4litt\u00e4miseksi.<\/strong><\/li>\n<li data-sourcepos=\"16:1-17:0\"><strong>Materiaalivalikoima ymp\u00e4rist\u00f6\u00f6n sopivaksi<\/strong><\/li>\n<\/ul>\n<p data-sourcepos=\"18:1-18:50\"><strong>Ihanteellinen monenlaisiin ulkok\u00e4ytt\u00f6ihin<\/strong><\/p>\n<p data-sourcepos=\"20:1-20:80\">Ulkona k\u00e4ytett\u00e4v\u00e4t varoituskyltit sopivat monenlaisiin sovelluksiin, kuten:<\/p>\n<ul data-sourcepos=\"22:1-22:10\">\n<li data-sourcepos=\"22:1-22:10\"><strong>Turvallisuusvaroitukset ja -ohjeet<\/strong><\/li>\n<li data-sourcepos=\"23:1-23:36\"><strong>Lains\u00e4\u00e4d\u00e4nn\u00f6n vaatimustenmukaisuusmerkinn\u00e4t<\/strong><\/li>\n<li data-sourcepos=\"24:1-24:47\"><strong>Vaarojen tunnistaminen ja varoitusmerkit<\/strong><\/li>\n<li data-sourcepos=\"25:1-25:43\"><strong>Suunta- ja informaatiokyltit<\/strong><\/li>\n<li data-sourcepos=\"26:1-27:0\"><strong>Rakennusty\u00f6maan opasteet<\/strong><\/li>\n<\/ul>\n<p data-sourcepos=\"28:1-28:89\"><strong>Kumppani Kiina Label viivakooditulostin toimittajat ylivoimainen laatu ja asiantuntemus<\/strong><\/p>\n<p data-sourcepos=\"30:1-30:309\">Kiina Label Barcode Printer Suppliers, olemme sitoutuneet tarjoamaan asiakkaillemme korkealaatuisia ulkovaroitusmerkkej\u00e4 ja asiantuntemusta, joka vastaa heid\u00e4n erityisi\u00e4 sovellustarpeitaan. Kokeneista ammattilaisista koostuva tiimimme voi auttaa sinua suunnittelemaan ja luomaan t\u00e4ydelliset merkit ainutlaatuisiin vaatimuksiisi.<\/p>\n<p data-sourcepos=\"32:1-32:148\"><strong>Ota yhteytt\u00e4 t\u00e4n\u00e4\u00e4n<\/strong> saadaksesi lis\u00e4tietoja ulkok\u00e4ytt\u00f6\u00f6n tarkoitetuista varoitusmerkeist\u00e4mme ja siit\u00e4, miten voimme auttaa sinua parantamaan turvallisuutta ja viestint\u00e4\u00e4 ulkotiloissa.<\/p>","protected":false},"excerpt":{"rendered":"<p>Ulkona k\u00e4ytett\u00e4v\u00e4t varoitusmerkit ovat erityisesti suunniteltuja merkkej\u00e4, jotka sijoitetaan ulkotiloihin ja joissa ilmoitetaan vaaroista, annetaan ohjeita tai v\u00e4litet\u00e4\u00e4n t\u00e4rke\u00e4\u00e4 tietoa. N\u00e4m\u00e4 merkit ovat ratkaisevan t\u00e4rkeit\u00e4 turvallisuuden ja j\u00e4rjestyksen yll\u00e4pit\u00e4miseksi alueilla, joilla ymp\u00e4rist\u00f6tekij\u00e4t ja mahdolliset vaaratekij\u00e4t aiheuttavat riskej\u00e4 ihmisille tai omaisuudelle.<\/p>","protected":false},"featured_media":1656,"template":"","meta":[],"product_brand":[],"product_cat":[15],"product_tag":[],"class_list":{"0":"post-1689","1":"product","2":"type-product","3":"status-publish","4":"has-post-thumbnail","6":"product_cat-print-label","8":"first","9":"instock","10":"shipping-taxable","11":"product-type-simple"},"_links":{"self":[{"href":"https:\/\/membraneswitchmfg.com\/fi\/wp-json\/wp\/v2\/product\/1689","targetHints":{"allow":["GET"]}}],"collection":[{"href":"https:\/\/membraneswitchmfg.com\/fi\/wp-json\/wp\/v2\/product"}],"about":[{"href":"https:\/\/membraneswitchmfg.com\/fi\/wp-json\/wp\/v2\/types\/product"}],"wp:featuredmedia":[{"embeddable":true,"href":"https:\/\/membraneswitchmfg.com\/fi\/wp-json\/wp\/v2\/media\/1656"}],"wp:attachment":[{"href":"https:\/\/membraneswitchmfg.com\/fi\/wp-json\/wp\/v2\/media?parent=1689"}],"wp:term":[{"taxonomy":"product_brand","embeddable":true,"href":"https:\/\/membraneswitchmfg.com\/fi\/wp-json\/wp\/v2\/product_brand?post=1689"},{"taxonomy":"product_cat","embeddable":true,"href":"https:\/\/membraneswitchmfg.com\/fi\/wp-json\/wp\/v2\/product_cat?post=1689"},{"taxonomy":"product_tag","embeddable":true,"href":"https:\/\/membraneswitchmfg.com\/fi\/wp-json\/wp\/v2\/product_tag?post=1689"}],"curies":[{"name":"wp","href":"https:\/\/api.w.org\/{rel}","templated":true}]}}