{"id":1690,"date":"2024-06-22T14:56:03","date_gmt":"2024-06-22T14:56:03","guid":{"rendered":"https:\/\/membraneswitchmfg.com\/manufacturer\/electrical-power-cord-certification-label\/"},"modified":"2024-06-26T00:54:03","modified_gmt":"2024-06-26T00:54:03","slug":"electrical-power-cord-certification-label","status":"publish","type":"product","link":"https:\/\/membraneswitchmfg.com\/fi\/manufacturer\/electrical-power-cord-certification-label\/","title":{"rendered":"S\u00e4hk\u00f6johdon sertifiointitarra"},"content":{"rendered":"<h2 class=\"\" data-sourcepos=\"1:1-1:77\">S\u00e4hk\u00f6johdon sertifiointitarrat: Turvallisuuden ja vaatimustenmukaisuuden varmistaminen<\/h2>\n<p data-sourcepos=\"3:1-3:140\">Varmista s\u00e4hk\u00f6johtojesi turvallisuus ja vaatimustenmukaisuus kest\u00e4vill\u00e4 ja laadukkailla s\u00e4hk\u00f6johtojen sertifiointitarroillamme. N\u00e4m\u00e4 tarrat antavat olennaisia tietoja johdoistasi, auttavat ehk\u00e4isem\u00e4\u00e4n s\u00e4hk\u00f6vaaroja ja varmistavat m\u00e4\u00e4r\u00e4ystenmukaisuuden.<\/p>\n<p data-sourcepos=\"5:1-5:51\"><strong>Verraton kest\u00e4vyys vaativissa ymp\u00e4rist\u00f6iss\u00e4<\/strong><\/p>\n<p data-sourcepos=\"7:1-7:3\">S\u00e4hk\u00f6johtojen sertifiointitarrat on valmistettu ensiluokkaisista materiaaleista, jotka kest\u00e4v\u00e4t vaativia olosuhteita, kuten \u00e4\u00e4rimm\u00e4isi\u00e4 l\u00e4mp\u00f6tiloja, kulutusta ja kemikaaleja. Ne kest\u00e4v\u00e4t haalistumista, repeytymist\u00e4 ja tahraantumista, mik\u00e4 takaa, ett\u00e4 tarrojen t\u00e4rke\u00e4t tiedot pysyv\u00e4t selkein\u00e4 ja luettavina vuosien ajan.<\/p>\n<p data-sourcepos=\"9:1-9:51\"><strong>Turvallisuuden ja vaatimustenmukaisuuden kannalta olennaiset tiedot<\/strong><\/p>\n<p data-sourcepos=\"11:1-11:39\">S\u00e4hk\u00f6johtojen sertifiointitarrat sis\u00e4lt\u00e4v\u00e4t olennaisia tietoja, kuten:<\/p>\n<ul data-sourcepos=\"13:1-17:0\">\n<li data-sourcepos=\"13:1-13:47\"><strong>Valmistajan nimi ja yhteystiedot<\/strong><\/li>\n<li data-sourcepos=\"14:1-14:26\"><strong>Johdon tyyppi ja luokitus<\/strong><\/li>\n<li data-sourcepos=\"15:1-15:31\"><strong>S\u00e4hk\u00f6iset eritelm\u00e4t<\/strong><\/li>\n<li data-sourcepos=\"16:1-17:0\"><strong>Sertifiointimerkinn\u00e4t<\/strong><\/li>\n<\/ul>\n<p data-sourcepos=\"18:1-18:111\">N\u00e4m\u00e4 tiedot auttavat varmistamaan, ett\u00e4 johtoja k\u00e4ytet\u00e4\u00e4n turvallisesti ja sovellettavien s\u00e4\u00e4nn\u00f6sten mukaisesti.<\/p>\n<p data-sourcepos=\"20:1-20:53\"><strong>Ihanteellinen monenlaisiin s\u00e4hk\u00f6isiin sovelluksiin<\/strong><\/p>\n<p data-sourcepos=\"22:1-22:112\">S\u00e4hk\u00f6johtojen sertifiointitarrat sopivat monenlaisiin s\u00e4hk\u00f6isiin sovelluksiin, kuten:<\/p>\n<ul data-sourcepos=\"24:1-25:28\">\n<li data-sourcepos=\"24:1-24:48\"><strong>Laitteiden ja elektroniikan virtajohdot<\/strong><\/li>\n<li data-sourcepos=\"25:1-25:28\"><strong>Teollisuuden virtajohdot<\/strong><\/li>\n<li data-sourcepos=\"26:1-26:21\"><strong>Jatkojohdot<\/strong><\/li>\n<li data-sourcepos=\"27:1-27:31\"><strong>L\u00e4\u00e4kinn\u00e4llisten laitteiden johdot<\/strong><\/li>\n<li data-sourcepos=\"28:1-29:0\"><strong>Ulkok\u00e4ytt\u00f6\u00f6n tarkoitetut johdot<\/strong><\/li>\n<\/ul>\n<p data-sourcepos=\"30:1-30:89\"><strong>Kumppani Kiina Label viivakooditulostin toimittajat ylivoimainen laatu ja asiantuntemus<\/strong><\/p>\n<p data-sourcepos=\"32:1-32:358\">Kiina Label Barcode Printer Suppliers, olemme sitoutuneet tarjoamaan asiakkaillemme korkealaatuisia s\u00e4hk\u00f6johtojen sertifiointitarroja ja asiantuntemusta, joka vastaa heid\u00e4n erityisi\u00e4 sovellustarpeitaan. Kokeneiden ammattilaisten tiimimme voi auttaa sinua valitsemaan oikean etikettimateriaalin, liiman ja tulostusvaihtoehdot ainutlaatuisiin vaatimuksiisi.<\/p>\n<p data-sourcepos=\"34:1-34:170\"><strong>Ota yhteytt\u00e4 t\u00e4n\u00e4\u00e4n<\/strong> saadaksesi lis\u00e4tietoja s\u00e4hk\u00f6johtojen sertifiointitarroistamme ja siit\u00e4, miten voimme auttaa sinua varmistamaan s\u00e4hk\u00f6johtojesi turvallisuuden ja vaatimustenmukaisuuden.<\/p>","protected":false},"excerpt":{"rendered":"<p>Erityisesti kulutuselektroniikassa, laitteissa ja teollisuussovelluksissa k\u00e4ytett\u00e4viin s\u00e4hk\u00f6johtoihin sovelletaan usein tiukkoja turvallisuus- ja suorituskykyvaatimuksia. N\u00e4m\u00e4 standardit vahvistetaan virtajohdoissa olevilla sertifiointimerkinn\u00f6ill\u00e4 tai -merkinn\u00f6ill\u00e4.<\/p>","protected":false},"featured_media":1654,"template":"","meta":[],"product_brand":[],"product_cat":[15],"product_tag":[],"class_list":{"0":"post-1690","1":"product","2":"type-product","3":"status-publish","4":"has-post-thumbnail","6":"product_cat-print-label","8":"first","9":"instock","10":"shipping-taxable","11":"product-type-simple"},"_links":{"self":[{"href":"https:\/\/membraneswitchmfg.com\/fi\/wp-json\/wp\/v2\/product\/1690","targetHints":{"allow":["GET"]}}],"collection":[{"href":"https:\/\/membraneswitchmfg.com\/fi\/wp-json\/wp\/v2\/product"}],"about":[{"href":"https:\/\/membraneswitchmfg.com\/fi\/wp-json\/wp\/v2\/types\/product"}],"wp:featuredmedia":[{"embeddable":true,"href":"https:\/\/membraneswitchmfg.com\/fi\/wp-json\/wp\/v2\/media\/1654"}],"wp:attachment":[{"href":"https:\/\/membraneswitchmfg.com\/fi\/wp-json\/wp\/v2\/media?parent=1690"}],"wp:term":[{"taxonomy":"product_brand","embeddable":true,"href":"https:\/\/membraneswitchmfg.com\/fi\/wp-json\/wp\/v2\/product_brand?post=1690"},{"taxonomy":"product_cat","embeddable":true,"href":"https:\/\/membraneswitchmfg.com\/fi\/wp-json\/wp\/v2\/product_cat?post=1690"},{"taxonomy":"product_tag","embeddable":true,"href":"https:\/\/membraneswitchmfg.com\/fi\/wp-json\/wp\/v2\/product_tag?post=1690"}],"curies":[{"name":"wp","href":"https:\/\/api.w.org\/{rel}","templated":true}]}}