{"id":1691,"date":"2024-06-22T14:56:03","date_gmt":"2024-06-22T14:56:03","guid":{"rendered":"https:\/\/membraneswitchmfg.com\/manufacturer\/anti-counterfeiting-anti-theft-label\/"},"modified":"2024-06-26T00:51:33","modified_gmt":"2024-06-26T00:51:33","slug":"anti-counterfeiting-anti-theft-label","status":"publish","type":"product","link":"https:\/\/membraneswitchmfg.com\/fi\/manufacturer\/anti-counterfeiting-anti-theft-label\/","title":{"rendered":"V\u00e4\u00e4rent\u00e4misen ja varkauden est\u00e4v\u00e4 etiketti"},"content":{"rendered":"<h2 class=\"\" data-sourcepos=\"1:1-1:76\">V\u00e4\u00e4renn\u00f6sten ja varkauksien est\u00e4v\u00e4t tarrat: Tuotteiden ja tuotemerkin suojaaminen<\/h2>\n<p data-sourcepos=\"3:1-3:90\">Suojaa tuotteesi ja tuotemerkkisi maine innovatiivisilla v\u00e4\u00e4rent\u00e4misen ja varkauden est\u00e4vill\u00e4 tarroillamme. N\u00e4m\u00e4 edistykselliset etiketit on suunniteltu est\u00e4m\u00e4\u00e4n v\u00e4\u00e4renn\u00f6kset, est\u00e4m\u00e4\u00e4n varkaudet ja varmistamaan tuotteiden aitous, mik\u00e4 antaa mielenrauhaa sek\u00e4 sinulle ett\u00e4 asiakkaillesi.<\/p>\n<p data-sourcepos=\"5:1-5:31\"><strong>Vertaansa vailla olevat turvallisuusominaisuudet<\/strong><\/p>\n<p data-sourcepos=\"7:1-7:110\">V\u00e4\u00e4rent\u00e4misen ja varkaudenestoetiketiss\u00e4mme on useita kehittyneit\u00e4 turvaominaisuuksia, kuten:<\/p>\n<ul data-sourcepos=\"9:1-11:15\">\n<li data-sourcepos=\"9:1-9:85\"><strong>Ainutlaatuiset v\u00e4\u00e4rent\u00e4misen varmentavat mallit<\/strong> jotka rikkoutuvat tai paljastavat piilotettuja viestej\u00e4 poistettaessa<\/li>\n<li data-sourcepos=\"10:1-10:66\"><strong>Sis\u00e4\u00e4nrakennettu mikroteksti<\/strong> joka n\u00e4kyy vain suurennettuna<\/li>\n<li data-sourcepos=\"11:1-11:15\"><strong>Holografiset kuvat<\/strong> jota ei voida toistaa<\/li>\n<li data-sourcepos=\"12:1-13:0\"><strong>Erikoismusteet<\/strong> jotka reagoivat tiettyihin kemikaaleihin tai liuottimiin<\/li>\n<\/ul>\n<p data-sourcepos=\"14:1-14:152\">N\u00e4iden ominaisuuksien ansiosta v\u00e4\u00e4rent\u00e4jien on k\u00e4yt\u00e4nn\u00f6ss\u00e4 mahdotonta j\u00e4ljent\u00e4\u00e4 etikettej\u00e4si, mik\u00e4 suojaa tuotteitasi ja tuotemerkki\u00e4si luvattomalta j\u00e4ljittelylt\u00e4.<\/p>\n<p data-sourcepos=\"16:1-16:49\"><strong>Monipuoliset sovellukset tuotesuojaukseen<\/strong><\/p>\n<p data-sourcepos=\"18:1-18:99\">V\u00e4\u00e4rent\u00e4misen ja varkaudenestoetiketit soveltuvat monenlaisiin sovelluksiin, kuten:<\/p>\n<ul data-sourcepos=\"20:1-23:1\">\n<li data-sourcepos=\"20:1-20:45\"><strong>L\u00e4\u00e4kkeet ja terveydenhuollon tuotteet<\/strong><\/li>\n<li data-sourcepos=\"21:1-21:36\"><strong>Elektroniikka ja kulutustavarat<\/strong><\/li>\n<li data-sourcepos=\"22:1-22:32\"><strong>Ylellisyystuotteet ja kosmetiikka<\/strong><\/li>\n<li data-sourcepos=\"23:1-23:1\"><strong>Teollisuuden komponentit ja koneet<\/strong><\/li>\n<li data-sourcepos=\"24:1-25:0\"><strong>Ohjelmistot ja digitaaliset tuotteet<\/strong><\/li>\n<\/ul>\n<p data-sourcepos=\"26:1-26:166\">Kiinnitt\u00e4m\u00e4ll\u00e4 tuotteisiisi etikettimme voit est\u00e4\u00e4 v\u00e4\u00e4renn\u00f6kset, est\u00e4\u00e4 varkaudet ja varmistaa, ett\u00e4 asiakkaasi saavat aitoja tuotteita valtuutetuista l\u00e4hteist\u00e4.<\/p>\n<p data-sourcepos=\"28:1-28:89\"><strong>Kumppani Kiina Label viivakooditulostin toimittajat ylivoimainen laatu ja asiantuntemus<\/strong><\/p>\n<p data-sourcepos=\"30:1-30:362\">Kiina Label Barcode Printer Suppliers, olemme sitoutuneet tarjoamaan asiakkaillemme korkealaatuisia v\u00e4\u00e4rent\u00e4misen ja varkauden est\u00e4vi\u00e4 tarroja sek\u00e4 asiantuntemusta, joka vastaa heid\u00e4n erityisi\u00e4 sovellustarpeitaan. Kokeneiden ammattilaisten tiimimme voi auttaa sinua valitsemaan oikean etikettimateriaalin, turvaominaisuudet ja tulostusvaihtoehdot ainutlaatuisiin vaatimuksiisi.<\/p>\n<p data-sourcepos=\"32:1-32:169\"><strong>Ota yhteytt\u00e4 t\u00e4n\u00e4\u00e4n<\/strong> saadaksesi lis\u00e4tietoja v\u00e4\u00e4rent\u00e4misen ja varkauden est\u00e4vist\u00e4 etiketeist\u00e4mme ja siit\u00e4, miten voimme auttaa sinua suojaamaan tuotteitasi ja br\u00e4ndi\u00e4si v\u00e4\u00e4rent\u00e4miselt\u00e4 ja varastamiselta.<\/p>\n<p data-sourcepos=\"34:1-34:80\"><strong>Muita avainsanoja:<\/strong> tulostin tarrat, v\u00e4\u00e4renn\u00f6sten est\u00e4v\u00e4 tarratulostusyritys<\/p>","protected":false},"excerpt":{"rendered":"<p>V\u00e4\u00e4renn\u00f6sten ja varkauksien torjuntaan tarkoitetut etiketit ovat erikoistuneita turvatunnisteita ja -merkint\u00f6j\u00e4, jotka on suunniteltu suojaamaan tuotteita ja omaisuutta luvattomalta j\u00e4ljent\u00e4miselt\u00e4, varastamiselta ja peukaloinnilta. N\u00e4iss\u00e4 etiketeiss\u00e4 k\u00e4ytet\u00e4\u00e4n kehittyneit\u00e4 tekniikoita aitouden todentamiseksi, v\u00e4\u00e4rent\u00e4misen est\u00e4miseksi ja varkauksien est\u00e4miseksi, mik\u00e4 takaa tavaroiden eheyden ja turvallisuuden eri toimialoilla.<\/p>","protected":false},"featured_media":1652,"template":"","meta":[],"product_brand":[],"product_cat":[15],"product_tag":[],"class_list":{"0":"post-1691","1":"product","2":"type-product","3":"status-publish","4":"has-post-thumbnail","6":"product_cat-print-label","8":"first","9":"instock","10":"shipping-taxable","11":"product-type-simple"},"_links":{"self":[{"href":"https:\/\/membraneswitchmfg.com\/fi\/wp-json\/wp\/v2\/product\/1691","targetHints":{"allow":["GET"]}}],"collection":[{"href":"https:\/\/membraneswitchmfg.com\/fi\/wp-json\/wp\/v2\/product"}],"about":[{"href":"https:\/\/membraneswitchmfg.com\/fi\/wp-json\/wp\/v2\/types\/product"}],"wp:featuredmedia":[{"embeddable":true,"href":"https:\/\/membraneswitchmfg.com\/fi\/wp-json\/wp\/v2\/media\/1652"}],"wp:attachment":[{"href":"https:\/\/membraneswitchmfg.com\/fi\/wp-json\/wp\/v2\/media?parent=1691"}],"wp:term":[{"taxonomy":"product_brand","embeddable":true,"href":"https:\/\/membraneswitchmfg.com\/fi\/wp-json\/wp\/v2\/product_brand?post=1691"},{"taxonomy":"product_cat","embeddable":true,"href":"https:\/\/membraneswitchmfg.com\/fi\/wp-json\/wp\/v2\/product_cat?post=1691"},{"taxonomy":"product_tag","embeddable":true,"href":"https:\/\/membraneswitchmfg.com\/fi\/wp-json\/wp\/v2\/product_tag?post=1691"}],"curies":[{"name":"wp","href":"https:\/\/api.w.org\/{rel}","templated":true}]}}