{"id":1692,"date":"2024-06-22T14:56:03","date_gmt":"2024-06-22T14:56:03","guid":{"rendered":"https:\/\/membraneswitchmfg.com\/manufacturer\/variability-qr-code-label\/"},"modified":"2024-06-26T00:51:06","modified_gmt":"2024-06-26T00:51:06","slug":"variability-qr-code-label","status":"publish","type":"product","link":"https:\/\/membraneswitchmfg.com\/fi\/manufacturer\/variability-qr-code-label\/","title":{"rendered":"Muuttuvuus QR-kooditarra"},"content":{"rendered":"<div class=\"response-container ng-tns-c1921205209-93 ng-star-inserted response-container-has-multiple-responses\">\n<div class=\"presented-response-container ng-tns-c1921205209-93\">\n<div class=\"response-container-content ng-tns-c1921205209-93 tunable-selection-with-avatar\">\n<div class=\"response-content ng-tns-c1921205209-93\">\n<div class=\"markdown markdown-main-panel\" dir=\"ltr\">\n<h2 class=\"\" data-sourcepos=\"1:1-1:69\">Vaihtelevat QR-kooditarrat: Dynaamista dataa ja vertaansa vailla olevaa monipuolisuutta<\/h2>\n<p data-sourcepos=\"3:1-3:133\">Paranna merkint\u00e4- ja tiedonhallintakykyj\u00e4si innovatiivisilla vaihtelevilla QR-kooditarroillamme. N\u00e4m\u00e4 monipuoliset tarrat tarjoavat ainutlaatuisen ratkaisun sovelluksiin, jotka vaativat dynaamista dataa ja henkil\u00f6kohtaista tietoa, tarjoten tehokkaan ty\u00f6kalun monille eri toimialoille.<\/p>\n<p data-sourcepos=\"5:1-5:50\"><strong>Vertaansa vailla olevaa monipuolisuutta erilaisiin sovelluksiin<\/strong><\/p>\n<p data-sourcepos=\"7:1-7:175\">Vaihtelevat QR-kooditarrat ovat ihanteellisia sovelluksiin, joissa tiedon on oltava yksil\u00f6llist\u00e4 tai muututtava usein. Jokainen tarra sis\u00e4lt\u00e4\u00e4 yksil\u00f6llisen QR-koodin, joka voidaan linkitt\u00e4\u00e4 tiettyyn tietokantaan tai verkkosivulle, jolloin voit tallentaa ja k\u00e4ytt\u00e4\u00e4 valtavan m\u00e4\u00e4r\u00e4n dynaamista tietoa. T\u00e4m\u00e4 tekee niist\u00e4 t\u00e4ydellisi\u00e4:<\/p>\n<ul data-sourcepos=\"9:1-10:1\">\n<li data-sourcepos=\"9:1-9:47\"><strong>Tuotteiden seuranta ja varastonhallinta<\/strong><\/li>\n<li data-sourcepos=\"10:1-10:1\"><strong>Markkinointikampanjat ja henkil\u00f6kohtaiset tarjoukset<\/strong><\/li>\n<li data-sourcepos=\"11:1-11:39\"><strong>Omaisuuden seuranta ja tunnistaminen<\/strong><\/li>\n<li data-sourcepos=\"12:1-12:43\"><strong>Toimitusketjun hallinta ja logistiikka<\/strong><\/li>\n<li data-sourcepos=\"13:1-14:0\"><strong>Todentamis- ja v\u00e4\u00e4renn\u00f6sten vastaiset toimenpiteet<\/strong><\/li>\n<\/ul>\n<p data-sourcepos=\"15:1-15:89\"><strong>Kumppani Kiina Label viivakooditulostin toimittajat ylivoimainen laatu ja asiantuntemus<\/strong><\/p>\n<p data-sourcepos=\"17:1-17:348\">Kiinalaisina Label Barcode Printer Suppliers -yrityksen\u00e4 olemme sitoutuneet tarjoamaan asiakkaillemme korkealaatuisia vaihtelevia QR-kooditarroja ja asiantuntemusta heid\u00e4n erityisten sovellustarpeidensa t\u00e4ytt\u00e4miseksi. Kokeneista ammattilaisista koostuva tiimimme voi auttaa sinua valitsemaan oikean tarramateriaalin, QR-koodimuodon ja tulostusvaihtoehdot ainutlaatuisiin tarpeisiisi.<\/p>\n<p data-sourcepos=\"19:1-19:127\"><strong>Ota yhteytt\u00e4 t\u00e4n\u00e4\u00e4n<\/strong> saadaksesi lis\u00e4tietoja vaihtelevista QR-kooditarroistamme ja siit\u00e4, miten voimme auttaa sinua virtaviivaistamaan tiedonhallintaasi ja parantamaan merkint\u00e4ominaisuuksiasi.<\/p>\n<\/div>\n<\/div>\n<\/div>\n<\/div>\n<\/div>","protected":false},"excerpt":{"rendered":"<p>Vaihtelevat QR-kooditarrat ovat erikoistuneita tarroja, joissa on yksil\u00f6lliset Quick Response (QR) -koodit jokaisessa yksitt\u00e4isess\u00e4 tarrassa. N\u00e4m\u00e4 QR-koodit sis\u00e4lt\u00e4v\u00e4t vaihtelevaa dataa, mik\u00e4 tarkoittaa, ett\u00e4 jokainen koodi voi tallentaa erilaista tietoa, mik\u00e4 tekee niist\u00e4 ihanteellisia sovelluksiin, jotka vaativat yksil\u00f6llisi\u00e4 tunnisteita, j\u00e4ljitett\u00e4v\u00e4\u00e4 dataa tai henkil\u00f6kohtaista tietoa.<\/p>","protected":false},"featured_media":1661,"template":"","meta":[],"product_brand":[],"product_cat":[15],"product_tag":[],"class_list":{"0":"post-1692","1":"product","2":"type-product","3":"status-publish","4":"has-post-thumbnail","6":"product_cat-print-label","8":"first","9":"instock","10":"shipping-taxable","11":"product-type-simple"},"_links":{"self":[{"href":"https:\/\/membraneswitchmfg.com\/fi\/wp-json\/wp\/v2\/product\/1692","targetHints":{"allow":["GET"]}}],"collection":[{"href":"https:\/\/membraneswitchmfg.com\/fi\/wp-json\/wp\/v2\/product"}],"about":[{"href":"https:\/\/membraneswitchmfg.com\/fi\/wp-json\/wp\/v2\/types\/product"}],"wp:featuredmedia":[{"embeddable":true,"href":"https:\/\/membraneswitchmfg.com\/fi\/wp-json\/wp\/v2\/media\/1661"}],"wp:attachment":[{"href":"https:\/\/membraneswitchmfg.com\/fi\/wp-json\/wp\/v2\/media?parent=1692"}],"wp:term":[{"taxonomy":"product_brand","embeddable":true,"href":"https:\/\/membraneswitchmfg.com\/fi\/wp-json\/wp\/v2\/product_brand?post=1692"},{"taxonomy":"product_cat","embeddable":true,"href":"https:\/\/membraneswitchmfg.com\/fi\/wp-json\/wp\/v2\/product_cat?post=1692"},{"taxonomy":"product_tag","embeddable":true,"href":"https:\/\/membraneswitchmfg.com\/fi\/wp-json\/wp\/v2\/product_tag?post=1692"}],"curies":[{"name":"wp","href":"https:\/\/api.w.org\/{rel}","templated":true}]}}