{"id":1693,"date":"2024-06-22T14:56:03","date_gmt":"2024-06-22T14:56:03","guid":{"rendered":"https:\/\/membraneswitchmfg.com\/manufacturer\/removable-non-residual-electrostatic-film-label\/"},"modified":"2024-06-25T14:49:18","modified_gmt":"2024-06-25T14:49:18","slug":"removable-non-residual-electrostatic-film-label","status":"publish","type":"product","link":"https:\/\/membraneswitchmfg.com\/fi\/manufacturer\/removable-non-residual-electrostatic-film-label\/","title":{"rendered":"Irrotettava, ei-j\u00e4\u00e4nn\u00f6selektrostaattinen kalvotarra"},"content":{"rendered":"<h2 class=\"\" data-sourcepos=\"3:1-3:94\">Irrotettavat ei-j\u00e4\u00e4nn\u00f6selektrostaattiset kalvotarrat: Monipuoliset ja uudelleenk\u00e4ytett\u00e4v\u00e4t merkint\u00e4ratkaisut<\/h2>\n<p data-sourcepos=\"5:1-5:318\">Ota vastaan uudelleenk\u00e4ytett\u00e4vien merkint\u00f6jen mukavuus irrotettavien, ei-j\u00e4ljitett\u00e4vien s\u00e4hk\u00f6staattisten kalvotarrojen avulla. N\u00e4m\u00e4 monipuoliset tarrat tarjoavat vaivattoman ratkaisun tilap\u00e4isiin merkint\u00f6ihin, tuotetunnisteisiin ja mainosviesteihin, sill\u00e4 ne kiinnittyv\u00e4t turvallisesti moniin eri pintoihin j\u00e4tt\u00e4m\u00e4tt\u00e4 j\u00e4lkeens\u00e4 tahmeaa j\u00e4lke\u00e4.<\/p>\n<p data-sourcepos=\"7:1-7:52\"><strong>Verraton monipuolisuus tilap\u00e4isiin sovelluksiin<\/strong><\/p>\n<p data-sourcepos=\"9:1-9:162\">Irrotettavat, ei-j\u00e4ljitett\u00e4v\u00e4t s\u00e4hk\u00f6staattiset kalvotarrat ovat ihanteellisia sovelluksiin, joissa tarrat on poistettava ja asetettava uudelleen usein. Ne sopivat erinomaisesti:<\/p>\n<ul data-sourcepos=\"11:1-16:0\">\n<li data-sourcepos=\"11:1-11:36\"><strong>V\u00e4hitt\u00e4ismyynti- ja mainoskyltit<\/strong><\/li>\n<li data-sourcepos=\"12:1-12:38\"><strong>Varaston ja varaston merkinn\u00e4t<\/strong><\/li>\n<li data-sourcepos=\"13:1-13:40\"><strong>Tilap\u00e4iset toimisto- ja tapahtumakyltit<\/strong><\/li>\n<li data-sourcepos=\"14:1-14:41\"><strong>Tuotteiden merkinn\u00e4t ja tunnistaminen<\/strong><\/li>\n<li data-sourcepos=\"15:1-16:0\"><strong>Koulutus- ja opastekyltit<\/strong><\/li>\n<\/ul>\n<p data-sourcepos=\"17:1-17:29\"><strong>Uudelleenk\u00e4ytett\u00e4v\u00e4 ja j\u00e4\u00e4m\u00e4t\u00f6n<\/strong><\/p>\n<p data-sourcepos=\"19:1-19:284\">Korkealaatuisesta s\u00e4hk\u00f6staattisesta kalvosta valmistetut tarrat kiinnittyv\u00e4t tukevasti sileisiin pintoihin ilman liimaa. Ne voidaan helposti irrottaa ja sijoittaa uudelleen j\u00e4tt\u00e4m\u00e4tt\u00e4 tahmeaa j\u00e4lke\u00e4, mik\u00e4 tekee niist\u00e4 kest\u00e4v\u00e4n ja ymp\u00e4rist\u00f6yst\u00e4v\u00e4llisen etikettivalinnan.<\/p>\n<p data-sourcepos=\"21:1-21:2\"><strong>Yhteensopiva useiden tulostimien kanssa<\/strong><\/p>\n<p data-sourcepos=\"23:1-23:243\">Irrotettavat, ei-pysyv\u00e4t s\u00e4hk\u00f6staattiset kalvotarrat ovat yhteensopivia monenlaisten mustesuihku- ja lasertulostimien kanssa, joten voit luoda r\u00e4\u00e4t\u00e4l\u00f6ityj\u00e4 tarroja talon sis\u00e4ll\u00e4. Niit\u00e4 on saatavana eri kokoisina ja muotoisina, jotta ne sopivat erityistarpeisiisi.<\/p>\n<p data-sourcepos=\"25:1-25:89\"><strong>Kumppani Kiina Label viivakooditulostin toimittajat ylivoimainen laatu ja asiantuntemus<\/strong><\/p>\n<p data-sourcepos=\"27:1-27:360\">Kiina Label viivakooditulostin toimittajat, olemme sitoutuneet tarjoamaan asiakkaillemme korkealaatuisia irrotettavia ei-j\u00e4\u00e4vi\u00e4 s\u00e4hk\u00f6staattisia kalvotarroja ja asiantuntemusta, joka vastaa heid\u00e4n erityisi\u00e4 sovellustarpeitaan. Kokeneiden ammattilaisten tiimimme voi auttaa sinua valitsemaan oikean etikettimateriaalin, koon ja tulostusvaihtoehdot ainutlaatuisiin vaatimuksiisi.<\/p>\n<p data-sourcepos=\"29:1-29:170\"><strong>Ota yhteytt\u00e4 t\u00e4n\u00e4\u00e4n<\/strong> saadaksesi lis\u00e4tietoja irrotettavista, ei-j\u00e4ljitett\u00e4vist\u00e4 s\u00e4hk\u00f6staattisista kalvotarroistamme ja siit\u00e4, miten voimme auttaa sinua virtaviivaistamaan merkint\u00e4prosessejasi ja v\u00e4hent\u00e4m\u00e4\u00e4n j\u00e4tett\u00e4.<\/p>","protected":false},"excerpt":{"rendered":"<p>Irrotettavat, ei-j\u00e4ljitett\u00e4v\u00e4t s\u00e4hk\u00f6staattiset kalvotarrat ovat tarratyyppi, joka kiinnittyy pintoihin pikemminkin staattisen s\u00e4hk\u00f6n kuin liiman avulla. T\u00e4m\u00e4n ainutlaatuisen ominaisuuden ansiosta ne voidaan helposti kiinnitt\u00e4\u00e4 ja poistaa j\u00e4tt\u00e4m\u00e4tt\u00e4 tahmeaa j\u00e4lke\u00e4 tai vaurioita.<\/p>","protected":false},"featured_media":1658,"template":"","meta":[],"product_brand":[],"product_cat":[15],"product_tag":[],"class_list":{"0":"post-1693","1":"product","2":"type-product","3":"status-publish","4":"has-post-thumbnail","6":"product_cat-print-label","8":"first","9":"instock","10":"shipping-taxable","11":"product-type-simple"},"_links":{"self":[{"href":"https:\/\/membraneswitchmfg.com\/fi\/wp-json\/wp\/v2\/product\/1693","targetHints":{"allow":["GET"]}}],"collection":[{"href":"https:\/\/membraneswitchmfg.com\/fi\/wp-json\/wp\/v2\/product"}],"about":[{"href":"https:\/\/membraneswitchmfg.com\/fi\/wp-json\/wp\/v2\/types\/product"}],"wp:featuredmedia":[{"embeddable":true,"href":"https:\/\/membraneswitchmfg.com\/fi\/wp-json\/wp\/v2\/media\/1658"}],"wp:attachment":[{"href":"https:\/\/membraneswitchmfg.com\/fi\/wp-json\/wp\/v2\/media?parent=1693"}],"wp:term":[{"taxonomy":"product_brand","embeddable":true,"href":"https:\/\/membraneswitchmfg.com\/fi\/wp-json\/wp\/v2\/product_brand?post=1693"},{"taxonomy":"product_cat","embeddable":true,"href":"https:\/\/membraneswitchmfg.com\/fi\/wp-json\/wp\/v2\/product_cat?post=1693"},{"taxonomy":"product_tag","embeddable":true,"href":"https:\/\/membraneswitchmfg.com\/fi\/wp-json\/wp\/v2\/product_tag?post=1693"}],"curies":[{"name":"wp","href":"https:\/\/api.w.org\/{rel}","templated":true}]}}