{"id":1694,"date":"2024-06-22T14:56:04","date_gmt":"2024-06-22T14:56:04","guid":{"rendered":"https:\/\/membraneswitchmfg.com\/manufacturer\/listing-card-product-manual\/"},"modified":"2024-06-25T14:40:27","modified_gmt":"2024-06-25T14:40:27","slug":"listing-card-product-manual","status":"publish","type":"product","link":"https:\/\/membraneswitchmfg.com\/fi\/manufacturer\/listing-card-product-manual\/","title":{"rendered":"Luettelokortti ja tuotek\u00e4sikirja"},"content":{"rendered":"<h2 class=\"\" data-sourcepos=\"1:1-1:87\">Luettelokortit ja tuoteoppaat: Tuotteiden esittelyn ja br\u00e4ndi-identiteetin parantaminen<\/h2>\n<p data-sourcepos=\"3:1-3:108\">Paranna tuote-esittely\u00e4si ja br\u00e4ndi-identiteetti\u00e4si laadukkailla listauskorteillamme ja tuotek\u00e4sikirjoillamme. N\u00e4m\u00e4 keskeiset ty\u00f6kalut tarjoavat arvokasta tietoa asiakkaille, parantavat heid\u00e4n ostokokemustaan ja edist\u00e4v\u00e4t merkkiuskollisuutta.<\/p>\n<p data-sourcepos=\"5:1-5:56\"><strong>Listauskortit: Selke\u00e4t ja ytimekk\u00e4\u00e4t tuotetiedot<\/strong><\/p>\n<p data-sourcepos=\"7:1-7:21\">Luettelokortit tarjoavat tiiviin ja informatiivisen yleiskatsauksen tuotteistasi, ja niiss\u00e4 on keskeiset tiedot yhdell\u00e4 silm\u00e4yksell\u00e4. Ne ovat ihanteellisia:<\/p>\n<ul data-sourcepos=\"9:1-12:0\">\n<li data-sourcepos=\"9:1-9:64\"><strong>Tuotteiden nimien, kuvausten ja eritelmien n\u00e4ytt\u00e4minen<\/strong><\/li>\n<li data-sourcepos=\"10:1-10:44\"><strong>Keskeisten ominaisuuksien ja hy\u00f6tyjen korostaminen<\/strong><\/li>\n<li data-sourcepos=\"11:1-12:0\"><strong>Tuotekuvien ja tuotemerkkien esittely<\/strong><\/li>\n<\/ul>\n<p data-sourcepos=\"13:1-13:48\"><strong>Tuotteen k\u00e4sikirjat: Kattavat k\u00e4ytt\u00f6ohjeet<\/strong><\/p>\n<p data-sourcepos=\"15:1-15:23\">Tuotek\u00e4sikirjat tarjoavat kattavat ohjeet ja opastuksen tuotteisiisi, mik\u00e4 varmistaa asiakastyytyv\u00e4isyyden ja v\u00e4hent\u00e4\u00e4 tukikustannuksia. Niit\u00e4 ovat mm:<\/p>\n<ul data-sourcepos=\"17:1-21:0\">\n<li data-sourcepos=\"17:1-17:50\"><strong>Yksityiskohtaiset asennus- ja asennusohjeet<\/strong><\/li>\n<li data-sourcepos=\"18:1-18:39\"><strong>Vaiheittaiset toimintamenettelyt<\/strong><\/li>\n<li data-sourcepos=\"19:1-19:35\"><strong>Vianm\u00e4\u00e4ritysvinkkej\u00e4 ja usein kysyttyj\u00e4 kysymyksi\u00e4<\/strong><\/li>\n<li data-sourcepos=\"20:1-21:0\"><strong>Turvallisuusvaroitukset ja varotoimet<\/strong><\/li>\n<\/ul>\n<p data-sourcepos=\"22:1-22:89\"><strong>Kumppani Kiina Label viivakooditulostin toimittajat ylivoimainen laatu ja asiantuntemus<\/strong><\/p>\n<p data-sourcepos=\"24:1-24:316\">Kiina Label Barcode Printer Suppliers, olemme sitoutuneet tarjoamaan asiakkaillemme korkealaatuisia listauskortteja ja tuoteoppaita. Kokeneiden ammattilaisten tiimimme voi auttaa sinua suunnittelemaan ja luomaan r\u00e4\u00e4t\u00e4l\u00f6ityj\u00e4 materiaaleja, jotka vastaavat br\u00e4ndi-identiteetti\u00e4si ja v\u00e4litt\u00e4v\u00e4t tehokkaasti tuotetietoja.<\/p>\n<p data-sourcepos=\"26:1-26:62\"><strong>Ota yhteytt\u00e4 t\u00e4n\u00e4\u00e4n<\/strong> saadaksesi lis\u00e4tietoja listauskorteistamme ja tuotek\u00e4sikirjoistamme ja siit\u00e4, miten voimme auttaa sinua parantamaan tuotesijoittelua, parantamaan asiakaskokemusta ja vahvistamaan br\u00e4ndi\u00e4si.<\/p>\n<p data-sourcepos=\"28:1-28:150\"><strong>Muita avainsanoja:<\/strong> sd-kortin tulostin tarrat, id-kortin etiketin tulostin, etiketti kortin tulostin, tulosta tarrat joulukortit, painettu pahvi tarrat<\/p>","protected":false},"excerpt":{"rendered":"<p>Luettelokortti tai tuoteopas on asiakirja, jossa annetaan yksityiskohtaista tietoa tuotteesta tai palvelusta. Yritykset k\u00e4ytt\u00e4v\u00e4t sit\u00e4 yleens\u00e4 tiedottaakseen asiakkaille tuotteidensa ominaisuuksista, eduista ja teknisist\u00e4 ominaisuuksista.<\/p>","protected":false},"featured_media":1657,"template":"","meta":[],"product_brand":[],"product_cat":[15],"product_tag":[],"class_list":{"0":"post-1694","1":"product","2":"type-product","3":"status-publish","4":"has-post-thumbnail","6":"product_cat-print-label","8":"first","9":"instock","10":"shipping-taxable","11":"product-type-simple"},"_links":{"self":[{"href":"https:\/\/membraneswitchmfg.com\/fi\/wp-json\/wp\/v2\/product\/1694","targetHints":{"allow":["GET"]}}],"collection":[{"href":"https:\/\/membraneswitchmfg.com\/fi\/wp-json\/wp\/v2\/product"}],"about":[{"href":"https:\/\/membraneswitchmfg.com\/fi\/wp-json\/wp\/v2\/types\/product"}],"wp:featuredmedia":[{"embeddable":true,"href":"https:\/\/membraneswitchmfg.com\/fi\/wp-json\/wp\/v2\/media\/1657"}],"wp:attachment":[{"href":"https:\/\/membraneswitchmfg.com\/fi\/wp-json\/wp\/v2\/media?parent=1694"}],"wp:term":[{"taxonomy":"product_brand","embeddable":true,"href":"https:\/\/membraneswitchmfg.com\/fi\/wp-json\/wp\/v2\/product_brand?post=1694"},{"taxonomy":"product_cat","embeddable":true,"href":"https:\/\/membraneswitchmfg.com\/fi\/wp-json\/wp\/v2\/product_cat?post=1694"},{"taxonomy":"product_tag","embeddable":true,"href":"https:\/\/membraneswitchmfg.com\/fi\/wp-json\/wp\/v2\/product_tag?post=1694"}],"curies":[{"name":"wp","href":"https:\/\/api.w.org\/{rel}","templated":true}]}}