{"id":1695,"date":"2024-06-22T14:56:04","date_gmt":"2024-06-22T14:56:04","guid":{"rendered":"https:\/\/membraneswitchmfg.com\/manufacturer\/screen-printed-panel-signs-and-warning-labels\/"},"modified":"2024-06-25T14:46:40","modified_gmt":"2024-06-25T14:46:40","slug":"screen-printed-panel-signs-and-warning-labels","status":"publish","type":"product","link":"https:\/\/membraneswitchmfg.com\/fi\/manufacturer\/screen-printed-panel-signs-and-warning-labels\/","title":{"rendered":"Paneelimerkit ja varoitustarrat, jotka on painettu silkkipainolla"},"content":{"rendered":"<h2 class=\"\" data-sourcepos=\"1:1-1:83\">Tauluun painetut kyltit ja varoitustarrat: Turvallisuuden ja viestinn\u00e4n parantaminen<\/h2>\n<p data-sourcepos=\"3:1-3:330\">Viestit\u00e4 olennaisista turvallisuusviesteist\u00e4 ja t\u00e4rkeist\u00e4 tiedoista tehokkaasti kest\u00e4vill\u00e4 ja mukautettavilla silkkipainetuilla paneelikylteill\u00e4mme ja varoitustarroillamme. N\u00e4m\u00e4 monipuoliset kyltit on suunniteltu kest\u00e4m\u00e4\u00e4n vaativia ymp\u00e4rist\u00f6j\u00e4 ja varmistamaan, ett\u00e4 viestisi pysyv\u00e4t selkein\u00e4, n\u00e4kyvin\u00e4 ja huomiota her\u00e4tt\u00e4vin\u00e4 my\u00f6s vaativissa olosuhteissa.<\/p>\n<p data-sourcepos=\"5:1-5:2\"><strong>Verraton kest\u00e4vyys vaativissa ymp\u00e4rist\u00f6iss\u00e4<\/strong><\/p>\n<p data-sourcepos=\"7:1-7:134\">Laadukkaista materiaaleista valmistetut ja kehittyneit\u00e4 seulapainotekniikoita hy\u00f6dynt\u00e4v\u00e4t paneelikyltit ja varoitustarrat on rakennettu kest\u00e4m\u00e4\u00e4n. Ne kest\u00e4v\u00e4t haalistumista, repeytymist\u00e4 ja kemiallista hajoamista, mik\u00e4 takaa, ett\u00e4 viestisi pysyv\u00e4t n\u00e4kyvill\u00e4 ja tehokkaina vuosien ajan.<\/p>\n<p data-sourcepos=\"9:1-9:17\"><strong>R\u00e4\u00e4t\u00e4l\u00f6it\u00e4viss\u00e4 vastaamaan erityistarpeitasi<\/strong><\/p>\n<p data-sourcepos=\"11:1-11:86\">Tarjoamme laajan valikoiman r\u00e4\u00e4t\u00e4l\u00f6intivaihtoehtoja vastaamaan erityistarpeitasi, mukaan lukien:<\/p>\n<ul data-sourcepos=\"13:1-17:0\">\n<li data-sourcepos=\"13:1-13:60\"><strong>Erilaisia kokoja ja muotoja mink\u00e4 tahansa viestin mukauttamiseksi.<\/strong><\/li>\n<li data-sourcepos=\"14:1-14:49\"><strong>T\u00e4ysv\u00e4ritulostus vaikuttavaa visuaalista ilmett\u00e4 varten<\/strong><\/li>\n<li data-sourcepos=\"15:1-15:67\"><strong>Muokattavissa oleva teksti ja grafiikka viestin selke\u00e4ksi v\u00e4litt\u00e4miseksi.<\/strong><\/li>\n<li data-sourcepos=\"16:1-17:0\"><strong>Materiaalivalikoima ymp\u00e4rist\u00f6\u00f6n sopivaksi<\/strong><\/li>\n<\/ul>\n<p data-sourcepos=\"18:1-18:53\"><strong>Ihanteellinen monenlaisiin teollisiin sovelluksiin<\/strong><\/p>\n<p data-sourcepos=\"20:1-20:65\">Seulapainetut paneelikilvet ja varoitustarrat soveltuvat erinomaisesti monenlaisiin teollisiin sovelluksiin, kuten:<\/p>\n<ul data-sourcepos=\"22:1-27:0\">\n<li data-sourcepos=\"22:1-22:38\"><strong>Turvallisuusvaroitukset ja -ohjeet<\/strong><\/li>\n<li data-sourcepos=\"23:1-23:36\"><strong>Lains\u00e4\u00e4d\u00e4nn\u00f6n vaatimustenmukaisuusmerkinn\u00e4t<\/strong><\/li>\n<li data-sourcepos=\"24:1-24:47\"><strong>Vaarojen tunnistaminen ja varoitusmerkit<\/strong><\/li>\n<li data-sourcepos=\"25:1-25:43\"><strong>Suunta- ja informaatiokyltit<\/strong><\/li>\n<li data-sourcepos=\"26:1-27:0\"><strong>Rakennusty\u00f6maan opasteet<\/strong><\/li>\n<\/ul>\n<p data-sourcepos=\"28:1-28:89\"><strong>Kumppani Kiina Label viivakooditulostin toimittajat ylivoimainen laatu ja asiantuntemus<\/strong><\/p>\n<p data-sourcepos=\"30:1-30:333\">Kiina Label Barcode Printer Suppliers, olemme sitoutuneet tarjoamaan asiakkaillemme korkealaatuisia silkkipainettuja paneelikylttej\u00e4 ja varoitustarroja sek\u00e4 asiantuntemusta, joka vastaa heid\u00e4n erityisi\u00e4 sovellustarpeitaan. Kokeneista ammattilaisista koostuva tiimimme voi auttaa sinua suunnittelemaan ja luomaan t\u00e4ydelliset kyltit ainutlaatuisiin vaatimuksiisi.<\/p>\n<p data-sourcepos=\"32:1-32:179\"><strong>Ota yhteytt\u00e4 t\u00e4n\u00e4\u00e4n<\/strong> saadaksesi lis\u00e4tietoja silkkipainetuista paneelikylteist\u00e4mme ja varoitustarroistamme ja siit\u00e4, miten voimme auttaa sinua parantamaan turvallisuutta ja viestint\u00e4\u00e4 teollisuusymp\u00e4rist\u00f6ss\u00e4si.<\/p>","protected":false},"excerpt":{"rendered":"<p>Seulapainetut kyltit ja varoitustarrat ovat olennainen osa eri teollisuudenaloja, ja niill\u00e4 on kriittisi\u00e4 teht\u00e4vi\u00e4 turvallisuuden, opastuksen ja tiedon levitt\u00e4misen kannalta.<\/p>","protected":false},"featured_media":1659,"template":"","meta":[],"product_brand":[],"product_cat":[15],"product_tag":[],"class_list":{"0":"post-1695","1":"product","2":"type-product","3":"status-publish","4":"has-post-thumbnail","6":"product_cat-print-label","8":"first","9":"instock","10":"shipping-taxable","11":"product-type-simple"},"_links":{"self":[{"href":"https:\/\/membraneswitchmfg.com\/fi\/wp-json\/wp\/v2\/product\/1695","targetHints":{"allow":["GET"]}}],"collection":[{"href":"https:\/\/membraneswitchmfg.com\/fi\/wp-json\/wp\/v2\/product"}],"about":[{"href":"https:\/\/membraneswitchmfg.com\/fi\/wp-json\/wp\/v2\/types\/product"}],"wp:featuredmedia":[{"embeddable":true,"href":"https:\/\/membraneswitchmfg.com\/fi\/wp-json\/wp\/v2\/media\/1659"}],"wp:attachment":[{"href":"https:\/\/membraneswitchmfg.com\/fi\/wp-json\/wp\/v2\/media?parent=1695"}],"wp:term":[{"taxonomy":"product_brand","embeddable":true,"href":"https:\/\/membraneswitchmfg.com\/fi\/wp-json\/wp\/v2\/product_brand?post=1695"},{"taxonomy":"product_cat","embeddable":true,"href":"https:\/\/membraneswitchmfg.com\/fi\/wp-json\/wp\/v2\/product_cat?post=1695"},{"taxonomy":"product_tag","embeddable":true,"href":"https:\/\/membraneswitchmfg.com\/fi\/wp-json\/wp\/v2\/product_tag?post=1695"}],"curies":[{"name":"wp","href":"https:\/\/api.w.org\/{rel}","templated":true}]}}