{"id":1772,"date":"2024-06-24T05:57:57","date_gmt":"2024-06-24T05:57:57","guid":{"rendered":"https:\/\/membraneswitchmfg.com\/manufacturer\/high-life-membrane-switches-with-5-million-times\/"},"modified":"2024-06-25T13:24:08","modified_gmt":"2024-06-25T13:24:08","slug":"high-life-membrane-switches-with-5-million-times","status":"publish","type":"product","link":"https:\/\/membraneswitchmfg.com\/fi\/manufacturer\/high-life-membrane-switches-with-5-million-times\/","title":{"rendered":"Korkean k\u00e4ytt\u00f6i\u00e4n kalvokytkimet 5 miljoonalla kertaa"},"content":{"rendered":"<h2><strong><b>High-Life-kalvokytkimet, joiden k\u00e4ytt\u00f6ik\u00e4 on 5 miljoonaa kertaa pitk\u00e4<\/b><\/strong><\/h2>\n<p><strong>Verraton kest\u00e4vyys ja luotettavuus<\/strong><\/p>\n<p>Korkean k\u00e4ytt\u00f6i\u00e4n kalvokytkimemme on rakennettu kest\u00e4m\u00e4\u00e4n, ja niiss\u00e4 on:<\/p>\n<ul>\n<li><strong>Vankka rakenne ensiluokkaisista materiaaleista<\/strong><\/li>\n<li><strong>Tarkasti suunnitellut komponentit tasaista suorituskyky\u00e4 varten<\/strong><\/li>\n<li><strong>Tiukka testaus varmistaa pitk\u00e4aikaisen luotettavuuden.<\/strong><\/li>\n<\/ul>\n<p><strong>Koe ero<\/strong><\/p>\n<p>Korkean k\u00e4ytt\u00f6i\u00e4n kalvokytkimiemme ansiosta voit odottaa:<\/p>\n<ul>\n<li><strong>Pienemm\u00e4t huoltokustannukset ja seisokkiaika<\/strong><\/li>\n<li><strong>Parempi k\u00e4ytt\u00e4j\u00e4tyytyv\u00e4isyys ja tuotteen maine<\/strong><\/li>\n<li><strong>Mielenrauhaa, kun tied\u00e4t, ett\u00e4 tuotteesi toimii tulevina vuosina<\/strong><\/li>\n<\/ul>\n<p><strong>Sovellukset<\/strong><\/p>\n<p>Korkean k\u00e4ytt\u00f6i\u00e4n kalvokytkimemme soveltuvat monenlaisiin sovelluksiin, kuten:<\/p>\n<ul>\n<li><strong>Teollisuuden ohjauspaneelit<\/strong><\/li>\n<li><strong>L\u00e4\u00e4kinn\u00e4lliset laitteet<\/strong><\/li>\n<li><strong>Viihde-elektroniikka<\/strong><\/li>\n<li><strong>Kuljetuslaitteet<\/strong><\/li>\n<li><strong>Ja paljon muuta<\/strong><\/li>\n<\/ul>\n<p><strong>Mukautettavat ratkaisut<\/strong><\/p>\n<p>Tarjoamme laajan valikoiman r\u00e4\u00e4t\u00e4l\u00f6intivaihtoehtoja vastaamaan erityistarpeitasi, mukaan lukien:<\/p>\n<ul>\n<li><strong>Erilaisia kytkinkokoja ja kokoonpanoja<\/strong><\/li>\n<li><strong>Mukautettu grafiikka ja taustavalo<\/strong><\/li>\n<li><strong>Tuntopalautteen vaihtoehdot<\/strong><\/li>\n<li><strong>Ymp\u00e4rist\u00f6n tiivist\u00e4minen ja suojaaminen<\/strong><\/li>\n<\/ul>\n<p><strong>Kumppanuus kokeneen kalvokytkinvalmistajan kanssa<\/strong><\/p>\n<p>Vuosien kokemuksella ja sitoutumisella laatuun olemme luotettava l\u00e4hde pitk\u00e4ik\u00e4isille kalvokytkimille. Asiantuntijatiimimme voi auttaa sinua suunnittelemaan ja valmistamaan t\u00e4ydelliset kytkimet sovellukseesi.<\/p>\n<p><strong>Ota yhteytt\u00e4 t\u00e4n\u00e4\u00e4n<\/strong>\u00a0saadaksesi lis\u00e4tietoja pitk\u00e4ik\u00e4isist\u00e4 kalvokytkimist\u00e4mme ja siit\u00e4, miten voimme auttaa sinua parantamaan tuotteesi suorituskyky\u00e4 ja luotettavuutta.<\/p>","protected":false},"excerpt":{"rendered":"<p>Paranna tuotteesi suorituskyky\u00e4 ja k\u00e4ytt\u00e4j\u00e4kokemusta pitk\u00e4ik\u00e4isill\u00e4 kalvokytkimill\u00e4mme, jotka on suunniteltu kest\u00e4m\u00e4\u00e4n jopa 5 miljoonaa k\u00e4ytt\u00f6kertaa. N\u00e4m\u00e4 kest\u00e4v\u00e4t kytkimet ovat poikkeuksellisen luotettavia ja pitk\u00e4ik\u00e4isi\u00e4, joten ne sopivat erinomaisesti vaativiin sovelluksiin.<\/p>","protected":false},"featured_media":1761,"template":"","meta":[],"product_brand":[],"product_cat":[40],"product_tag":[],"class_list":{"0":"post-1772","1":"product","2":"type-product","3":"status-publish","4":"has-post-thumbnail","6":"product_cat-membrane-switch","8":"first","9":"instock","10":"shipping-taxable","11":"product-type-simple"},"_links":{"self":[{"href":"https:\/\/membraneswitchmfg.com\/fi\/wp-json\/wp\/v2\/product\/1772","targetHints":{"allow":["GET"]}}],"collection":[{"href":"https:\/\/membraneswitchmfg.com\/fi\/wp-json\/wp\/v2\/product"}],"about":[{"href":"https:\/\/membraneswitchmfg.com\/fi\/wp-json\/wp\/v2\/types\/product"}],"wp:featuredmedia":[{"embeddable":true,"href":"https:\/\/membraneswitchmfg.com\/fi\/wp-json\/wp\/v2\/media\/1761"}],"wp:attachment":[{"href":"https:\/\/membraneswitchmfg.com\/fi\/wp-json\/wp\/v2\/media?parent=1772"}],"wp:term":[{"taxonomy":"product_brand","embeddable":true,"href":"https:\/\/membraneswitchmfg.com\/fi\/wp-json\/wp\/v2\/product_brand?post=1772"},{"taxonomy":"product_cat","embeddable":true,"href":"https:\/\/membraneswitchmfg.com\/fi\/wp-json\/wp\/v2\/product_cat?post=1772"},{"taxonomy":"product_tag","embeddable":true,"href":"https:\/\/membraneswitchmfg.com\/fi\/wp-json\/wp\/v2\/product_tag?post=1772"}],"curies":[{"name":"wp","href":"https:\/\/api.w.org\/{rel}","templated":true}]}}