{"id":1773,"date":"2024-06-24T05:57:57","date_gmt":"2024-06-24T05:57:57","guid":{"rendered":"https:\/\/membraneswitchmfg.com\/manufacturer\/silver-flex-membrane-switch\/"},"modified":"2024-06-25T13:26:16","modified_gmt":"2024-06-25T13:26:16","slug":"silver-flex-membrane-switch","status":"publish","type":"product","link":"https:\/\/membraneswitchmfg.com\/fi\/manufacturer\/silver-flex-membrane-switch\/","title":{"rendered":"Silver Flex -kalvokytkin"},"content":{"rendered":"<h2><strong><b>Silver Flex -kalvokytkimet: Luotettavat ja kustannustehokkaat ratkaisut<\/b><\/strong><\/h2>\n<p><strong>Verraton monipuolisuus ja suorituskyky<\/strong><\/p>\n<p>Silver Flex -kalvokytkimet ovat tunnettuja:<\/p>\n<ul>\n<li><strong>Ohut ja joustava rakenne helpottaa integrointia<\/strong><\/li>\n<li><strong>Tuntopalaute parantaa k\u00e4ytt\u00e4j\u00e4kokemusta<\/strong><\/li>\n<li><strong>Pitk\u00e4 k\u00e4ytt\u00f6ik\u00e4 miljoonilla toimilaitteilla<\/strong><\/li>\n<li><strong>Kest\u00e4\u00e4 kosteutta, p\u00f6ly\u00e4 ja vaativia ymp\u00e4rist\u00f6j\u00e4.<\/strong><\/li>\n<\/ul>\n<p><strong>Kustannustehokkaita ratkaisuja tarpeisiisi<\/strong><\/p>\n<p>Silver Flex -kalvokytkimet tarjoavat kustannustehokkaan ratkaisun laadusta tinkim\u00e4tt\u00e4. Ne soveltuvat erinomaisesti sovelluksiin, joissa:<\/p>\n<ul>\n<li><strong>Talousarvio on ensisijainen huolenaihe<\/strong><\/li>\n<li><strong>Tarvitaan suuria m\u00e4\u00e4ri\u00e4<\/strong><\/li>\n<li><strong>Tilanpuute on tekij\u00e4<\/strong><\/li>\n<\/ul>\n<p><strong>Sovellukset<\/strong><\/p>\n<p>Silver Flex -kalvokytkimi\u00e4 k\u00e4ytet\u00e4\u00e4n laajalti eri teollisuudenaloilla, kuten:<\/p>\n<ul>\n<li><strong>Viihde-elektroniikka<\/strong><\/li>\n<li><strong>L\u00e4\u00e4kinn\u00e4lliset laitteet<\/strong><\/li>\n<li><strong>Teollisuuden ohjauspaneelit<\/strong><\/li>\n<li><strong>Laitteet<\/strong><\/li>\n<li><strong>Ja paljon muuta<\/strong><\/li>\n<\/ul>\n<p><strong>Mukautettavat vaihtoehdot<\/strong><\/p>\n<p>Tarjoamme laajan valikoiman r\u00e4\u00e4t\u00e4l\u00f6intivaihtoehtoja vastaamaan erityistarpeitasi, mukaan lukien:<\/p>\n<ul>\n<li><strong>Erilaisia kytkinkokoja ja kokoonpanoja<\/strong><\/li>\n<li><strong>Mukautettu grafiikka ja taustavalo<\/strong><\/li>\n<li><strong>Tuntopalautteen vaihtoehdot<\/strong><\/li>\n<li><strong>Ymp\u00e4rist\u00f6n tiivist\u00e4minen ja suojaaminen<\/strong><\/li>\n<\/ul>\n<p><strong>Yhteisty\u00f6kumppani luotettavan vedenpit\u00e4v\u00e4n kalvokytkimen toimittajan kanssa<\/strong><\/p>\n<p>Vuosien kokemuksella ja sitoutumisella laatuun olemme luotettava Silver Flex -kalvokytkimien toimittajasi. Asiantuntijatiimimme voi auttaa sinua suunnittelemaan ja valmistamaan t\u00e4ydelliset kytkimet sovellukseesi.<\/p>\n<p><strong>Ota yhteytt\u00e4 t\u00e4n\u00e4\u00e4n<\/strong>\u00a0saadaksesi lis\u00e4tietoja Silver Flex -kalvokytkimist\u00e4mme ja siit\u00e4, miten voimme auttaa sinua saavuttamaan tuotetavoitteesi budjetin rajoissa.<\/p>","protected":false},"excerpt":{"rendered":"<p>Koe suorituskyvyn ja edullisuuden t\u00e4ydellinen tasapaino Silver Flex -kalvokytkimiemme avulla. N\u00e4iss\u00e4 monipuolisissa kytkimiss\u00e4 on tuntuva, herkk\u00e4 tuntuma ja pitk\u00e4aikainen kest\u00e4vyys, joten ne ovat ihanteellinen valinta monenlaisiin sovelluksiin.<\/p>","protected":false},"featured_media":1759,"template":"","meta":[],"product_brand":[],"product_cat":[40],"product_tag":[],"class_list":{"0":"post-1773","1":"product","2":"type-product","3":"status-publish","4":"has-post-thumbnail","6":"product_cat-membrane-switch","8":"first","9":"instock","10":"shipping-taxable","11":"product-type-simple"},"_links":{"self":[{"href":"https:\/\/membraneswitchmfg.com\/fi\/wp-json\/wp\/v2\/product\/1773","targetHints":{"allow":["GET"]}}],"collection":[{"href":"https:\/\/membraneswitchmfg.com\/fi\/wp-json\/wp\/v2\/product"}],"about":[{"href":"https:\/\/membraneswitchmfg.com\/fi\/wp-json\/wp\/v2\/types\/product"}],"wp:featuredmedia":[{"embeddable":true,"href":"https:\/\/membraneswitchmfg.com\/fi\/wp-json\/wp\/v2\/media\/1759"}],"wp:attachment":[{"href":"https:\/\/membraneswitchmfg.com\/fi\/wp-json\/wp\/v2\/media?parent=1773"}],"wp:term":[{"taxonomy":"product_brand","embeddable":true,"href":"https:\/\/membraneswitchmfg.com\/fi\/wp-json\/wp\/v2\/product_brand?post=1773"},{"taxonomy":"product_cat","embeddable":true,"href":"https:\/\/membraneswitchmfg.com\/fi\/wp-json\/wp\/v2\/product_cat?post=1773"},{"taxonomy":"product_tag","embeddable":true,"href":"https:\/\/membraneswitchmfg.com\/fi\/wp-json\/wp\/v2\/product_tag?post=1773"}],"curies":[{"name":"wp","href":"https:\/\/api.w.org\/{rel}","templated":true}]}}