{"id":1774,"date":"2024-06-24T05:57:57","date_gmt":"2024-06-24T05:57:57","guid":{"rendered":"https:\/\/membraneswitchmfg.com\/manufacturer\/copper-flex-membrane-switch\/"},"modified":"2024-06-25T13:28:19","modified_gmt":"2024-06-25T13:28:19","slug":"copper-flex-membrane-switch","status":"publish","type":"product","link":"https:\/\/membraneswitchmfg.com\/fi\/manufacturer\/copper-flex-membrane-switch\/","title":{"rendered":"Kuparinen joustava kalvokytkin"},"content":{"rendered":"<h2><strong><b>Kupariflex-kalvokytkimet: Ylivoimainen suorituskyky vaativiin sovelluksiin<\/b><\/strong><\/h2>\n<p><strong>Verraton kest\u00e4vyys ja tarkkuus<\/strong><\/p>\n<p>Copper Flex -kalvokytkimet on suunniteltu huippuosaamista varten, ja niiss\u00e4 on:<\/p>\n<ul>\n<li><strong>Eritt\u00e4in johtavat kuparijohdot parantavat signaalinsiirtoa<\/strong><\/li>\n<li><strong>Tarkat piirikuviot luotettavaa toimintaa varten<\/strong><\/li>\n<li><strong>Vankka rakenne, joka kest\u00e4\u00e4 vaativia ymp\u00e4rist\u00f6j\u00e4<\/strong><\/li>\n<\/ul>\n<p><strong>Koe edut<\/strong><\/p>\n<p>Copper Flex -kalvokytkimilt\u00e4 voit odottaa:<\/p>\n<ul>\n<li><strong>V\u00e4hent\u00e4\u00e4 seisokkiaikoja ja huoltokustannuksia<\/strong><\/li>\n<li><strong>Tuotteen suorituskyvyn ja luotettavuuden parantaminen<\/strong><\/li>\n<li><strong>Parempi k\u00e4ytt\u00e4j\u00e4tyytyv\u00e4isyys ja br\u00e4ndin maine<\/strong><\/li>\n<\/ul>\n<p><strong>Sovellukset<\/strong><\/p>\n<p>Copper Flex -kalvokytkimet soveltuvat hyvin monenlaisiin sovelluksiin, kuten:<\/p>\n<ul>\n<li><strong>Teollisuuden ohjausj\u00e4rjestelm\u00e4t<\/strong><\/li>\n<li><strong>L\u00e4\u00e4kinn\u00e4lliset laitteet<\/strong><\/li>\n<li><strong>Sotilas- ja ilmailu- ja avaruuslaitteet<\/strong><\/li>\n<li><strong>Sovellukset ankarissa ymp\u00e4rist\u00f6iss\u00e4<\/strong><\/li>\n<li><strong>Ja paljon muuta<\/strong><\/li>\n<\/ul>\n<p><strong>Mukautettavat ratkaisut<\/strong><\/p>\n<p>Tarjoamme laajan valikoiman r\u00e4\u00e4t\u00e4l\u00f6intivaihtoehtoja vastaamaan erityistarpeitasi, mukaan lukien:<\/p>\n<ul>\n<li><strong>Erilaisia kytkinkokoja ja kokoonpanoja<\/strong><\/li>\n<li><strong>Mukautettu grafiikka ja taustavalo<\/strong><\/li>\n<li><strong>Tuntopalautteen vaihtoehdot<\/strong><\/li>\n<li><strong>Ymp\u00e4rist\u00f6n tiivist\u00e4minen ja suojaaminen<\/strong><\/li>\n<\/ul>\n<p><strong>Kumppanuus kokeneen vedenpit\u00e4v\u00e4n joustavan kalvokytkimen toimittajan kanssa<\/strong><\/p>\n<p>Vuosien asiantuntemuksella ja sitoutumisella laatuun olemme luotettava l\u00e4hde kupariflex-kalvokytkimille. Asiantuntijatiimimme voi auttaa sinua suunnittelemaan ja valmistamaan t\u00e4ydelliset kytkimet sovellukseesi.<\/p>\n<p><strong>Ota yhteytt\u00e4 t\u00e4n\u00e4\u00e4n<\/strong>\u00a0saadaksesi lis\u00e4tietoja Copper Flex -kalvokytkimist\u00e4mme ja siit\u00e4, miten voimme auttaa sinua saavuttamaan ylivoimaisen suorituskyvyn ja luotettavuuden vaativissa sovelluksissasi.<\/p>","protected":false},"excerpt":{"rendered":"<p>Paranna tuotteesi suorituskyky\u00e4 huippuluokan Copper Flex -kalvokytkimill\u00e4, jotka on suunniteltu kest\u00e4m\u00e4\u00e4n vaativien ymp\u00e4rist\u00f6jen kovia vaatimuksia. N\u00e4m\u00e4 poikkeukselliset kytkimet tarjoavat ylivoimaista kest\u00e4vyytt\u00e4, tarkkuutta ja pitk\u00e4aikaista luotettavuutta, joten ne ovat ihanteellinen valinta kriittisiin sovelluksiin.<\/p>","protected":false},"featured_media":1747,"template":"","meta":[],"product_brand":[],"product_cat":[40],"product_tag":[],"class_list":{"0":"post-1774","1":"product","2":"type-product","3":"status-publish","4":"has-post-thumbnail","6":"product_cat-membrane-switch","8":"first","9":"instock","10":"shipping-taxable","11":"product-type-simple"},"_links":{"self":[{"href":"https:\/\/membraneswitchmfg.com\/fi\/wp-json\/wp\/v2\/product\/1774","targetHints":{"allow":["GET"]}}],"collection":[{"href":"https:\/\/membraneswitchmfg.com\/fi\/wp-json\/wp\/v2\/product"}],"about":[{"href":"https:\/\/membraneswitchmfg.com\/fi\/wp-json\/wp\/v2\/types\/product"}],"wp:featuredmedia":[{"embeddable":true,"href":"https:\/\/membraneswitchmfg.com\/fi\/wp-json\/wp\/v2\/media\/1747"}],"wp:attachment":[{"href":"https:\/\/membraneswitchmfg.com\/fi\/wp-json\/wp\/v2\/media?parent=1774"}],"wp:term":[{"taxonomy":"product_brand","embeddable":true,"href":"https:\/\/membraneswitchmfg.com\/fi\/wp-json\/wp\/v2\/product_brand?post=1774"},{"taxonomy":"product_cat","embeddable":true,"href":"https:\/\/membraneswitchmfg.com\/fi\/wp-json\/wp\/v2\/product_cat?post=1774"},{"taxonomy":"product_tag","embeddable":true,"href":"https:\/\/membraneswitchmfg.com\/fi\/wp-json\/wp\/v2\/product_tag?post=1774"}],"curies":[{"name":"wp","href":"https:\/\/api.w.org\/{rel}","templated":true}]}}