{"id":1775,"date":"2024-06-24T05:57:57","date_gmt":"2024-06-24T05:57:57","guid":{"rendered":"https:\/\/membraneswitchmfg.com\/manufacturer\/pcb-membrane-switch\/"},"modified":"2024-06-25T11:50:52","modified_gmt":"2024-06-25T11:50:52","slug":"pcb-membrane-switch","status":"publish","type":"product","link":"https:\/\/membraneswitchmfg.com\/fi\/manufacturer\/pcb-membrane-switch\/","title":{"rendered":"PCB-kalvokytkin"},"content":{"rendered":"<h2><strong><b>PCB-kalvokytkin: Suorituskyvyn ja monipuolisuuden yhdistelm\u00e4<\/b><\/strong><\/h2>\n<p><strong>Verratonta suorituskyky\u00e4 ja monipuolisuutta<\/strong><\/p>\n<p>PCB-kalvokytkimet ovat tunnettuja:<\/p>\n<ul>\n<li><strong>Ohut ja kevyt rakenne helppoa integrointia varten<\/strong><\/li>\n<li><strong>Tuntoherkk\u00e4 palaute parantaa k\u00e4ytt\u00e4j\u00e4n vuorovaikutusta<\/strong><\/li>\n<li><strong>Pitk\u00e4 k\u00e4ytt\u00f6ik\u00e4 miljoonilla toimilaitteilla<\/strong><\/li>\n<li><strong>Kest\u00e4\u00e4 kosteutta, p\u00f6ly\u00e4 ja vaativia ymp\u00e4rist\u00f6j\u00e4.<\/strong><\/li>\n<li><strong>Saumaton integrointi piirilevyihin edistyneit\u00e4 toimintoja varten<\/strong><\/li>\n<\/ul>\n<p><strong>Kustannustehokkaita ratkaisuja tarpeisiisi<\/strong><\/p>\n<p>PCB-kalvokytkimet tarjoavat tasapainon suorituskyvyn ja kohtuuhintaisuuden v\u00e4lill\u00e4, mik\u00e4 tekee niist\u00e4 ihanteellisia sovelluksiin, joissa:<\/p>\n<ul>\n<li><strong>Talousarvio on ensisijainen huolenaihe<\/strong><\/li>\n<li><strong>Tarvitaan suuria m\u00e4\u00e4ri\u00e4<\/strong><\/li>\n<li><strong>Tilanpuute on tekij\u00e4<\/strong><\/li>\n<li><strong>Tarvitaan edistyneit\u00e4 toimintoja<\/strong><\/li>\n<\/ul>\n<p><strong>Sovellukset<\/strong><\/p>\n<p>PCB-kalvokytkimi\u00e4 k\u00e4ytet\u00e4\u00e4n laajalti eri teollisuudenaloilla, mukaan lukien:<\/p>\n<ul>\n<li><strong>Viihde-elektroniikka<\/strong><\/li>\n<li><strong>L\u00e4\u00e4kinn\u00e4lliset laitteet<\/strong><\/li>\n<li><strong>Teollisuuden ohjauspaneelit<\/strong><\/li>\n<li><strong>Laitteet<\/strong><\/li>\n<li><strong>Ja paljon muuta<\/strong><\/li>\n<\/ul>\n<p><strong>Mukautettavat vaihtoehdot<\/strong><\/p>\n<p>Tarjoamme laajan valikoiman r\u00e4\u00e4t\u00e4l\u00f6intivaihtoehtoja vastaamaan erityistarpeitasi, mukaan lukien:<\/p>\n<ul>\n<li><strong>Erilaisia kytkinkokoja ja kokoonpanoja<\/strong><\/li>\n<li><strong>Mukautettu grafiikka ja taustavalo<\/strong><\/li>\n<li><strong>Tuntopalautteen vaihtoehdot<\/strong><\/li>\n<li><strong>Ymp\u00e4rist\u00f6n tiivist\u00e4minen ja suojaaminen<\/strong><\/li>\n<\/ul>\n<p><strong>Tee yhteisty\u00f6t\u00e4 kokeneen kalvokytkin-PCB-valmistajan kanssa<\/strong><\/p>\n<p>Vuosien kokemuksella ja sitoutumisella laatuun olemme luotettava PCB-kalvokytkimien valmistajasi. Asiantuntijatiimimme voi auttaa sinua suunnittelemaan ja valmistamaan t\u00e4ydelliset kytkimet sovellukseesi.<\/p>\n<p><strong><a href=\"https:\/\/membraneswitchmfg.com\/fi\/contact\/\">Ota yhteytt\u00e4 <\/a>t\u00e4n\u00e4\u00e4n<\/strong>\u00a0saadaksesi lis\u00e4tietoja PCB-kalvokytkimist\u00e4mme ja siit\u00e4, miten voimme auttaa sinua saavuttamaan tuotetavoitteesi pysyen samalla budjetissa.<\/p>","protected":false},"excerpt":{"rendered":"<p>Nosta k\u00e4ytt\u00f6liittym\u00e4si uudelle tasolle PCB-kalvokytkimill\u00e4mme, joissa yhdistyv\u00e4t piirilevyjen tarkkuus ja kalvokytkimien tuntoherkkyys. N\u00e4m\u00e4 monipuoliset kytkimet tarjoavat saumattoman k\u00e4ytt\u00f6kokemuksen, paremman kest\u00e4vyyden ja kustannustehokkaita ratkaisuja monenlaisiin sovelluksiin.<\/p>","protected":false},"featured_media":1757,"template":"","meta":[],"product_brand":[],"product_cat":[40],"product_tag":[],"class_list":{"0":"post-1775","1":"product","2":"type-product","3":"status-publish","4":"has-post-thumbnail","6":"product_cat-membrane-switch","8":"first","9":"instock","10":"shipping-taxable","11":"product-type-simple"},"_links":{"self":[{"href":"https:\/\/membraneswitchmfg.com\/fi\/wp-json\/wp\/v2\/product\/1775","targetHints":{"allow":["GET"]}}],"collection":[{"href":"https:\/\/membraneswitchmfg.com\/fi\/wp-json\/wp\/v2\/product"}],"about":[{"href":"https:\/\/membraneswitchmfg.com\/fi\/wp-json\/wp\/v2\/types\/product"}],"wp:featuredmedia":[{"embeddable":true,"href":"https:\/\/membraneswitchmfg.com\/fi\/wp-json\/wp\/v2\/media\/1757"}],"wp:attachment":[{"href":"https:\/\/membraneswitchmfg.com\/fi\/wp-json\/wp\/v2\/media?parent=1775"}],"wp:term":[{"taxonomy":"product_brand","embeddable":true,"href":"https:\/\/membraneswitchmfg.com\/fi\/wp-json\/wp\/v2\/product_brand?post=1775"},{"taxonomy":"product_cat","embeddable":true,"href":"https:\/\/membraneswitchmfg.com\/fi\/wp-json\/wp\/v2\/product_cat?post=1775"},{"taxonomy":"product_tag","embeddable":true,"href":"https:\/\/membraneswitchmfg.com\/fi\/wp-json\/wp\/v2\/product_tag?post=1775"}],"curies":[{"name":"wp","href":"https:\/\/api.w.org\/{rel}","templated":true}]}}