{"id":1776,"date":"2024-06-24T05:57:57","date_gmt":"2024-06-24T05:57:57","guid":{"rendered":"https:\/\/membraneswitchmfg.com\/manufacturer\/rubber-keypad-membrane-switch\/"},"modified":"2024-06-25T13:32:14","modified_gmt":"2024-06-25T13:32:14","slug":"rubber-keypad-membrane-switch","status":"publish","type":"product","link":"https:\/\/membraneswitchmfg.com\/fi\/manufacturer\/rubber-keypad-membrane-switch\/","title":{"rendered":"Kuminen n\u00e4pp\u00e4imist\u00f6n kalvokytkin"},"content":{"rendered":"<h2><strong><b>Kuminen n\u00e4pp\u00e4imist\u00f6 Kalvokytkin: Tuntopalaute: Parannettu kest\u00e4vyys ja tuntopalaute<\/b><\/strong><\/h2>\n<p><strong>Verraton kest\u00e4vyys ja taktiilinen vaste<\/strong><\/p>\n<p>Kumiset n\u00e4pp\u00e4imist\u00f6kalvokytkimet on suunniteltu huippuosaamista varten, ja niiss\u00e4 on:<\/p>\n<ul>\n<li><strong>Korkealaatuinen silikonikumi takaa erinomaisen kest\u00e4vyyden ja joustavuuden.<\/strong><\/li>\n<li><strong>Tuntuvat kupolit tyydytt\u00e4v\u00e4\u00e4 ja herkk\u00e4\u00e4 n\u00e4pp\u00e4inpainallusta varten<\/strong><\/li>\n<li><strong>Kest\u00e4\u00e4 kosteutta, p\u00f6ly\u00e4 ja vaativia ymp\u00e4rist\u00f6j\u00e4.<\/strong><\/li>\n<li><strong>Pitk\u00e4 k\u00e4ytt\u00f6ik\u00e4 miljoonilla toimilaitteilla<\/strong><\/li>\n<\/ul>\n<p><strong>Koe edut<\/strong><\/p>\n<p>Kumin\u00e4pp\u00e4imist\u00f6isten kalvokytkimien avulla voit odottaa:<\/p>\n<ul>\n<li><strong>V\u00e4hent\u00e4\u00e4 seisokkiaikoja ja huoltokustannuksia<\/strong><\/li>\n<li><strong>Parempi k\u00e4ytt\u00e4j\u00e4tyytyv\u00e4isyys ja tuotteen k\u00e4ytett\u00e4vyys<\/strong><\/li>\n<li><strong>Tuotteen suorituskyvyn ja luotettavuuden parantaminen<\/strong><\/li>\n<\/ul>\n<p><strong>Sovellukset<\/strong><\/p>\n<p>Kumiset kalvokytkimet soveltuvat hyvin monenlaisiin sovelluksiin, kuten:<\/p>\n<ul>\n<li><strong>Viihde-elektroniikka<\/strong><\/li>\n<li><strong>L\u00e4\u00e4kinn\u00e4lliset laitteet<\/strong><\/li>\n<li><strong>Teollisuuden ohjauspaneelit<\/strong><\/li>\n<li><strong>Televiestint\u00e4laitteet<\/strong><\/li>\n<li><strong>Ja paljon muuta<\/strong><\/li>\n<\/ul>\n<p><strong>Mukautettavat ratkaisut<\/strong><\/p>\n<p>Tarjoamme laajan valikoiman r\u00e4\u00e4t\u00e4l\u00f6intivaihtoehtoja vastaamaan erityistarpeitasi, mukaan lukien:<\/p>\n<ul>\n<li><strong>Erilaisia kytkinkokoja ja kokoonpanoja<\/strong><\/li>\n<li><strong>Mukautettu grafiikka ja taustavalo<\/strong><\/li>\n<li><strong>Tuntopalautteen vaihtoehdot<\/strong><\/li>\n<li><strong>Ymp\u00e4rist\u00f6n tiivist\u00e4minen ja suojaaminen<\/strong><\/li>\n<\/ul>\n<p><strong>Kumppanuus kokeneen silikonikalvokytkimen toimittajan kanssa<\/strong><\/p>\n<p>Vuosien asiantuntemuksella ja sitoutumisella laatuun olemme luotettava kumisten n\u00e4pp\u00e4imist\u00f6kalvokytkimien l\u00e4hde. Asiantuntijatiimimme voi auttaa sinua suunnittelemaan ja valmistamaan t\u00e4ydelliset kytkimet sovellukseesi.<\/p>\n<p><strong>Ota yhteytt\u00e4 t\u00e4n\u00e4\u00e4n<\/strong>\u00a0saadaksesi lis\u00e4tietoja kumin\u00e4pp\u00e4imist\u00f6isist\u00e4 kalvokytkimist\u00e4mme ja siit\u00e4, miten voimme auttaa sinua saavuttamaan ylivoimaisen suorituskyvyn, kest\u00e4vyyden ja k\u00e4ytt\u00e4j\u00e4tyytyv\u00e4isyyden tuotteissasi.<\/p>","protected":false},"excerpt":{"rendered":"<p>Koe t\u00e4ydellinen yhdistelm\u00e4 kest\u00e4vyytt\u00e4 ja tuntopalautetta kumisten n\u00e4pp\u00e4imist\u00f6kalvokytkimiemme avulla. N\u00e4m\u00e4 monipuoliset kytkimet tarjoavat mukavan k\u00e4ytt\u00f6kokemuksen, pitk\u00e4aikaisen suorituskyvyn ja kustannustehokkaita ratkaisuja monenlaisiin sovelluksiin.<\/p>","protected":false},"featured_media":1758,"template":"","meta":[],"product_brand":[],"product_cat":[40],"product_tag":[],"class_list":{"0":"post-1776","1":"product","2":"type-product","3":"status-publish","4":"has-post-thumbnail","6":"product_cat-membrane-switch","8":"first","9":"instock","10":"shipping-taxable","11":"product-type-simple"},"_links":{"self":[{"href":"https:\/\/membraneswitchmfg.com\/fi\/wp-json\/wp\/v2\/product\/1776","targetHints":{"allow":["GET"]}}],"collection":[{"href":"https:\/\/membraneswitchmfg.com\/fi\/wp-json\/wp\/v2\/product"}],"about":[{"href":"https:\/\/membraneswitchmfg.com\/fi\/wp-json\/wp\/v2\/types\/product"}],"wp:featuredmedia":[{"embeddable":true,"href":"https:\/\/membraneswitchmfg.com\/fi\/wp-json\/wp\/v2\/media\/1758"}],"wp:attachment":[{"href":"https:\/\/membraneswitchmfg.com\/fi\/wp-json\/wp\/v2\/media?parent=1776"}],"wp:term":[{"taxonomy":"product_brand","embeddable":true,"href":"https:\/\/membraneswitchmfg.com\/fi\/wp-json\/wp\/v2\/product_brand?post=1776"},{"taxonomy":"product_cat","embeddable":true,"href":"https:\/\/membraneswitchmfg.com\/fi\/wp-json\/wp\/v2\/product_cat?post=1776"},{"taxonomy":"product_tag","embeddable":true,"href":"https:\/\/membraneswitchmfg.com\/fi\/wp-json\/wp\/v2\/product_tag?post=1776"}],"curies":[{"name":"wp","href":"https:\/\/api.w.org\/{rel}","templated":true}]}}