{"id":1777,"date":"2024-06-24T05:57:57","date_gmt":"2024-06-24T05:57:57","guid":{"rendered":"https:\/\/membraneswitchmfg.com\/manufacturer\/graphic-overlay\/"},"modified":"2024-07-25T08:41:13","modified_gmt":"2024-07-25T08:41:13","slug":"graphic-overlay","status":"publish","type":"product","link":"https:\/\/membraneswitchmfg.com\/fi\/manufacturer\/graphic-overlay\/","title":{"rendered":"Graafinen p\u00e4\u00e4llekk\u00e4isyys"},"content":{"rendered":"<h2><strong><b>Graafiset p\u00e4\u00e4llekk\u00e4isyydet: K\u00e4ytt\u00e4j\u00e4kokemuksen ja br\u00e4ndi-identiteetin parantaminen<\/b><\/strong><\/h2>\n<p><strong>K\u00e4ytt\u00e4j\u00e4kokemuksen parantaminen<\/strong><\/p>\n<p>Graafisilla p\u00e4\u00e4llekk\u00e4isyyksill\u00e4 on ratkaiseva rooli k\u00e4ytt\u00e4j\u00e4kokemuksen parantamisessa:<\/p>\n<ul>\n<li><strong>Selkeiden ohjeiden ja merkint\u00f6jen antaminen<\/strong><\/li>\n<li><strong>K\u00e4ytt\u00e4jien opastaminen toiminnassa ja toiminnoissa<\/strong><\/li>\n<li><strong>Varoitusten ja turvallisuustietojen n\u00e4ytt\u00e4minen<\/strong><\/li>\n<li><strong>Intuitiivisen ja k\u00e4ytt\u00e4j\u00e4yst\u00e4v\u00e4llisen k\u00e4ytt\u00f6liittym\u00e4n luominen<\/strong><\/li>\n<\/ul>\n<p><strong>Br\u00e4nd\u00e4ys ja identiteetti<\/strong><\/p>\n<p>Graafiset p\u00e4\u00e4llekk\u00e4isyydet ovat tehokkaita v\u00e4lineit\u00e4 br\u00e4ndiviestinn\u00e4ss\u00e4:<\/p>\n<ul>\n<li><strong>Yrityksen logojen ja br\u00e4ndielementtien n\u00e4ytt\u00e4minen<\/strong><\/li>\n<li><strong>Br\u00e4ndi-identiteetin ja viestinn\u00e4n vahvistaminen<\/strong><\/li>\n<li><strong>Yhten\u00e4isen ja ammattimaisen br\u00e4ndikuvan luominen<\/strong><\/li>\n<\/ul>\n<p><strong>Sovellukset<\/strong><\/p>\n<p>Graafisia p\u00e4\u00e4llekk\u00e4isyyksi\u00e4 k\u00e4ytet\u00e4\u00e4n laajalti monissa eri sovelluksissa, kuten:<\/p>\n<ul>\n<li><strong>Teollisuuden ohjauspaneelit<\/strong><\/li>\n<li><strong>L\u00e4\u00e4kinn\u00e4lliset laitteet<\/strong><\/li>\n<li><strong>Viihde-elektroniikka<\/strong><\/li>\n<li><strong>Laitteet<\/strong><\/li>\n<li><strong>Koneet ja laitteet<\/strong><\/li>\n<\/ul>\n<p><strong>Mukautettavat ratkaisut<\/strong><\/p>\n<p>Tarjoamme laajan valikoiman r\u00e4\u00e4t\u00e4l\u00f6intivaihtoehtoja vastaamaan erityistarpeitasi, mukaan lukien:<\/p>\n<ul>\n<li><strong>Erilaisia materiaaleja ja viimeistelyj\u00e4<\/strong><\/li>\n<li><strong>Mukautetut grafiikat ja mallit<\/strong><\/li>\n<li><strong>Taustavalo ja valaistusvaihtoehdot<\/strong><\/li>\n<li><strong>Kohokuviointi ja tekstuurit<\/strong><\/li>\n<\/ul>\n<p><strong>Kumppanuus kokeneen graafisen p\u00e4\u00e4llysteen valmistajan kanssa<\/strong><\/p>\n<p>Vuosien asiantuntemuksella ja sitoutumisella laatuun olemme luotettava l\u00e4hde r\u00e4\u00e4t\u00e4l\u00f6idyille graafisille p\u00e4\u00e4llysteille. Asiantuntijatiimimme voi auttaa sinua suunnittelemaan ja valmistamaan t\u00e4ydelliset p\u00e4\u00e4llysteet, jotka parantavat tuotteesi toiminnallisuutta, k\u00e4ytt\u00e4j\u00e4kokemusta ja br\u00e4ndi-identiteetti\u00e4.<\/p>\n<p><strong>Ota yhteytt\u00e4 t\u00e4n\u00e4\u00e4n<\/strong>\u00a0saadaksesi lis\u00e4tietoja graafisista p\u00e4\u00e4llysratkaisuistamme ja siit\u00e4, miten voimme auttaa sinua nostamaan tuotteitasi.<\/p>\n<p><strong>Muita avainsanoja:<\/strong>\u00a0kalvokytkin, kalvokytkin, graafinen p\u00e4\u00e4llekytkent\u00e4, graafinen p\u00e4\u00e4llekytkent\u00e4<\/p>\n<h2><strong><b>Nimikilvet: Paranna tuotteesi identiteetti\u00e4 ja toiminnallisuutta.<\/b><\/strong><\/h2>\n<p><strong>Nosta tuotteesi identiteetti\u00e4<\/strong><\/p>\n<p>Nimikilvill\u00e4 on t\u00e4rke\u00e4 rooli br\u00e4ndi-identiteetin luomisessa:<\/p>\n<ul>\n<li><strong>Yrityksesi logo ja tuotenimi n\u00e4kyv\u00e4sti esill\u00e4<\/strong><\/li>\n<li><strong>Vahvistetaan tuotemerkin viestej\u00e4 ja arvoja<\/strong><\/li>\n<li><strong>Yhten\u00e4isen ja ammattimaisen br\u00e4ndikuvan luominen<\/strong><\/li>\n<\/ul>\n<p><strong>V\u00e4lit\u00e4 olennaiset tiedot<\/strong><\/p>\n<p>Nimikilviss\u00e4 ilmoitetaan tehokkaasti olennaiset tuotetiedot, mukaan lukien:<\/p>\n<ul>\n<li><strong>Tuotteen nimi ja mallinumero<\/strong><\/li>\n<li><strong>Lakis\u00e4\u00e4teiset merkinn\u00e4t ja sertifioinnit<\/strong><\/li>\n<li><strong>K\u00e4ytt\u00f6ohjeet ja varoitukset<\/strong><\/li>\n<li><strong>Yhteystiedot tukea varten<\/strong><\/li>\n<\/ul>\n<p><strong>Paranna tuotteen toiminnallisuutta<\/strong><\/p>\n<p>Nimikilviss\u00e4 voi olla my\u00f6s toiminnallisia elementtej\u00e4, kuten:<\/p>\n<ul>\n<li><strong>Painonappikalvokytkimet k\u00e4ytt\u00e4j\u00e4n vuorovaikutusta varten<\/strong><\/li>\n<li><strong>LED-merkkivalot tilap\u00e4ivityksi\u00e4 varten<\/strong><\/li>\n<li><strong>Viivakooditarrat helppoa tunnistamista varten<\/strong><\/li>\n<\/ul>\n<p><strong>Sovellukset<\/strong><\/p>\n<p>Nimikilpi\u00e4 k\u00e4ytet\u00e4\u00e4n laajalti erilaisissa sovelluksissa, kuten:<\/p>\n<ul>\n<li><strong>Teollisuuden ohjauspaneelit<\/strong><\/li>\n<li><strong>L\u00e4\u00e4kinn\u00e4lliset laitteet<\/strong><\/li>\n<li><strong>Viihde-elektroniikka<\/strong><\/li>\n<li><strong>Laitteet<\/strong><\/li>\n<li><strong>Koneet ja laitteet<\/strong><\/li>\n<\/ul>\n<p><strong>Mukautettavat ratkaisut<\/strong><\/p>\n<p>Tarjoamme laajan valikoiman r\u00e4\u00e4t\u00e4l\u00f6intivaihtoehtoja vastaamaan erityistarpeitasi, mukaan lukien:<\/p>\n<ul>\n<li><strong>Erilaisia materiaaleja ja viimeistelyj\u00e4<\/strong><\/li>\n<li><strong>Mukautetut grafiikat ja mallit<\/strong><\/li>\n<li><strong>Taustavalo ja valaistusvaihtoehdot<\/strong><\/li>\n<li><strong>Kohokuviointi ja tekstuurit<\/strong><\/li>\n<\/ul>\n<p><strong>Kumppanuus kokeneen nimikilven valmistajan kanssa<\/strong><\/p>\n<p>Vuosien asiantuntemuksella ja sitoutumisella laatuun olemme luotettava l\u00e4hde mukautetuille nimikilville. Asiantuntijatiimimme voi auttaa sinua suunnittelemaan ja valmistamaan t\u00e4ydelliset nimikilvet, jotka parantavat tuotteesi identiteetti\u00e4, toiminnallisuutta ja esteettisyytt\u00e4.<\/p>\n<p><strong>Ota yhteytt\u00e4 t\u00e4n\u00e4\u00e4n<\/strong>\u00a0saadaksesi lis\u00e4tietoja nimikilpiratkaisuistamme ja siit\u00e4, miten voimme auttaa sinua nostamaan tuotteitasi.<\/p>\n<p><strong>Muita avainsanoja:<\/strong>\u00a0painonappikalvokytkin, kalvokytkin, nimikilpi, nimikyltti<\/p>","protected":false},"excerpt":{"rendered":"<p>Graafiset p\u00e4\u00e4llysteet, jotka tunnetaan my\u00f6s nimikilvin\u00e4 tai etupaneeleina, ovat olennaisia komponentteja, jotka parantavat k\u00e4ytt\u00e4j\u00e4kokemusta ja elektronisten laitteiden br\u00e4ndi-identiteetti\u00e4. N\u00e4m\u00e4 ohuet muovi- tai polymeerimateriaalikerrokset, joissa on r\u00e4\u00e4t\u00e4l\u00f6ity\u00e4 grafiikkaa ja teksti\u00e4, integroidaan saumattomasti laitteen pintaan.<\/p>","protected":false},"featured_media":1749,"template":"","meta":[],"product_brand":[],"product_cat":[40],"product_tag":[],"class_list":{"0":"post-1777","1":"product","2":"type-product","3":"status-publish","4":"has-post-thumbnail","6":"product_cat-membrane-switch","8":"first","9":"instock","10":"shipping-taxable","11":"product-type-simple"},"_links":{"self":[{"href":"https:\/\/membraneswitchmfg.com\/fi\/wp-json\/wp\/v2\/product\/1777","targetHints":{"allow":["GET"]}}],"collection":[{"href":"https:\/\/membraneswitchmfg.com\/fi\/wp-json\/wp\/v2\/product"}],"about":[{"href":"https:\/\/membraneswitchmfg.com\/fi\/wp-json\/wp\/v2\/types\/product"}],"wp:featuredmedia":[{"embeddable":true,"href":"https:\/\/membraneswitchmfg.com\/fi\/wp-json\/wp\/v2\/media\/1749"}],"wp:attachment":[{"href":"https:\/\/membraneswitchmfg.com\/fi\/wp-json\/wp\/v2\/media?parent=1777"}],"wp:term":[{"taxonomy":"product_brand","embeddable":true,"href":"https:\/\/membraneswitchmfg.com\/fi\/wp-json\/wp\/v2\/product_brand?post=1777"},{"taxonomy":"product_cat","embeddable":true,"href":"https:\/\/membraneswitchmfg.com\/fi\/wp-json\/wp\/v2\/product_cat?post=1777"},{"taxonomy":"product_tag","embeddable":true,"href":"https:\/\/membraneswitchmfg.com\/fi\/wp-json\/wp\/v2\/product_tag?post=1777"}],"curies":[{"name":"wp","href":"https:\/\/api.w.org\/{rel}","templated":true}]}}