{"id":1778,"date":"2024-06-24T05:57:57","date_gmt":"2024-06-24T05:57:57","guid":{"rendered":"https:\/\/membraneswitchmfg.com\/manufacturer\/nameplate\/"},"modified":"2024-07-25T09:10:27","modified_gmt":"2024-07-25T09:10:27","slug":"nameplate","status":"publish","type":"product","link":"https:\/\/membraneswitchmfg.com\/fi\/manufacturer\/nameplate\/","title":{"rendered":"Nimikyltti"},"content":{"rendered":"<h2><strong><b>Nimikilvet: Paranna tuotteesi identiteetti\u00e4 ja toiminnallisuutta.<\/b><\/strong><\/h2>\n<p><strong>Nosta tuotteesi identiteetti\u00e4<\/strong><\/p>\n<p>Nimikilvill\u00e4 on t\u00e4rke\u00e4 rooli br\u00e4ndi-identiteetin luomisessa:<\/p>\n<ul>\n<li><strong>Yrityksesi logo ja tuotenimi n\u00e4kyv\u00e4sti esill\u00e4<\/strong><\/li>\n<li><strong>Vahvistetaan tuotemerkin viestej\u00e4 ja arvoja<\/strong><\/li>\n<li><strong>Yhten\u00e4isen ja ammattimaisen br\u00e4ndikuvan luominen<\/strong><\/li>\n<\/ul>\n<p><strong>V\u00e4lit\u00e4 olennaiset tiedot<\/strong><\/p>\n<p>Nimikilviss\u00e4 ilmoitetaan tehokkaasti olennaiset tuotetiedot, mukaan lukien:<\/p>\n<ul>\n<li><strong>Tuotteen nimi ja mallinumero<\/strong><\/li>\n<li><strong>Lakis\u00e4\u00e4teiset merkinn\u00e4t ja sertifioinnit<\/strong><\/li>\n<li><strong>K\u00e4ytt\u00f6ohjeet ja varoitukset<\/strong><\/li>\n<li><strong>Yhteystiedot tukea varten<\/strong><\/li>\n<\/ul>\n<p><strong>Paranna tuotteen toiminnallisuutta<\/strong><\/p>\n<p>Nimikilviss\u00e4 voi olla my\u00f6s toiminnallisia elementtej\u00e4, kuten:<\/p>\n<ul>\n<li><strong>Painonappikalvokytkimet k\u00e4ytt\u00e4j\u00e4n vuorovaikutusta varten<\/strong><\/li>\n<li><strong>LED-merkkivalot tilap\u00e4ivityksi\u00e4 varten<\/strong><\/li>\n<li><strong>Viivakooditarrat helppoa tunnistamista varten<\/strong><\/li>\n<\/ul>\n<p><strong>Sovellukset<\/strong><\/p>\n<p>Nimikilpi\u00e4 k\u00e4ytet\u00e4\u00e4n laajalti erilaisissa sovelluksissa, kuten:<\/p>\n<ul>\n<li><strong>Teollisuuden ohjauspaneelit<\/strong><\/li>\n<li><strong>L\u00e4\u00e4kinn\u00e4lliset laitteet<\/strong><\/li>\n<li><strong>Viihde-elektroniikka<\/strong><\/li>\n<li><strong>Laitteet<\/strong><\/li>\n<li><strong>Koneet ja laitteet<\/strong><\/li>\n<\/ul>\n<p><strong>Mukautettavat ratkaisut<\/strong><\/p>\n<p>Tarjoamme laajan valikoiman r\u00e4\u00e4t\u00e4l\u00f6intivaihtoehtoja vastaamaan erityistarpeitasi, mukaan lukien:<\/p>\n<ul>\n<li><strong>Erilaisia materiaaleja ja viimeistelyj\u00e4<\/strong><\/li>\n<li><strong>Mukautetut grafiikat ja mallit<\/strong><\/li>\n<li><strong>Taustavalo ja valaistusvaihtoehdot<\/strong><\/li>\n<li><strong>Kohokuviointi ja tekstuurit<\/strong><\/li>\n<\/ul>\n<p><strong>Kumppanuus kokeneen nimikilven valmistajan kanssa<\/strong><\/p>\n<p>Vuosien asiantuntemuksella ja sitoutumisella laatuun olemme luotettava l\u00e4hde mukautetuille nimikilville. Asiantuntijatiimimme voi auttaa sinua suunnittelemaan ja valmistamaan t\u00e4ydelliset nimikilvet, jotka parantavat tuotteesi identiteetti\u00e4, toiminnallisuutta ja esteettisyytt\u00e4.<\/p>\n<p>Ota yhteytt\u00e4 jo t\u00e4n\u00e4\u00e4n, niin saat lis\u00e4tietoja nimikilparatkaisuistamme ja siit\u00e4, miten voimme auttaa sinua nostamaan tuotteitasi esiin.<\/p>\n<p><strong>Muita avainsanoja:<\/strong>\u00a0painonappikalvokytkin, kalvokytkin, nimikilpi, nimikyltti<\/p>","protected":false},"excerpt":{"rendered":"<p>Nimikilvet, jotka tunnetaan my\u00f6s etupaneeleina tai tunnistekilvin\u00e4, toimivat elektronisen laitteesi kasvoina, jotka v\u00e4litt\u00e4v\u00e4t t\u00e4rkeit\u00e4 tietoja ja parantavat sen yleist\u00e4 esteettist\u00e4 ulkon\u00e4k\u00f6\u00e4. N\u00e4m\u00e4 kest\u00e4v\u00e4t paneelit on yleens\u00e4 valmistettu muovista tai metallista, ja niihin painetaan yrityksen logot, br\u00e4ndielementit ja tuotetiedot.<\/p>","protected":false},"featured_media":1755,"template":"","meta":[],"product_brand":[],"product_cat":[15],"product_tag":[],"class_list":{"0":"post-1778","1":"product","2":"type-product","3":"status-publish","4":"has-post-thumbnail","6":"product_cat-print-label","8":"first","9":"instock","10":"shipping-taxable","11":"product-type-simple"},"_links":{"self":[{"href":"https:\/\/membraneswitchmfg.com\/fi\/wp-json\/wp\/v2\/product\/1778","targetHints":{"allow":["GET"]}}],"collection":[{"href":"https:\/\/membraneswitchmfg.com\/fi\/wp-json\/wp\/v2\/product"}],"about":[{"href":"https:\/\/membraneswitchmfg.com\/fi\/wp-json\/wp\/v2\/types\/product"}],"wp:featuredmedia":[{"embeddable":true,"href":"https:\/\/membraneswitchmfg.com\/fi\/wp-json\/wp\/v2\/media\/1755"}],"wp:attachment":[{"href":"https:\/\/membraneswitchmfg.com\/fi\/wp-json\/wp\/v2\/media?parent=1778"}],"wp:term":[{"taxonomy":"product_brand","embeddable":true,"href":"https:\/\/membraneswitchmfg.com\/fi\/wp-json\/wp\/v2\/product_brand?post=1778"},{"taxonomy":"product_cat","embeddable":true,"href":"https:\/\/membraneswitchmfg.com\/fi\/wp-json\/wp\/v2\/product_cat?post=1778"},{"taxonomy":"product_tag","embeddable":true,"href":"https:\/\/membraneswitchmfg.com\/fi\/wp-json\/wp\/v2\/product_tag?post=1778"}],"curies":[{"name":"wp","href":"https:\/\/api.w.org\/{rel}","templated":true}]}}