{"id":1779,"date":"2024-06-24T05:57:57","date_gmt":"2024-06-24T05:57:57","guid":{"rendered":"https:\/\/membraneswitchmfg.com\/manufacturer\/label\/"},"modified":"2024-07-25T09:16:57","modified_gmt":"2024-07-25T09:16:57","slug":"label","status":"publish","type":"product","link":"https:\/\/membraneswitchmfg.com\/fi\/manufacturer\/label\/","title":{"rendered":"Tarra"},"content":{"rendered":"<h2><strong><b>Merkinn\u00e4t: Tuotteiden tunnistamisen ja viestinn\u00e4n parantaminen<\/b><\/strong><\/h2>\n<p><strong>Tehokas tuotetunnistus<\/strong><\/p>\n<p>Etiketit ovat ratkaisevassa asemassa tuotteiden tunnistamisessa:<\/p>\n<ul>\n<li><strong>Tuotteiden nimien, logojen ja tavaramerkkien n\u00e4ytt\u00e4minen.<\/strong><\/li>\n<li><strong>Yksil\u00f6llisten sarjanumeroiden tai viivakoodien antaminen<\/strong><\/li>\n<li><strong>Tuotteiden eritelmien ja ominaisuuksien ilmoittaminen<\/strong><\/li>\n<\/ul>\n<p><strong>Lains\u00e4\u00e4d\u00e4nn\u00f6n noudattamisen varmistaminen<\/strong><\/p>\n<p>Merkinn\u00e4t ovat v\u00e4ltt\u00e4m\u00e4tt\u00f6mi\u00e4, jotta voidaan varmistaa erilaisten s\u00e4\u00e4nn\u00f6sten ja standardien noudattaminen, mukaan lukien:<\/p>\n<ul>\n<li><strong>Turvallisuusvaroitukset ja -ohjeet<\/strong><\/li>\n<li><strong>Materiaalin sis\u00e4lt\u00f6\u00e4 koskevat tiedot<\/strong><\/li>\n<li><strong>H\u00e4vitt\u00e4mis- ja kierr\u00e4tysohjeet<\/strong><\/li>\n<\/ul>\n<p><strong>Viestinn\u00e4n ja br\u00e4ndin parantaminen<\/strong><\/p>\n<p>Tarroja voidaan k\u00e4ytt\u00e4\u00e4 my\u00f6s parantamaan viestint\u00e4\u00e4 ja br\u00e4nd\u00e4yst\u00e4:<\/p>\n<ul>\n<li><strong>Yrityksen logojen ja br\u00e4ndielementtien n\u00e4ytt\u00e4minen<\/strong><\/li>\n<li><strong>Br\u00e4ndin viestien ja arvojen vahvistaminen<\/strong><\/li>\n<li><strong>Yhten\u00e4isen ja ammattimaisen br\u00e4ndikuvan luominen<\/strong><\/li>\n<\/ul>\n<p><strong>Sovellukset<\/strong><\/p>\n<p>Tarroja k\u00e4ytet\u00e4\u00e4n laajalti monissa eri sovelluksissa, kuten:<\/p>\n<ul>\n<li><strong>Viihde-elektroniikka<\/strong><\/li>\n<li><strong>L\u00e4\u00e4kinn\u00e4lliset laitteet<\/strong><\/li>\n<li><strong>Elintarvike- ja juomapakkaukset<\/strong><\/li>\n<li><strong>Teollisuustuotteet<\/strong><\/li>\n<li><strong>Merenkulku ja logistiikka<\/strong><\/li>\n<\/ul>\n<p><strong>Mukautettavat ratkaisut<\/strong><\/p>\n<p>Tarjoamme laajan valikoiman r\u00e4\u00e4t\u00e4l\u00f6intivaihtoehtoja vastaamaan erityistarpeitasi, mukaan lukien:<\/p>\n<ul>\n<li><strong>Erilaisia materiaaleja ja viimeistelyj\u00e4<\/strong><\/li>\n<li><strong>Mukautettu painatus ja grafiikka<\/strong><\/li>\n<li><strong>Leikkausleikkaus ja muodot<\/strong><\/li>\n<li><strong>Liimavaihtoehdot<\/strong><\/li>\n<\/ul>\n<p><strong>Kumppanuus kokeneen etikettivalmistajan kanssa<\/strong><\/p>\n<p>Vuosien asiantuntemuksella ja sitoutumisella laatuun olemme luotettava l\u00e4hde r\u00e4\u00e4t\u00e4l\u00f6ityjen etikettien hankintaan. Asiantuntijatiimimme voi auttaa sinua suunnittelemaan ja valmistamaan t\u00e4ydelliset etiketit, jotka parantavat tuotetunnistusta, viestint\u00e4\u00e4 ja br\u00e4nd\u00e4yst\u00e4.<\/p>\n<p><strong>Ota yhteytt\u00e4 t\u00e4n\u00e4\u00e4n<\/strong>\u00a0saadaksesi lis\u00e4tietoja etikettiratkaisuistamme ja siit\u00e4, miten voimme auttaa sinua nostamaan tuotteitasi esiin.<\/p>","protected":false},"excerpt":{"rendered":"<p>Etiketit ovat olennaisia osia, jotka antavat selke\u00e4\u00e4 ja tiivist\u00e4 tietoa tuotteista ja varmistavat niiden asianmukaisen k\u00e4yt\u00f6n, tunnistamisen ja s\u00e4\u00e4nn\u00f6sten noudattamisen. N\u00e4m\u00e4 monipuoliset etiketit voidaan kiinnitt\u00e4\u00e4 monenlaisiin pintoihin, kuten pakkauksiin, komponentteihin ja valmiisiin tuotteisiin.<\/p>","protected":false},"featured_media":1750,"template":"","meta":[],"product_brand":[],"product_cat":[15],"product_tag":[],"class_list":{"0":"post-1779","1":"product","2":"type-product","3":"status-publish","4":"has-post-thumbnail","6":"product_cat-print-label","8":"first","9":"instock","10":"shipping-taxable","11":"product-type-simple"},"_links":{"self":[{"href":"https:\/\/membraneswitchmfg.com\/fi\/wp-json\/wp\/v2\/product\/1779","targetHints":{"allow":["GET"]}}],"collection":[{"href":"https:\/\/membraneswitchmfg.com\/fi\/wp-json\/wp\/v2\/product"}],"about":[{"href":"https:\/\/membraneswitchmfg.com\/fi\/wp-json\/wp\/v2\/types\/product"}],"wp:featuredmedia":[{"embeddable":true,"href":"https:\/\/membraneswitchmfg.com\/fi\/wp-json\/wp\/v2\/media\/1750"}],"wp:attachment":[{"href":"https:\/\/membraneswitchmfg.com\/fi\/wp-json\/wp\/v2\/media?parent=1779"}],"wp:term":[{"taxonomy":"product_brand","embeddable":true,"href":"https:\/\/membraneswitchmfg.com\/fi\/wp-json\/wp\/v2\/product_brand?post=1779"},{"taxonomy":"product_cat","embeddable":true,"href":"https:\/\/membraneswitchmfg.com\/fi\/wp-json\/wp\/v2\/product_cat?post=1779"},{"taxonomy":"product_tag","embeddable":true,"href":"https:\/\/membraneswitchmfg.com\/fi\/wp-json\/wp\/v2\/product_tag?post=1779"}],"curies":[{"name":"wp","href":"https:\/\/api.w.org\/{rel}","templated":true}]}}