{"id":1781,"date":"2024-06-24T05:57:57","date_gmt":"2024-06-24T05:57:57","guid":{"rendered":"https:\/\/membraneswitchmfg.com\/manufacturer\/membrane-switch-back-support\/"},"modified":"2024-07-25T08:37:56","modified_gmt":"2024-07-25T08:37:56","slug":"membrane-switch-back-support","status":"publish","type":"product","link":"https:\/\/membraneswitchmfg.com\/fi\/manufacturer\/membrane-switch-back-support\/","title":{"rendered":"Kalvokytkin + selk\u00e4tuki"},"content":{"rendered":"<h2><strong><b>Kalvokytkin + selk\u00e4tuki: Kest\u00e4vyys ja toiminnallisuus<\/b><\/strong><\/h2>\n<p><strong>Parannettu kest\u00e4vyys ja vakaus<\/strong><\/p>\n<p>Selk\u00e4tuki muodostaa kalvokytkimelle j\u00e4yk\u00e4n perustan, mik\u00e4 parantaa merkitt\u00e4v\u00e4sti sen kest\u00e4vyytt\u00e4 ja k\u00e4ytt\u00f6ik\u00e4\u00e4. T\u00e4m\u00e4 on erityisen hy\u00f6dyllist\u00e4 ymp\u00e4rist\u00f6iss\u00e4, joissa kytkint\u00e4 k\u00e4ytet\u00e4\u00e4n usein tai se on alttiina koville olosuhteille.<\/p>\n<ul>\n<li><strong>Kest\u00e4\u00e4 muodonmuutosta ja kulumista<\/strong><\/li>\n<li><strong>Suojaa kytkint\u00e4 iskuilta ja t\u00e4rin\u00e4lt\u00e4<\/strong><\/li>\n<li><strong>Pident\u00e4\u00e4 kytkimen k\u00e4ytt\u00f6ik\u00e4\u00e4<\/strong><\/li>\n<\/ul>\n<p><strong>Parannettu toiminnallisuus ja asennusvaihtoehdot<\/strong><\/p>\n<p>Taustatuki helpottaa kalvokytkimen turvallista ja tarkkaa kiinnitt\u00e4mist\u00e4, mik\u00e4 takaa oikean kohdistuksen ja toiminnan. Se mahdollistaa my\u00f6s lis\u00e4komponenttien, kuten LEDien ja liittimien, integroinnin.<\/p>\n<ul>\n<li><strong>Mahdollistaa uppoasennuksen tai korotetun asennuksen<\/strong><\/li>\n<li><strong>Tarjoaa kiinnitysrei\u00e4t ja -nastat<\/strong><\/li>\n<li><strong>Mahdollistaa elektroniikan integroinnin<\/strong><\/li>\n<\/ul>\n<p><strong>Parannettu estetiikka ja ammattimainen ulkon\u00e4k\u00f6<\/strong><\/p>\n<p>Selk\u00e4tuki parantaa kalvokytkimen yleist\u00e4 estetiikkaa, mik\u00e4 luo ammattimaisemman ja visuaalisesti miellytt\u00e4v\u00e4mm\u00e4n ulkon\u00e4\u00f6n. Sit\u00e4 voidaan mukauttaa v\u00e4reill\u00e4, kuvioilla ja viimeistelyll\u00e4 laitteen muotoilun mukaiseksi.<\/p>\n<ul>\n<li><strong>Tyylik\u00e4s ja moderni muotoilu<\/strong><\/li>\n<li><strong>Erilaisia v\u00e4rej\u00e4 ja viimeistelyj\u00e4<\/strong><\/li>\n<li><strong>Mukautettavat grafiikat ja logot<\/strong><\/li>\n<\/ul>\n<p><strong>Sovellukset<\/strong><\/p>\n<p>Kalvokytkimi\u00e4, joissa on selk\u00e4tuki, k\u00e4ytet\u00e4\u00e4n laajalti erilaisissa sovelluksissa, kuten:<\/p>\n<ul>\n<li><strong>Teollisuuden ohjauspaneelit<\/strong><\/li>\n<li><strong>L\u00e4\u00e4kinn\u00e4lliset laitteet<\/strong><\/li>\n<li><strong>Viihde-elektroniikka<\/strong><\/li>\n<li><strong>Televiestint\u00e4laitteet<\/strong><\/li>\n<li><strong>Kuljetuskonsolit<\/strong><\/li>\n<\/ul>\n<p><strong>Mukautettavat ratkaisut<\/strong><\/p>\n<p>Tarjoamme laajan valikoiman r\u00e4\u00e4t\u00e4l\u00f6intivaihtoehtoja vastaamaan erityistarpeitasi, mukaan lukien:<\/p>\n<ul>\n<li><strong>Erilaisia selk\u00e4tukimateriaaleja (alumiini, muovi jne.).<\/strong><\/li>\n<li><strong>Mukautetut mitat ja muodot<\/strong><\/li>\n<li><strong>Leikkaukset ja rei\u00e4t komponentteja varten<\/strong><\/li>\n<li><strong>Pintak\u00e4sittelyt ja viimeistelyt<\/strong><\/li>\n<\/ul>\n<p><strong>Kumppanuus kokeneen kalvokytkinvalmistajan kanssa<\/strong><\/p>\n<p>Vuosien asiantuntemuksella ja sitoutumisella laatuun olemme luotettava l\u00e4hde r\u00e4\u00e4t\u00e4l\u00f6idyille kalvokytkimille, joissa on selk\u00e4tuki. Asiantuntijatiimimme voi auttaa sinua suunnittelemaan ja valmistamaan t\u00e4ydelliset kytkimet, jotka parantavat tuotteesi kest\u00e4vyytt\u00e4, toiminnallisuutta ja esteettisyytt\u00e4.<\/p>\n<p><strong>Ota yhteytt\u00e4 t\u00e4n\u00e4\u00e4n<\/strong>\u00a0saadaksesi lis\u00e4tietoja kalvokytkinratkaisuistamme, joissa on selk\u00e4tuki, ja siit\u00e4, miten voimme auttaa sinua nostamaan tuotteitasi.<\/p>\n<p><strong>Muita avainsanoja:<\/strong>\u00a0joustava kalvokytkin, on off kalvokytkin<\/p>","protected":false},"excerpt":{"rendered":"<p>Kalvokytkimet yhdistettyn\u00e4 taustatukeen tarjoavat vankan ja monipuolisen ratkaisun k\u00e4ytt\u00f6liittymiin, joissa yhdistyv\u00e4t kalvokytkimien tuntopalaute ja taustapaneelin rakenteellinen kest\u00e4vyys. T\u00e4m\u00e4 integraatio parantaa kytkimen kest\u00e4vyytt\u00e4, toiminnallisuutta ja esteettisyytt\u00e4, joten se sopii monenlaisiin sovelluksiin.<\/p>","protected":false},"featured_media":1754,"template":"","meta":[],"product_brand":[],"product_cat":[40],"product_tag":[],"class_list":{"0":"post-1781","1":"product","2":"type-product","3":"status-publish","4":"has-post-thumbnail","6":"product_cat-membrane-switch","8":"first","9":"instock","10":"shipping-taxable","11":"product-type-simple"},"_links":{"self":[{"href":"https:\/\/membraneswitchmfg.com\/fi\/wp-json\/wp\/v2\/product\/1781","targetHints":{"allow":["GET"]}}],"collection":[{"href":"https:\/\/membraneswitchmfg.com\/fi\/wp-json\/wp\/v2\/product"}],"about":[{"href":"https:\/\/membraneswitchmfg.com\/fi\/wp-json\/wp\/v2\/types\/product"}],"wp:featuredmedia":[{"embeddable":true,"href":"https:\/\/membraneswitchmfg.com\/fi\/wp-json\/wp\/v2\/media\/1754"}],"wp:attachment":[{"href":"https:\/\/membraneswitchmfg.com\/fi\/wp-json\/wp\/v2\/media?parent=1781"}],"wp:term":[{"taxonomy":"product_brand","embeddable":true,"href":"https:\/\/membraneswitchmfg.com\/fi\/wp-json\/wp\/v2\/product_brand?post=1781"},{"taxonomy":"product_cat","embeddable":true,"href":"https:\/\/membraneswitchmfg.com\/fi\/wp-json\/wp\/v2\/product_cat?post=1781"},{"taxonomy":"product_tag","embeddable":true,"href":"https:\/\/membraneswitchmfg.com\/fi\/wp-json\/wp\/v2\/product_tag?post=1781"}],"curies":[{"name":"wp","href":"https:\/\/api.w.org\/{rel}","templated":true}]}}