{"id":1782,"date":"2024-06-24T05:57:57","date_gmt":"2024-06-24T05:57:57","guid":{"rendered":"https:\/\/membraneswitchmfg.com\/manufacturer\/membrane-switch-touch-screen\/"},"modified":"2024-06-25T13:51:39","modified_gmt":"2024-06-25T13:51:39","slug":"membrane-switch-touch-screen","status":"publish","type":"product","link":"https:\/\/membraneswitchmfg.com\/fi\/manufacturer\/membrane-switch-touch-screen\/","title":{"rendered":"Kalvokytkin + kosketusn\u00e4ytt\u00f6"},"content":{"rendered":"<h2><strong><b>Kalvokytkin + kosketusn\u00e4ytt\u00f6: Saumaton integrointi parantaa k\u00e4ytt\u00e4j\u00e4kokemusta<\/b><\/strong><\/h2>\n<p><strong>Parannettu k\u00e4ytt\u00e4j\u00e4kokemus ja saavutettavuus<\/strong><\/p>\n<p>Kosketusn\u00e4yt\u00f6ll\u00e4 varustetut kalvokytkimet tarjoavat intuitiivisemman ja k\u00e4ytt\u00e4j\u00e4yst\u00e4v\u00e4llisemm\u00e4n k\u00e4ytt\u00f6liittym\u00e4n:<\/p>\n<ul>\n<li><strong>Tuntopalautteen ja visuaalisten vihjeiden yhdist\u00e4minen<\/strong><\/li>\n<li><strong>Helppo navigointi ja valinta<\/strong><\/li>\n<li><strong>Laajemman valikoiman k\u00e4ytt\u00e4jien mieltymysten huomioon ottaminen<\/strong><\/li>\n<\/ul>\n<p><strong>Lis\u00e4\u00e4ntynyt toiminnallisuus ja r\u00e4\u00e4t\u00e4l\u00f6inti<\/strong><\/p>\n<p>T\u00e4m\u00e4 integrointi mahdollistaa edistyneiden ominaisuuksien sis\u00e4llytt\u00e4misen, kuten:<\/p>\n<ul>\n<li><strong>Mukautettavat grafiikat ja kuvakkeet<\/strong><\/li>\n<li><strong>Interaktiiviset valikot ja n\u00e4yt\u00f6t<\/strong><\/li>\n<li><strong>Tietojen sy\u00f6tt\u00f6 ja valvonta<\/strong><\/li>\n<\/ul>\n<p><strong>Erilaisia suunnitteluvaihtoehtoja<\/strong><\/p>\n<p>Kosketusn\u00e4yt\u00f6ll\u00e4 varustetut kalvokytkimet voidaan r\u00e4\u00e4t\u00e4l\u00f6id\u00e4 vastaamaan erityisi\u00e4 suunnitteluvaatimuksia, mukaan lukien:<\/p>\n<ul>\n<li><strong>Erilaisia kytkinkokoja ja kokoonpanoja<\/strong><\/li>\n<li><strong>Kosketusn\u00e4ytt\u00f6jen koot ja tekniikat<\/strong><\/li>\n<li><strong>Taustavalo ja valaistusvaihtoehdot<\/strong><\/li>\n<li><strong>Esteettinen integrointi laitteen suunnitteluun<\/strong><\/li>\n<\/ul>\n<p><strong>Sovellukset<\/strong><\/p>\n<p>Kosketusn\u00e4yt\u00f6ll\u00e4 varustettuja kalvokytkimi\u00e4 k\u00e4ytet\u00e4\u00e4n laajalti erilaisissa sovelluksissa, kuten:<\/p>\n<ul>\n<li><strong>Teollisuuden ohjauspaneelit<\/strong><\/li>\n<li><strong>L\u00e4\u00e4kinn\u00e4lliset laitteet<\/strong><\/li>\n<li><strong>Viihde-elektroniikka<\/strong><\/li>\n<li><strong>Kodinkoneet<\/strong><\/li>\n<li><strong>Julkiset kioskit<\/strong><\/li>\n<\/ul>\n<p><strong>Mukautettavat ratkaisut<\/strong><\/p>\n<p>Tarjoamme laajan valikoiman r\u00e4\u00e4t\u00e4l\u00f6intivaihtoehtoja vastaamaan erityistarpeitasi, mukaan lukien:<\/p>\n<ul>\n<li><strong>Kalvokytkimien materiaalien ja tyylien valinta<\/strong><\/li>\n<li><strong>Kosketusn\u00e4ytt\u00f6tekniikka ja resoluutio<\/strong><\/li>\n<li><strong>Mukautettu grafiikka ja k\u00e4ytt\u00f6liittym\u00e4suunnittelu<\/strong><\/li>\n<li><strong>Integrointi lis\u00e4komponenttien kanssa<\/strong><\/li>\n<\/ul>\n<p><strong>Kumppanuus kokeneen kalvokytkimen ja kosketusn\u00e4yt\u00f6n valmistajan kanssa<\/strong><\/p>\n<p>Vuosien asiantuntemuksella ja sitoutumisella laatuun olemme luotettava l\u00e4hde r\u00e4\u00e4t\u00e4l\u00f6idyille kalvokytkimille, joissa on kosketusn\u00e4ytt\u00f6. Asiantuntijatiimimme voi auttaa sinua suunnittelemaan ja valmistamaan t\u00e4ydellisen ratkaisun, joka parantaa tuotteesi k\u00e4ytt\u00f6kokemusta, toiminnallisuutta ja esteettisyytt\u00e4.<\/p>\n<p><strong>Ota yhteytt\u00e4 t\u00e4n\u00e4\u00e4n<\/strong>\u00a0saadaksesi lis\u00e4tietoja kalvokytkin- ja kosketusn\u00e4ytt\u00f6ratkaisuistamme ja siit\u00e4, miten voimme auttaa sinua parantamaan tuotteitasi.<\/p>","protected":false},"excerpt":{"rendered":"<p>Kalvokytkimet ja kosketusn\u00e4yt\u00f6t voidaan integroida saumattomasti k\u00e4ytt\u00f6liittym\u00e4n luomiseksi, jossa yhdistyv\u00e4t kalvokytkimien tuntopalaute ja kosketusn\u00e4ytt\u00f6jen visuaalinen vuorovaikutteisuus. T\u00e4m\u00e4 innovatiivinen yhdistelm\u00e4 tarjoaa monipuolisen ja k\u00e4ytt\u00e4j\u00e4yst\u00e4v\u00e4llisen ratkaisun monenlaisiin sovelluksiin.<\/p>","protected":false},"featured_media":1762,"template":"","meta":[],"product_brand":[],"product_cat":[40],"product_tag":[],"class_list":{"0":"post-1782","1":"product","2":"type-product","3":"status-publish","4":"has-post-thumbnail","6":"product_cat-membrane-switch","8":"first","9":"instock","10":"shipping-taxable","11":"product-type-simple"},"_links":{"self":[{"href":"https:\/\/membraneswitchmfg.com\/fi\/wp-json\/wp\/v2\/product\/1782","targetHints":{"allow":["GET"]}}],"collection":[{"href":"https:\/\/membraneswitchmfg.com\/fi\/wp-json\/wp\/v2\/product"}],"about":[{"href":"https:\/\/membraneswitchmfg.com\/fi\/wp-json\/wp\/v2\/types\/product"}],"wp:featuredmedia":[{"embeddable":true,"href":"https:\/\/membraneswitchmfg.com\/fi\/wp-json\/wp\/v2\/media\/1762"}],"wp:attachment":[{"href":"https:\/\/membraneswitchmfg.com\/fi\/wp-json\/wp\/v2\/media?parent=1782"}],"wp:term":[{"taxonomy":"product_brand","embeddable":true,"href":"https:\/\/membraneswitchmfg.com\/fi\/wp-json\/wp\/v2\/product_brand?post=1782"},{"taxonomy":"product_cat","embeddable":true,"href":"https:\/\/membraneswitchmfg.com\/fi\/wp-json\/wp\/v2\/product_cat?post=1782"},{"taxonomy":"product_tag","embeddable":true,"href":"https:\/\/membraneswitchmfg.com\/fi\/wp-json\/wp\/v2\/product_tag?post=1782"}],"curies":[{"name":"wp","href":"https:\/\/api.w.org\/{rel}","templated":true}]}}