{"id":1783,"date":"2024-06-24T05:57:57","date_gmt":"2024-06-24T05:57:57","guid":{"rendered":"https:\/\/membraneswitchmfg.com\/manufacturer\/oca-membrane-switch-keypad\/"},"modified":"2024-06-25T14:00:06","modified_gmt":"2024-06-25T14:00:06","slug":"oca-membrane-switch-keypad","status":"publish","type":"product","link":"https:\/\/membraneswitchmfg.com\/fi\/manufacturer\/oca-membrane-switch-keypad\/","title":{"rendered":"OCA-kalvokytkimen n\u00e4pp\u00e4imist\u00f6"},"content":{"rendered":"<h2><strong><b>OCA-kalvokytkimen n\u00e4pp\u00e4imist\u00f6: Parannettu kest\u00e4vyys ja tuntoaisti<\/b><\/strong><\/h2>\n<p><strong>Parannettu kest\u00e4vyys ja vedenkest\u00e4vyys<\/strong><\/p>\n<p>OCA:n kalvokytkinn\u00e4pp\u00e4imist\u00f6t ovat poikkeuksellisen kest\u00e4vi\u00e4 ja kest\u00e4v\u00e4t kovia olosuhteita ja usein toistuvaa k\u00e4ytt\u00f6\u00e4. OCA-kerros muodostaa suojakerroksen kosteutta, p\u00f6ly\u00e4 ja ep\u00e4puhtauksia vastaan, mik\u00e4 pident\u00e4\u00e4 n\u00e4pp\u00e4imist\u00f6n k\u00e4ytt\u00f6ik\u00e4\u00e4.<\/p>\n<ul>\n<li><strong>Kest\u00e4\u00e4 vett\u00e4, kemikaaleja ja UV-s\u00e4teit\u00e4.<\/strong><\/li>\n<li><strong>Kest\u00e4\u00e4 \u00e4\u00e4rimm\u00e4isi\u00e4 l\u00e4mp\u00f6tiloja ja t\u00e4rin\u00e4\u00e4<\/strong><\/li>\n<li><strong>Soveltuu ulko- ja teollisuusymp\u00e4rist\u00f6ihin<\/strong><\/li>\n<\/ul>\n<p><strong>Erinomainen tuntoaistivaste ja ter\u00e4v\u00e4 palaute<\/strong><\/p>\n<p>OCA:n kalvokytkinn\u00e4pp\u00e4imist\u00f6t tarjoavat tarkan ja johdonmukaisen tuntoaistin, mik\u00e4 takaa tarkan ja luotettavan k\u00e4ytt\u00e4j\u00e4n sy\u00f6t\u00f6n. OCA-kerros parantaa n\u00e4pp\u00e4inten liikett\u00e4 ja antaa ter\u00e4v\u00e4n naksahduksen palautteen, joka antaa k\u00e4ytt\u00e4j\u00e4lle positiivisen vahvistuksen.<\/p>\n<ul>\n<li><strong>Tarkka ja johdonmukainen n\u00e4pp\u00e4inten k\u00e4ytt\u00f6<\/strong><\/li>\n<li><strong>Raikas napsautuspalaute taktiilivahvistusta varten<\/strong><\/li>\n<li><strong>Minimoi virheet ja parantaa k\u00e4ytt\u00e4j\u00e4kokemusta<\/strong><\/li>\n<\/ul>\n<p><strong>Parannettu visuaalinen selkeys ja taustavaloasetukset<\/strong><\/p>\n<p>OCA:n kalvokytkinn\u00e4pp\u00e4imist\u00f6t tarjoavat poikkeuksellisen selke\u00e4n visuaalisen ilmeen, ja niiden selke\u00e4t merkinn\u00e4t ja symbolit ovat helposti luettavissa my\u00f6s h\u00e4m\u00e4r\u00e4ss\u00e4 valaistuksessa. OCA-kerros mahdollistaa tasaisen taustavalaistuksen, mik\u00e4 takaa selke\u00e4n n\u00e4kyvyyden h\u00e4m\u00e4r\u00e4ss\u00e4.<\/p>\n<ul>\n<li><strong>ter\u00e4v\u00e4t ja luettavat legendat ja symbolit<\/strong><\/li>\n<li><strong>Yhten\u00e4iset taustavalaistusvaihtoehdot parempaa n\u00e4kyvyytt\u00e4 varten<\/strong><\/li>\n<li><strong>Mukautettavat grafiikat ja br\u00e4ndielementit<\/strong><\/li>\n<\/ul>\n<p><strong>Sovellukset<\/strong><\/p>\n<p>OCA-kalvokytkinn\u00e4pp\u00e4imist\u00f6j\u00e4 k\u00e4ytet\u00e4\u00e4n laajalti erilaisissa sovelluksissa, kuten:<\/p>\n<ul>\n<li><strong>Teollisuuden ohjauspaneelit<\/strong><\/li>\n<li><strong>L\u00e4\u00e4kinn\u00e4lliset laitteet<\/strong><\/li>\n<li><strong>Viihde-elektroniikka<\/strong><\/li>\n<li><strong>Televiestint\u00e4laitteet<\/strong><\/li>\n<li><strong>Kuljetuskonsolit<\/strong><\/li>\n<\/ul>\n<p><strong>Mukautettavat ratkaisut<\/strong><\/p>\n<p>Tarjoamme laajan valikoiman r\u00e4\u00e4t\u00e4l\u00f6intivaihtoehtoja vastaamaan erityistarpeitasi, mukaan lukien:<\/p>\n<ul>\n<li><strong>Erilaisia avainkokoja, asetteluja ja kokoonpanoja<\/strong><\/li>\n<li><strong>Mukautettu grafiikka, legendat ja br\u00e4ndielementit<\/strong><\/li>\n<li><strong>Taustavalon vaihtoehdot ja v\u00e4rit<\/strong><\/li>\n<li><strong>Integrointi lis\u00e4komponenttien kanssa<\/strong><\/li>\n<\/ul>\n<p><strong>Kumppanuus kokeneen OCA-kalvokytkimen n\u00e4pp\u00e4imist\u00f6n valmistajan kanssa<\/strong><\/p>\n<p>Vuosien asiantuntemuksella ja sitoutumisella laatuun olemme luotettava l\u00e4hde OCA-kalvokytkinten r\u00e4\u00e4t\u00e4l\u00f6idyille n\u00e4pp\u00e4imist\u00f6ille. Asiantuntijatiimimme voi auttaa sinua suunnittelemaan ja valmistamaan t\u00e4ydelliset n\u00e4pp\u00e4imist\u00f6t, jotka parantavat tuotteesi kest\u00e4vyytt\u00e4, tuntoaistinvastetta, visuaalista selkeytt\u00e4 ja yleist\u00e4 suorituskyky\u00e4.<\/p>\n<p><strong>Ota yhteytt\u00e4 t\u00e4n\u00e4\u00e4n<\/strong>\u00a0saadaksesi lis\u00e4tietoja OCA-kalvokytkinten n\u00e4pp\u00e4imist\u00f6ratkaisuistamme ja siit\u00e4, miten voimme auttaa sinua parantamaan tuotteitasi.<\/p>","protected":false},"excerpt":{"rendered":"<p>OCA (Optically Clear Adhesive) -kalvokytkinn\u00e4pp\u00e4imist\u00f6t tarjoavat perinteisi\u00e4 kalvokytkinn\u00e4pp\u00e4imist\u00f6j\u00e4 paremman vaihtoehdon, joka tarjoaa paremman kest\u00e4vyyden, tuntoaistin ja visuaalisen selkeyden. N\u00e4m\u00e4 innovatiiviset n\u00e4pp\u00e4imist\u00f6t sopivat erinomaisesti sovelluksiin, jotka vaativat korkeaa suorituskyky\u00e4 ja luotettavuutta haastavissa ymp\u00e4rist\u00f6iss\u00e4.<\/p>","protected":false},"featured_media":1756,"template":"","meta":[],"product_brand":[],"product_cat":[40],"product_tag":[],"class_list":{"0":"post-1783","1":"product","2":"type-product","3":"status-publish","4":"has-post-thumbnail","6":"product_cat-membrane-switch","8":"first","9":"instock","10":"shipping-taxable","11":"product-type-simple"},"_links":{"self":[{"href":"https:\/\/membraneswitchmfg.com\/fi\/wp-json\/wp\/v2\/product\/1783","targetHints":{"allow":["GET"]}}],"collection":[{"href":"https:\/\/membraneswitchmfg.com\/fi\/wp-json\/wp\/v2\/product"}],"about":[{"href":"https:\/\/membraneswitchmfg.com\/fi\/wp-json\/wp\/v2\/types\/product"}],"wp:featuredmedia":[{"embeddable":true,"href":"https:\/\/membraneswitchmfg.com\/fi\/wp-json\/wp\/v2\/media\/1756"}],"wp:attachment":[{"href":"https:\/\/membraneswitchmfg.com\/fi\/wp-json\/wp\/v2\/media?parent=1783"}],"wp:term":[{"taxonomy":"product_brand","embeddable":true,"href":"https:\/\/membraneswitchmfg.com\/fi\/wp-json\/wp\/v2\/product_brand?post=1783"},{"taxonomy":"product_cat","embeddable":true,"href":"https:\/\/membraneswitchmfg.com\/fi\/wp-json\/wp\/v2\/product_cat?post=1783"},{"taxonomy":"product_tag","embeddable":true,"href":"https:\/\/membraneswitchmfg.com\/fi\/wp-json\/wp\/v2\/product_tag?post=1783"}],"curies":[{"name":"wp","href":"https:\/\/api.w.org\/{rel}","templated":true}]}}