{"id":1786,"date":"2024-06-24T05:57:57","date_gmt":"2024-06-24T05:57:57","guid":{"rendered":"https:\/\/membraneswitchmfg.com\/manufacturer\/medical-membrane-switches\/"},"modified":"2024-06-25T13:43:30","modified_gmt":"2024-06-25T13:43:30","slug":"medical-membrane-switches","status":"publish","type":"product","link":"https:\/\/membraneswitchmfg.com\/fi\/manufacturer\/medical-membrane-switches\/","title":{"rendered":"L\u00e4\u00e4ketieteellinen kalvokytkin"},"content":{"rendered":"<h2><strong><b>L\u00e4\u00e4ketieteellinen kalvokytkin: Precision, Reliability, and Safety for Healthcare Applications (Tarkkuus, luotettavuus ja turvallisuus terveydenhuollon sovelluksissa)<\/b><\/strong><\/h2>\n<p><strong>Tarkkuus ja tuntoaisti<\/strong><\/p>\n<p>L\u00e4\u00e4ketieteelliset kalvokytkimet tarjoavat tarkan toiminnan ja johdonmukaisen tuntoaistin, mik\u00e4 takaa tarkan k\u00e4ytt\u00e4j\u00e4n sy\u00f6t\u00f6n my\u00f6s vaativissa tilanteissa. T\u00e4m\u00e4 on erityisen t\u00e4rke\u00e4\u00e4 laitteissa, joita k\u00e4ytet\u00e4\u00e4n herkiss\u00e4 toimenpiteiss\u00e4 tai joissa potilasturvallisuus on ensiarvoisen t\u00e4rke\u00e4\u00e4.<\/p>\n<ul>\n<li><strong>Tarkat ja johdonmukaiset n\u00e4pp\u00e4inpainallukset virheett\u00f6m\u00e4\u00e4n toimintaan.<\/strong><\/li>\n<li><strong>Ter\u00e4v\u00e4 tuntopalaute k\u00e4ytt\u00e4j\u00e4n positiivisen vahvistuksen saamiseksi<\/strong><\/li>\n<li><strong>Soveltuu sovelluksiin, jotka vaativat suurta tarkkuutta ja valvontaa<\/strong><\/li>\n<\/ul>\n<p><strong>Luotettavuus ja kest\u00e4vyys<\/strong><\/p>\n<p>L\u00e4\u00e4ketieteelliset kalvokytkimet on rakennettu kest\u00e4m\u00e4\u00e4n jatkuvaa k\u00e4ytt\u00f6\u00e4 ja kovia puhdistusaineita, mik\u00e4 takaa pitk\u00e4aikaisen suorituskyvyn vaativissa terveydenhuollon ymp\u00e4rist\u00f6iss\u00e4.<\/p>\n<ul>\n<li><strong>Kest\u00e4v\u00e4 rakenne takaa pitk\u00e4n k\u00e4ytt\u00f6i\u00e4n<\/strong><\/li>\n<li><strong>Kest\u00e4\u00e4 nesteit\u00e4, kemikaaleja ja desinfiointiaineita.<\/strong><\/li>\n<li><strong>Soveltuu vilkkaasti liikenn\u00f6idyille alueille ja usein tapahtuvaan puhdistukseen.<\/strong><\/li>\n<\/ul>\n<p><strong>Turvallisuus ja infektioiden torjunta<\/strong><\/p>\n<p>L\u00e4\u00e4ketieteelliset kalvokytkimet on suunniteltu turvallisuutta silm\u00e4ll\u00e4 pit\u00e4en, ja niiss\u00e4 on antimikrobiset pinnat ja sile\u00e4t, ei-huokoiset pinnat, jotka minimoivat ristikontaminaation riskin.<\/p>\n<ul>\n<li><strong>Antimikrobiset pinnat est\u00e4v\u00e4t bakteerien ja virusten kasvua.<\/strong><\/li>\n<li><strong>Sile\u00e4t, ei-huokoiset pinnat on helppo puhdistaa ja desinfioida.<\/strong><\/li>\n<li><strong>Asiaankuuluvien l\u00e4\u00e4ketieteellisten standardien ja m\u00e4\u00e4r\u00e4ysten mukainen<\/strong><\/li>\n<\/ul>\n<p><strong>Sovellukset<\/strong><\/p>\n<p>L\u00e4\u00e4ketieteellisi\u00e4 kalvokytkimi\u00e4 k\u00e4ytet\u00e4\u00e4n laajalti erilaisissa terveydenhuollon sovelluksissa, kuten:<\/p>\n<ul>\n<li><strong>L\u00e4\u00e4kint\u00e4laitteiden ohjauspaneelit<\/strong><\/li>\n<li><strong>Potilaan seurantaj\u00e4rjestelm\u00e4t<\/strong><\/li>\n<li><strong>Kirurgiset instrumentit<\/strong><\/li>\n<li><strong>Diagnoosilaitteet<\/strong><\/li>\n<li><strong>Laboratoriolaitteet<\/strong><\/li>\n<\/ul>\n<p><strong>Mukautettavat ratkaisut<\/strong><\/p>\n<p>Tarjoamme laajan valikoiman r\u00e4\u00e4t\u00e4l\u00f6intivaihtoehtoja vastaamaan erityistarpeitasi, mukaan lukien:<\/p>\n<ul>\n<li><strong>Erilaisia kytkinten kokoja, muotoja ja kokoonpanoja.<\/strong><\/li>\n<li><strong>Mukautettu grafiikka, legendat ja br\u00e4ndielementit<\/strong><\/li>\n<li><strong>Taustavalo ja valaistusvaihtoehdot<\/strong><\/li>\n<li><strong>Integrointi lis\u00e4komponenttien kanssa<\/strong><\/li>\n<\/ul>\n<p><strong>Kumppanuus kokeneen l\u00e4\u00e4ketieteellisen kalvokytkimen valmistajan kanssa<\/strong><\/p>\n<p>Vuosien asiantuntemuksella ja sitoutumisella laatuun olemme luotettava l\u00e4hde r\u00e4\u00e4t\u00e4l\u00f6idyille l\u00e4\u00e4ketieteellisille kalvokytkimille. Asiantuntijatiimimme voi auttaa sinua suunnittelemaan ja valmistamaan t\u00e4ydelliset kytkimet, jotka t\u00e4ytt\u00e4v\u00e4t erityiset sovellusvaatimuksesi ja varmistavat potilaiden turvallisuuden ja hyvinvoinnin.<\/p>\n<p><strong>Ota yhteytt\u00e4 t\u00e4n\u00e4\u00e4n<\/strong>\u00a0saadaksesi lis\u00e4tietoja l\u00e4\u00e4ketieteellisist\u00e4 kalvokytkinratkaisuistamme ja siit\u00e4, miten voimme auttaa sinua parantamaan l\u00e4\u00e4kinn\u00e4llisi\u00e4 laitteitasi.<\/p>\n<p><strong>Muita avainsanoja:<\/strong>\u00a0kalvopaneelikytkin, teollinen kalvokytkin<\/p>","protected":false},"excerpt":{"rendered":"<p>L\u00e4\u00e4ketieteelliset kalvokytkimet on suunniteltu t\u00e4ytt\u00e4m\u00e4\u00e4n terveydenhuoltoymp\u00e4rist\u00f6jen tiukat vaatimukset, ja ne tarjoavat tarkat, luotettavat ja turvalliset k\u00e4ytt\u00f6liittym\u00e4t monenlaisille l\u00e4\u00e4kinn\u00e4llisille laitteille. N\u00e4m\u00e4 kytkimet valmistetaan korkealaatuisista materiaaleista ja testataan tiukasti, jotta varmistetaan optimaalinen suorituskyky kriittisen hoidon ymp\u00e4rist\u00f6iss\u00e4.<\/p>","protected":false},"featured_media":1753,"template":"","meta":[],"product_brand":[],"product_cat":[40],"product_tag":[],"class_list":{"0":"post-1786","1":"product","2":"type-product","3":"status-publish","4":"has-post-thumbnail","6":"product_cat-membrane-switch","8":"first","9":"instock","10":"shipping-taxable","11":"product-type-simple"},"_links":{"self":[{"href":"https:\/\/membraneswitchmfg.com\/fi\/wp-json\/wp\/v2\/product\/1786","targetHints":{"allow":["GET"]}}],"collection":[{"href":"https:\/\/membraneswitchmfg.com\/fi\/wp-json\/wp\/v2\/product"}],"about":[{"href":"https:\/\/membraneswitchmfg.com\/fi\/wp-json\/wp\/v2\/types\/product"}],"wp:featuredmedia":[{"embeddable":true,"href":"https:\/\/membraneswitchmfg.com\/fi\/wp-json\/wp\/v2\/media\/1753"}],"wp:attachment":[{"href":"https:\/\/membraneswitchmfg.com\/fi\/wp-json\/wp\/v2\/media?parent=1786"}],"wp:term":[{"taxonomy":"product_brand","embeddable":true,"href":"https:\/\/membraneswitchmfg.com\/fi\/wp-json\/wp\/v2\/product_brand?post=1786"},{"taxonomy":"product_cat","embeddable":true,"href":"https:\/\/membraneswitchmfg.com\/fi\/wp-json\/wp\/v2\/product_cat?post=1786"},{"taxonomy":"product_tag","embeddable":true,"href":"https:\/\/membraneswitchmfg.com\/fi\/wp-json\/wp\/v2\/product_tag?post=1786"}],"curies":[{"name":"wp","href":"https:\/\/api.w.org\/{rel}","templated":true}]}}