{"id":1788,"date":"2024-06-24T05:57:57","date_gmt":"2024-06-24T05:57:57","guid":{"rendered":"https:\/\/membraneswitchmfg.com\/manufacturer\/digitally-printed-graphics\/"},"modified":"2024-06-25T13:43:13","modified_gmt":"2024-06-25T13:43:13","slug":"digitally-printed-graphics","status":"publish","type":"product","link":"https:\/\/membraneswitchmfg.com\/fi\/manufacturer\/digitally-printed-graphics\/","title":{"rendered":"Digitaalisesti painettu grafiikka"},"content":{"rendered":"<h2><strong><b>Digitaalisesti painettu grafiikka: Kalvokytkimien parantaminen el\u00e4vill\u00e4 kuvioilla ja kest\u00e4vyydell\u00e4.<\/b><\/strong><\/h2>\n<p><strong>Vapauta suunnittelun luovuus<\/strong><\/p>\n<p>Digitaalinen painaminen mahdollistaa monimutkaisten kuvioiden, monimutkaisten kuvioiden ja fotorealististen kuvien luomisen, jota rajoittaa vain mielikuvituksesi. T\u00e4m\u00e4 avaa uusia mahdollisuuksia kalvokytkimien mukauttamiseen mink\u00e4 tahansa tuotemerkin identiteettiin tai tuote-estetiikkaan sopiviksi.<\/p>\n<ul>\n<li><strong>Sis\u00e4llyt\u00e4 yrityksen logot, br\u00e4ndielementit ja tuotegrafiikka.<\/strong><\/li>\n<li><strong>Luo visuaalisesti houkuttelevia ja k\u00e4ytt\u00e4j\u00e4yst\u00e4v\u00e4llisi\u00e4 k\u00e4ytt\u00f6liittymi\u00e4.<\/strong><\/li>\n<li><strong>Parannetaan tuotteiden erilaistumista ja tuotemerkin tunnettuutta<\/strong><\/li>\n<\/ul>\n<p><strong>Eloisat v\u00e4rit ja pitk\u00e4kestoiset vaikutelmat<\/strong><\/p>\n<p>Digitaalipainatuksessa k\u00e4ytet\u00e4\u00e4n korkealaatuisia painov\u00e4rej\u00e4, jotka tuottavat rikkaita, elinvoimaisia v\u00e4rej\u00e4, jotka kest\u00e4v\u00e4t haalistumista ja kulumista jopa vaikeissa olosuhteissa. N\u00e4in varmistetaan, ett\u00e4 kalvokytkimet s\u00e4ilytt\u00e4v\u00e4t visuaalisen vieh\u00e4tt\u00e4vyytens\u00e4 ja vaikutuksensa vuosien ajan.<\/p>\n<ul>\n<li><strong>Ter\u00e4v\u00e4 ja selke\u00e4 teksti ja symbolit<\/strong><\/li>\n<li><strong>Yhdenmukainen v\u00e4rintoisto eri tuotantosarjoissa<\/strong><\/li>\n<li><strong>Kest\u00e4\u00e4 naarmuja, kemikaaleja ja UV-s\u00e4teit\u00e4.<\/strong><\/li>\n<\/ul>\n<p><strong>Kest\u00e4v\u00e4t ja kustannustehokkaat ratkaisut<\/strong><\/p>\n<p>Digitaalisesti painettu grafiikka on paitsi visuaalisesti upeaa my\u00f6s eritt\u00e4in kest\u00e4v\u00e4\u00e4 ja kest\u00e4\u00e4 usein toistuvaa k\u00e4ytt\u00f6\u00e4 ja kovia puhdistusaineita. T\u00e4m\u00e4 tekee niist\u00e4 kustannustehokkaan ratkaisun pitk\u00e4ik\u00e4isiin kalvokytkimiin, jotka s\u00e4ilytt\u00e4v\u00e4t ulkon\u00e4k\u00f6ns\u00e4 ja toimintakykyns\u00e4 ajan my\u00f6t\u00e4.<\/p>\n<p><strong>Sovellukset<\/strong><\/p>\n<p>Digitaalisesti painettua grafiikkaa k\u00e4ytet\u00e4\u00e4n laajalti monissa eri sovelluksissa, kuten:<\/p>\n<ul>\n<li><strong>Teollisuuden ohjauspaneelit<\/strong><\/li>\n<li><strong>L\u00e4\u00e4kinn\u00e4lliset laitteet<\/strong><\/li>\n<li><strong>Viihde-elektroniikka<\/strong><\/li>\n<li><strong>Laitteet<\/strong><\/li>\n<li><strong>Koneet ja laitteet<\/strong><\/li>\n<\/ul>\n<p><strong>Kumppanuus kokeneen digitaalisen tulostuksen ja kalvokytkimen valmistajan kanssa<\/strong><\/p>\n<p>Meill\u00e4 on vuosien kokemus digitaalipainatuksesta ja kalvokytkinteknologiasta, joten olemme luotettava l\u00e4hde korkealaatuisille, r\u00e4\u00e4t\u00e4l\u00f6ityihin kalvokytkimiin. Asiantuntijatiimimme tekee tiivist\u00e4 yhteisty\u00f6t\u00e4 kanssasi ymm\u00e4rt\u00e4\u00e4kseen suunnitteluvaatimuksesi ja toimittaakseen t\u00e4ydellisen ratkaisun tuotteidesi parantamiseksi.<\/p>\n<p><strong>Ota yhteytt\u00e4 t\u00e4n\u00e4\u00e4n<\/strong>\u00a0saadaksesi lis\u00e4tietoja digitaalipainatuskyvyist\u00e4mme ja siit\u00e4, miten voimme auttaa sinua nostamaan kalvokytkimi\u00e4si upealla grafiikalla ja pitk\u00e4kestoisella kest\u00e4vyydell\u00e4.<\/p>","protected":false},"excerpt":{"rendered":"<p>Digitaalisesti painetut grafiikat ovat mullistaneet kalvokytkimien maailman, sill\u00e4 ne tarjoavat ennenn\u00e4kem\u00e4t\u00f6nt\u00e4 suunnittelun joustavuutta, el\u00e4vi\u00e4 v\u00e4rej\u00e4 ja poikkeuksellista kest\u00e4vyytt\u00e4. T\u00e4m\u00e4 innovatiivinen painotekniikka mahdollistaa korkearesoluutioisten grafiikoiden, logojen ja legendojen luomisen, jotka muuttavat tavalliset kalvokytkimet visuaalisesti houkutteleviksi ja informatiivisiksi k\u00e4ytt\u00f6liittymiksi.<\/p>","protected":false},"featured_media":1764,"template":"","meta":[],"product_brand":[],"product_cat":[40],"product_tag":[],"class_list":{"0":"post-1788","1":"product","2":"type-product","3":"status-publish","4":"has-post-thumbnail","6":"product_cat-membrane-switch","8":"first","9":"instock","10":"shipping-taxable","11":"product-type-simple"},"_links":{"self":[{"href":"https:\/\/membraneswitchmfg.com\/fi\/wp-json\/wp\/v2\/product\/1788","targetHints":{"allow":["GET"]}}],"collection":[{"href":"https:\/\/membraneswitchmfg.com\/fi\/wp-json\/wp\/v2\/product"}],"about":[{"href":"https:\/\/membraneswitchmfg.com\/fi\/wp-json\/wp\/v2\/types\/product"}],"wp:featuredmedia":[{"embeddable":true,"href":"https:\/\/membraneswitchmfg.com\/fi\/wp-json\/wp\/v2\/media\/1764"}],"wp:attachment":[{"href":"https:\/\/membraneswitchmfg.com\/fi\/wp-json\/wp\/v2\/media?parent=1788"}],"wp:term":[{"taxonomy":"product_brand","embeddable":true,"href":"https:\/\/membraneswitchmfg.com\/fi\/wp-json\/wp\/v2\/product_brand?post=1788"},{"taxonomy":"product_cat","embeddable":true,"href":"https:\/\/membraneswitchmfg.com\/fi\/wp-json\/wp\/v2\/product_cat?post=1788"},{"taxonomy":"product_tag","embeddable":true,"href":"https:\/\/membraneswitchmfg.com\/fi\/wp-json\/wp\/v2\/product_tag?post=1788"}],"curies":[{"name":"wp","href":"https:\/\/api.w.org\/{rel}","templated":true}]}}