{"id":1790,"date":"2024-06-24T05:57:57","date_gmt":"2024-06-24T05:57:57","guid":{"rendered":"https:\/\/membraneswitchmfg.com\/manufacturer\/antimicrobial-membrane-switch\/"},"modified":"2024-06-25T13:35:10","modified_gmt":"2024-06-25T13:35:10","slug":"antimicrobial-membrane-switch","status":"publish","type":"product","link":"https:\/\/membraneswitchmfg.com\/fi\/manufacturer\/antimicrobial-membrane-switch\/","title":{"rendered":"Antimikrobinen kalvokytkin"},"content":{"rendered":"<h2><strong><b>Antimikrobiset kalvokytkimet: Taistelu bakteereja vastaan ja k\u00e4ytt\u00e4jien turvallisuuden parantaminen<\/b><\/strong><\/h2>\n<p><strong>Suojautuminen haitallisilta mikro-organismeilta<\/strong><\/p>\n<p>Antimikrobiset kalvokytkimet sis\u00e4lt\u00e4v\u00e4t antimikrobisia aineita, kuten hopeaioneja tai kuparilis\u00e4aineita, jotka est\u00e4v\u00e4t aktiivisesti bakteerien, sienten ja virusten kasvua. T\u00e4m\u00e4 aktiivinen suojaus auttaa est\u00e4m\u00e4\u00e4n ristikontaminaatiota ja infektioiden levi\u00e4mist\u00e4 erityisesti tehohoitoymp\u00e4rist\u00f6iss\u00e4.<\/p>\n<ul>\n<li><strong>V\u00e4hent\u00e4\u00e4 hoitoon liittyvien infektioiden riski\u00e4.<\/strong><\/li>\n<li><strong>Suojaa taudinaiheuttajien levi\u00e4miselt\u00e4 julkisissa tiloissa.<\/strong><\/li>\n<li><strong>yll\u00e4pit\u00e4\u00e4 hygieenist\u00e4 ymp\u00e4rist\u00f6\u00e4 teollisuusymp\u00e4rist\u00f6ss\u00e4<\/strong><\/li>\n<\/ul>\n<p><strong>Turvallisuuden ja k\u00e4ytt\u00e4jien hyvinvoinnin parantaminen<\/strong><\/p>\n<p>Antimikrobisen suojan ansiosta kalvokytkimet edist\u00e4v\u00e4t k\u00e4ytt\u00e4jien turvallisempaa ja terveellisemp\u00e4\u00e4 ymp\u00e4rist\u00f6\u00e4. T\u00e4m\u00e4 on erityisen t\u00e4rke\u00e4\u00e4 alueilla, joilla ollaan usein kosketuksissa pintojen kanssa, kuten sairaaloissa, laboratorioissa ja ruoanvalmistusalueilla.<\/p>\n<ul>\n<li><strong>Edistet\u00e4\u00e4n k\u00e4sihygieniaa ja infektioiden ehk\u00e4isy\u00e4<\/strong><\/li>\n<li><strong>Suojaa haavoittuvia v\u00e4est\u00f6ryhmi\u00e4 tartunnoilta<\/strong><\/li>\n<li><strong>Luo k\u00e4ytt\u00e4jille turvallisuuden ja luottamuksen tunnetta<\/strong><\/li>\n<\/ul>\n<p><strong>Kest\u00e4v\u00e4 ja toimiva muotoilu<\/strong><\/p>\n<p>Antimikrobiset kalvokytkimet ovat tehokkaita bakteereja vastaan, mutta ne s\u00e4ilytt\u00e4v\u00e4t my\u00f6s tavallisilta kalvokytkimilt\u00e4 odotetun kest\u00e4vyyden ja toimivuuden. Ne on suunniteltu kest\u00e4m\u00e4\u00e4n tihe\u00e4\u00e4 k\u00e4ytt\u00f6\u00e4, kovia puhdistusaineita ja vaativia ymp\u00e4rist\u00f6j\u00e4.<\/p>\n<ul>\n<li><strong>Ter\u00e4v\u00e4 ja herkk\u00e4 tuntopalaute<\/strong><\/li>\n<li><strong>Kest\u00e4\u00e4 naarmuja, kemikaaleja ja UV-s\u00e4teit\u00e4.<\/strong><\/li>\n<li><strong>Pitk\u00e4kestoinen suorituskyky vilkkaasti liikenn\u00f6idyill\u00e4 alueilla<\/strong><\/li>\n<\/ul>\n<p><strong>Sovellukset<\/strong><\/p>\n<p>Antimikrobisia kalvokytkimi\u00e4 k\u00e4ytet\u00e4\u00e4n laajalti erilaisissa sovelluksissa, joissa hygienia ja infektioiden hallinta ovat kriittisi\u00e4, kuten:<\/p>\n<ul>\n<li><strong>Terveydenhuolto:<\/strong>Sairaalat, klinikat, laboratoriot<\/li>\n<li><strong>Julkiset tilat:<\/strong>Lentokent\u00e4t, liikenteen solmukohdat, koulut<\/li>\n<li><strong>Teollisuusymp\u00e4rist\u00f6t:<\/strong>Elintarviketeollisuus, valmistus, puhdastilat<\/li>\n<li><strong>Kaupalliset tilat:<\/strong>V\u00e4hitt\u00e4ismyym\u00e4l\u00e4t, ravintolat, hotellit<\/li>\n<\/ul>\n<p><strong>Kumppanuus kokeneen antimikrobisen kalvokytkimen valmistajan kanssa<\/strong><\/p>\n<p>Meill\u00e4 on vuosien asiantuntemus antimikrobisesta teknologiasta ja kalvokytkimien valmistuksesta, joten olemme luotettava l\u00e4hde korkealaatuisille, antimikrobisille kalvokytkimille. Asiantuntijatiimimme tekee tiivist\u00e4 yhteisty\u00f6t\u00e4 kanssasi ymm\u00e4rt\u00e4\u00e4kseen erityistarpeesi ja toimittaakseen r\u00e4\u00e4t\u00e4l\u00f6ityj\u00e4 ratkaisuja, jotka parantavat turvallisuutta ja k\u00e4ytt\u00e4jien hyvinvointia.<\/p>\n<p><strong>Ota yhteytt\u00e4 t\u00e4n\u00e4\u00e4n<\/strong>\u00a0saadaksesi lis\u00e4tietoja antimikrobisista kalvokytkinratkaisuistamme ja siit\u00e4, miten voimme auttaa sinua luomaan puhtaamman, turvallisemman ja terveellisemm\u00e4n ymp\u00e4rist\u00f6n k\u00e4ytt\u00e4jillesi.<\/p>","protected":false},"excerpt":{"rendered":"<p>Terveydenhuollossa, julkisissa tiloissa ja teollisuusymp\u00e4rist\u00f6iss\u00e4 puhtaan ja hygieenisen ymp\u00e4rist\u00f6n yll\u00e4pit\u00e4minen on ensiarvoisen t\u00e4rke\u00e4\u00e4. Antimikrobiset kalvokytkimet ovat ratkaisevassa asemassa t\u00e4ss\u00e4 pyrkimyksess\u00e4, sill\u00e4 niiden suunnittelussa on k\u00e4ytetty antimikrobisia ominaisuuksia, jotka torjuvat tehokkaasti haitallisten mikro-organismien kasvua.<\/p>","protected":false},"featured_media":1766,"template":"","meta":[],"product_brand":[],"product_cat":[40],"product_tag":[],"class_list":{"0":"post-1790","1":"product","2":"type-product","3":"status-publish","4":"has-post-thumbnail","6":"product_cat-membrane-switch","8":"first","9":"instock","10":"shipping-taxable","11":"product-type-simple"},"_links":{"self":[{"href":"https:\/\/membraneswitchmfg.com\/fi\/wp-json\/wp\/v2\/product\/1790","targetHints":{"allow":["GET"]}}],"collection":[{"href":"https:\/\/membraneswitchmfg.com\/fi\/wp-json\/wp\/v2\/product"}],"about":[{"href":"https:\/\/membraneswitchmfg.com\/fi\/wp-json\/wp\/v2\/types\/product"}],"wp:featuredmedia":[{"embeddable":true,"href":"https:\/\/membraneswitchmfg.com\/fi\/wp-json\/wp\/v2\/media\/1766"}],"wp:attachment":[{"href":"https:\/\/membraneswitchmfg.com\/fi\/wp-json\/wp\/v2\/media?parent=1790"}],"wp:term":[{"taxonomy":"product_brand","embeddable":true,"href":"https:\/\/membraneswitchmfg.com\/fi\/wp-json\/wp\/v2\/product_brand?post=1790"},{"taxonomy":"product_cat","embeddable":true,"href":"https:\/\/membraneswitchmfg.com\/fi\/wp-json\/wp\/v2\/product_cat?post=1790"},{"taxonomy":"product_tag","embeddable":true,"href":"https:\/\/membraneswitchmfg.com\/fi\/wp-json\/wp\/v2\/product_tag?post=1790"}],"curies":[{"name":"wp","href":"https:\/\/api.w.org\/{rel}","templated":true}]}}