{"id":1791,"date":"2024-06-24T05:57:58","date_gmt":"2024-06-24T05:57:58","guid":{"rendered":"https:\/\/membraneswitchmfg.com\/manufacturer\/anti-glare-membrane-switch\/"},"modified":"2024-06-25T13:10:23","modified_gmt":"2024-06-25T13:10:23","slug":"anti-glare-membrane-switch","status":"publish","type":"product","link":"https:\/\/membraneswitchmfg.com\/fi\/manufacturer\/anti-glare-membrane-switch\/","title":{"rendered":"H\u00e4ik\u00e4isynesto kalvokytkin"},"content":{"rendered":"<h2><strong><b>H\u00e4ik\u00e4isysuojatut kalvokytkimet: N\u00e4kyvyyden ja k\u00e4ytt\u00e4j\u00e4kokemuksen parantaminen kirkkaissa ymp\u00e4rist\u00f6iss\u00e4<\/b><\/strong><\/h2>\n<p><strong>H\u00e4ik\u00e4isyn ja heijastusten torjunta<\/strong><\/p>\n<p>H\u00e4ik\u00e4isem\u00e4tt\u00f6miss\u00e4 kalvokytkimiss\u00e4 on ainutlaatuinen pintarakenne tai pinnoite, joka hajottaa valoa, v\u00e4hent\u00e4\u00e4 heijastusten voimakkuutta ja minimoi h\u00e4ik\u00e4isyn. T\u00e4m\u00e4n ansiosta k\u00e4ytt\u00e4j\u00e4t voivat lukea merkinn\u00e4t ja kuvakkeet helposti my\u00f6s kirkkaasti valaistuissa olosuhteissa.<\/p>\n<ul>\n<li><strong>Parempi n\u00e4kyvyys suorassa auringonvalossa tai kirkkaassa valaistuksessa.<\/strong><\/li>\n<li><strong>V\u00e4hent\u00e4\u00e4 silmien rasitusta ja v\u00e4symyst\u00e4<\/strong><\/li>\n<li><strong>Parempi k\u00e4ytt\u00f6mukavuus ja tuottavuus<\/strong><\/li>\n<\/ul>\n<p><strong>Soveltuu erilaisiin ymp\u00e4rist\u00f6ihin<\/strong><\/p>\n<p>H\u00e4ik\u00e4isysuojatut kalvokytkimet soveltuvat erityisen hyvin sovelluksiin, joissa h\u00e4ik\u00e4isy on yleinen ongelma, kuten:<\/p>\n<ul>\n<li><strong>Teollisuuden ohjauspaneelit<\/strong><\/li>\n<li><strong>L\u00e4\u00e4kinn\u00e4lliset laitteet<\/strong><\/li>\n<li><strong>Ulkona olevat kioskit ja opasteet<\/strong><\/li>\n<li><strong>V\u00e4hitt\u00e4iskauppa ja kaupalliset tilat<\/strong><\/li>\n<li><strong>Kuljetuskonsolit<\/strong><\/li>\n<\/ul>\n<p><strong>Kest\u00e4v\u00e4 ja toimiva muotoilu<\/strong><\/p>\n<p>H\u00e4ik\u00e4isysuojaominaisuuksistaan huolimatta h\u00e4ik\u00e4isysuojatut kalvokytkimet s\u00e4ilytt\u00e4v\u00e4t tavallisilta kalvokytkimilt\u00e4 odotetun kest\u00e4vyyden ja toiminnallisuuden. Ne kest\u00e4v\u00e4t naarmuja, kemikaaleja ja UV-s\u00e4teit\u00e4, mik\u00e4 takaa pitk\u00e4aikaisen suorituskyvyn.<\/p>\n<ul>\n<li><strong>Ter\u00e4v\u00e4 ja herkk\u00e4 tuntopalaute<\/strong><\/li>\n<li><strong>Kest\u00e4\u00e4 naarmuja, kemikaaleja ja UV-s\u00e4teit\u00e4.<\/strong><\/li>\n<li><strong>Pitk\u00e4kestoinen suorituskyky vaativissa ymp\u00e4rist\u00f6iss\u00e4<\/strong><\/li>\n<\/ul>\n<p><strong>Sovellukset<\/strong><\/p>\n<p>H\u00e4ik\u00e4isem\u00e4tt\u00f6mi\u00e4 kalvokytkimi\u00e4 k\u00e4ytet\u00e4\u00e4n laajalti erilaisissa sovelluksissa, joissa selke\u00e4 n\u00e4kyvyys ja k\u00e4ytt\u00e4j\u00e4kokemus ovat ratkaisevia, kuten:<\/p>\n<ul>\n<li><strong>Teollisuuden ohjauspaneelit:<\/strong>Tehtaat, varastot, voimalaitokset<\/li>\n<li><strong>L\u00e4\u00e4kinn\u00e4lliset laitteet:<\/strong>Potilasvalvontalaitteet, kirurgiset konsolit, diagnostiset laitteet<\/li>\n<li><strong>Ulkona olevat kioskit ja opasteet:<\/strong>Pankkiautomaatit, infokioskit, digitaaliset opasteet.<\/li>\n<li><strong>V\u00e4hitt\u00e4iskauppa ja kaupalliset tilat:<\/strong>POS-p\u00e4\u00e4tteet, kassakoneet, myyntiautomaatit.<\/li>\n<li><strong>Kuljetuskonsolit:<\/strong>Lentokoneiden ohjaamot, junien ohjauspaneelit, linja-autojen kojelaudat<\/li>\n<\/ul>\n<p><strong>Yhteisty\u00f6kumppanina kokenut h\u00e4ik\u00e4isynestokalvokytkinvalmistaja<\/strong><\/p>\n<p>Meill\u00e4 on vuosien asiantuntemus h\u00e4ik\u00e4isynestoteknologiasta ja kalvokytkimien valmistuksesta, joten olemme luotettava l\u00e4hde laadukkaille h\u00e4ik\u00e4isynestokalvokytkimille. Asiantuntijatiimimme tekee tiivist\u00e4 yhteisty\u00f6t\u00e4 kanssasi ymm\u00e4rt\u00e4\u00e4kseen erityistarpeesi ja toimittaakseen r\u00e4\u00e4t\u00e4l\u00f6ityj\u00e4 ratkaisuja, jotka parantavat n\u00e4kyvyytt\u00e4 ja k\u00e4ytt\u00e4j\u00e4kokemusta.<\/p>\n<p><strong>Ota yhteytt\u00e4 t\u00e4n\u00e4\u00e4n<\/strong>\u00a0saadaksesi lis\u00e4tietoja h\u00e4ik\u00e4isem\u00e4tt\u00f6mist\u00e4 kalvokytkinratkaisuistamme ja siit\u00e4, miten voimme auttaa sinua luomaan selke\u00e4t, k\u00e4ytt\u00e4j\u00e4yst\u00e4v\u00e4lliset k\u00e4ytt\u00f6liittym\u00e4t tuotteisiisi.<\/p>","protected":false},"excerpt":{"rendered":"<p>Kirkkaassa valaistuksessa tai suorassa auringonvalossa tavanomaiset kalvokytkimet voivat h\u00e4ik\u00e4ist\u00e4 ja heikent\u00e4\u00e4 n\u00e4kyvyytt\u00e4, jolloin k\u00e4ytt\u00e4jien on vaikea k\u00e4ytt\u00e4\u00e4 niit\u00e4 tehokkaasti. H\u00e4ik\u00e4isem\u00e4tt\u00f6m\u00e4t kalvokytkimet ratkaisevat t\u00e4m\u00e4n haasteen k\u00e4ytt\u00e4m\u00e4ll\u00e4 erikoismateriaaleja ja pintak\u00e4sittelyj\u00e4, jotka minimoivat h\u00e4ik\u00e4isyn ja heijastukset ja takaavat selke\u00e4n n\u00e4kyvyyden ja optimaalisen k\u00e4ytt\u00f6kokemuksen.<\/p>","protected":false},"featured_media":1767,"template":"","meta":[],"product_brand":[],"product_cat":[40],"product_tag":[],"class_list":{"0":"post-1791","1":"product","2":"type-product","3":"status-publish","4":"has-post-thumbnail","6":"product_cat-membrane-switch","8":"first","9":"instock","10":"shipping-taxable","11":"product-type-simple"},"_links":{"self":[{"href":"https:\/\/membraneswitchmfg.com\/fi\/wp-json\/wp\/v2\/product\/1791","targetHints":{"allow":["GET"]}}],"collection":[{"href":"https:\/\/membraneswitchmfg.com\/fi\/wp-json\/wp\/v2\/product"}],"about":[{"href":"https:\/\/membraneswitchmfg.com\/fi\/wp-json\/wp\/v2\/types\/product"}],"wp:featuredmedia":[{"embeddable":true,"href":"https:\/\/membraneswitchmfg.com\/fi\/wp-json\/wp\/v2\/media\/1767"}],"wp:attachment":[{"href":"https:\/\/membraneswitchmfg.com\/fi\/wp-json\/wp\/v2\/media?parent=1791"}],"wp:term":[{"taxonomy":"product_brand","embeddable":true,"href":"https:\/\/membraneswitchmfg.com\/fi\/wp-json\/wp\/v2\/product_brand?post=1791"},{"taxonomy":"product_cat","embeddable":true,"href":"https:\/\/membraneswitchmfg.com\/fi\/wp-json\/wp\/v2\/product_cat?post=1791"},{"taxonomy":"product_tag","embeddable":true,"href":"https:\/\/membraneswitchmfg.com\/fi\/wp-json\/wp\/v2\/product_tag?post=1791"}],"curies":[{"name":"wp","href":"https:\/\/api.w.org\/{rel}","templated":true}]}}