{"id":1792,"date":"2024-06-24T05:57:58","date_gmt":"2024-06-24T05:57:58","guid":{"rendered":"https:\/\/membraneswitchmfg.com\/manufacturer\/anti-ultraviolet-membrane-switch\/"},"modified":"2024-06-25T13:20:26","modified_gmt":"2024-06-25T13:20:26","slug":"anti-ultraviolet-membrane-switch","status":"publish","type":"product","link":"https:\/\/membraneswitchmfg.com\/fi\/manufacturer\/anti-ultraviolet-membrane-switch\/","title":{"rendered":"Anti-Ultravioletti kalvokytkin"},"content":{"rendered":"<h2><strong><b>Ultraviolettis\u00e4teily\u00e4 est\u00e4v\u00e4t kalvokytkimet: Kest\u00e4v\u00e4 suorituskyky ankarissa olosuhteissa<\/b><\/strong><\/h2>\n<p><strong>Suojautuminen UV-s\u00e4teilylt\u00e4<\/strong><\/p>\n<p>Ultraviolettis\u00e4teily\u00e4 est\u00e4viss\u00e4 kalvokytkimiss\u00e4 on UV-s\u00e4teily\u00e4 kest\u00e4vi\u00e4 materiaaleja ja pinnoitteita, jotka absorboivat ja est\u00e4v\u00e4t tehokkaasti UV-s\u00e4teit\u00e4 ja est\u00e4v\u00e4t niit\u00e4 vahingoittamasta kytkimen komponentteja ja grafiikkaa. T\u00e4m\u00e4 suojaus varmistaa, ett\u00e4 kytkimet s\u00e4ilytt\u00e4v\u00e4t toimintakykyns\u00e4, ulkon\u00e4k\u00f6ns\u00e4 ja k\u00e4ytt\u00f6ik\u00e4ns\u00e4.<\/p>\n<ul>\n<li><strong>Est\u00e4\u00e4 legendojen ja grafiikan haalistumisen ja v\u00e4rimuutosten syntymisen.<\/strong><\/li>\n<li><strong>S\u00e4ilyt\u00e4 kytkimen toiminnallisuus ja tuntoaisti<\/strong><\/li>\n<li><strong>Pident\u00e4\u00e4 kalvokytkimien k\u00e4ytt\u00f6ik\u00e4\u00e4 ulkok\u00e4ytt\u00f6\u00f6n tarkoitetuissa sovelluksissa<\/strong><\/li>\n<\/ul>\n<p><strong>Kest\u00e4v\u00e4 ja sopii ulkok\u00e4ytt\u00f6\u00f6n<\/strong><\/p>\n<p>Ultraviolettis\u00e4teily\u00e4 est\u00e4v\u00e4t kalvokytkimet eiv\u00e4t ole ainoastaan UV-suojattuja, vaan ne on my\u00f6s suunniteltu kest\u00e4m\u00e4\u00e4n ankaria s\u00e4\u00e4olosuhteita, kuten \u00e4\u00e4rimm\u00e4isi\u00e4 l\u00e4mp\u00f6tiloja, kosteutta ja p\u00f6ly\u00e4. Ne soveltuvat ulkok\u00e4ytt\u00f6\u00f6n, jossa kest\u00e4vyys ja luotettavuus ovat ensiarvoisen t\u00e4rkeit\u00e4.<\/p>\n<ul>\n<li><strong>Kest\u00e4\u00e4 naarmuja, kemikaaleja ja UV-s\u00e4teit\u00e4.<\/strong><\/li>\n<li><strong>K\u00e4ytt\u00f6l\u00e4mp\u00f6tila-alueet -40\u00b0C - 85\u00b0C<\/strong><\/li>\n<li><strong>Soveltuu ulkokioskeihin, teollisuuden ohjauspaneeleihin ja opasteisiin.<\/strong><\/li>\n<\/ul>\n<p><strong>Sovellukset<\/strong><\/p>\n<p>Ultraviolettis\u00e4teily\u00e4 est\u00e4vi\u00e4 kalvokytkimi\u00e4 k\u00e4ytet\u00e4\u00e4n laajalti erilaisissa ulkok\u00e4ytt\u00f6\u00f6n tarkoitetuissa sovelluksissa, kuten:<\/p>\n<ul>\n<li><strong>Ulkona olevat kioskit:<\/strong>Pankkiautomaatit, infokioskit, digitaaliset opasteet.<\/li>\n<li><strong>Teollisuuden ohjauspaneelit:<\/strong>Liikennemerkit, kasteluj\u00e4rjestelm\u00e4t, aurinkopaneelit<\/li>\n<li><strong>Liikennemerkit:<\/strong>Tieliikennemerkit, rautatiesignaalit, lentoaseman opasteet<\/li>\n<li><strong>Merisovellukset:<\/strong>Veneen hallintalaitteet, navigointipaneelit, viestint\u00e4j\u00e4rjestelm\u00e4t<\/li>\n<li><strong>Maatalouslaitteet:<\/strong>Traktorit, sadonkorjuukoneet, kasteluj\u00e4rjestelm\u00e4t<\/li>\n<\/ul>\n<p><strong>Kumppanuus kokeneen UV-s\u00e4teily\u00e4 est\u00e4v\u00e4n kalvokytkimen valmistajan kanssa<\/strong><\/p>\n<p>Meill\u00e4 on vuosien asiantuntemus UV-kest\u00e4vist\u00e4 materiaaleista ja kalvokytkimien valmistuksesta, joten olemme luotettava l\u00e4hde laadukkaille, ultraviolettis\u00e4teily\u00e4 kest\u00e4ville kalvokytkimille. Asiantuntijatiimimme tekee tiivist\u00e4 yhteisty\u00f6t\u00e4 kanssasi ymm\u00e4rt\u00e4\u00e4kseen erityistarpeesi ja toimittaakseen r\u00e4\u00e4t\u00e4l\u00f6ityj\u00e4 ratkaisuja, jotka takaavat pitk\u00e4aikaisen suorituskyvyn ankarissa ulkoymp\u00e4rist\u00f6iss\u00e4.<\/p>\n<p><strong>Ota yhteytt\u00e4 t\u00e4n\u00e4\u00e4n<\/strong>\u00a0saadaksesi lis\u00e4tietoja ultraviolettis\u00e4teily\u00e4 est\u00e4vist\u00e4 kalvokytkinratkaisuistamme ja siit\u00e4, miten voimme auttaa sinua luomaan kest\u00e4vi\u00e4, luotettavia ja visuaalisesti houkuttelevia k\u00e4ytt\u00f6liittymi\u00e4 ulkosovelluksiisi.<\/p>","protected":false},"excerpt":{"rendered":"<p>Ulkoymp\u00e4rist\u00f6iss\u00e4 ja suoralle auringonvalolle altistuvissa sovelluksissa kalvokytkimet voivat hajota ja v\u00e4rj\u00e4yty\u00e4 ultraviolettis\u00e4teilyn (UV) vaikutuksesta. Ultraviolettis\u00e4teily\u00e4 est\u00e4v\u00e4t kalvokytkimet on suunniteltu kest\u00e4m\u00e4\u00e4n kovaa UV-altistusta, mik\u00e4 takaa pitk\u00e4aikaisen suorituskyvyn ja s\u00e4ilytt\u00e4\u00e4 niiden visuaalisen eheyden my\u00f6s \u00e4\u00e4rimm\u00e4isiss\u00e4 olosuhteissa.<\/p>","protected":false},"featured_media":1768,"template":"","meta":[],"product_brand":[],"product_cat":[40],"product_tag":[],"class_list":{"0":"post-1792","1":"product","2":"type-product","3":"status-publish","4":"has-post-thumbnail","6":"product_cat-membrane-switch","8":"first","9":"instock","10":"shipping-taxable","11":"product-type-simple"},"_links":{"self":[{"href":"https:\/\/membraneswitchmfg.com\/fi\/wp-json\/wp\/v2\/product\/1792","targetHints":{"allow":["GET"]}}],"collection":[{"href":"https:\/\/membraneswitchmfg.com\/fi\/wp-json\/wp\/v2\/product"}],"about":[{"href":"https:\/\/membraneswitchmfg.com\/fi\/wp-json\/wp\/v2\/types\/product"}],"wp:featuredmedia":[{"embeddable":true,"href":"https:\/\/membraneswitchmfg.com\/fi\/wp-json\/wp\/v2\/media\/1768"}],"wp:attachment":[{"href":"https:\/\/membraneswitchmfg.com\/fi\/wp-json\/wp\/v2\/media?parent=1792"}],"wp:term":[{"taxonomy":"product_brand","embeddable":true,"href":"https:\/\/membraneswitchmfg.com\/fi\/wp-json\/wp\/v2\/product_brand?post=1792"},{"taxonomy":"product_cat","embeddable":true,"href":"https:\/\/membraneswitchmfg.com\/fi\/wp-json\/wp\/v2\/product_cat?post=1792"},{"taxonomy":"product_tag","embeddable":true,"href":"https:\/\/membraneswitchmfg.com\/fi\/wp-json\/wp\/v2\/product_tag?post=1792"}],"curies":[{"name":"wp","href":"https:\/\/api.w.org\/{rel}","templated":true}]}}