{"id":1793,"date":"2024-06-24T05:57:58","date_gmt":"2024-06-24T05:57:58","guid":{"rendered":"https:\/\/membraneswitchmfg.com\/manufacturer\/ip68-waterproof-membrane-switch\/"},"modified":"2024-06-25T12:29:03","modified_gmt":"2024-06-25T12:29:03","slug":"ip68-waterproof-membrane-switch","status":"publish","type":"product","link":"https:\/\/membraneswitchmfg.com\/fi\/manufacturer\/ip68-waterproof-membrane-switch\/","title":{"rendered":"IP68 vedenpit\u00e4v\u00e4 kalvokytkin"},"content":{"rendered":"<h2><strong><b>IP68 vedenpit\u00e4v\u00e4t kalvokytkimet: Luotettavan toiminnan varmistaminen haastavissa ymp\u00e4rist\u00f6iss\u00e4<\/b><\/strong><\/h2>\n<p><strong>Verraton vedenpit\u00e4v\u00e4 suojaus<\/strong><\/p>\n<p>IP68-luokan vedenpit\u00e4v\u00e4t kalvokytkimet on huolellisesti tiivistetty ja rakennettu est\u00e4m\u00e4\u00e4n veden, p\u00f6lyn tai muiden ep\u00e4puhtauksien p\u00e4\u00e4sy. T\u00e4m\u00e4 poikkeuksellinen suojaustaso tekee niist\u00e4 ihanteellisia k\u00e4ytett\u00e4v\u00e4ksi vaativissa ymp\u00e4rist\u00f6iss\u00e4, kuten:<\/p>\n<ul>\n<li><strong>Ulkosovellukset:<\/strong>Kioskit, opasteet, teollisuuden ohjauspaneelit<\/li>\n<li><strong>Meriymp\u00e4rist\u00f6t:<\/strong>Veneen hallintalaitteet, navigointij\u00e4rjestelm\u00e4t, viestint\u00e4laitteet<\/li>\n<li><strong>Elintarviketeollisuus ja juomateollisuus:<\/strong>Pesualueet, koneiden ohjauslaitteet, pakkauslaitteet<\/li>\n<li><strong>L\u00e4\u00e4ketieteelliset ja laboratorioymp\u00e4rist\u00f6t:<\/strong>Steriilit ymp\u00e4rist\u00f6t, kirurgiset laitteet, diagnostiset laitteet.<\/li>\n<\/ul>\n<p><strong>Kest\u00e4vyys ja luotettavuus<\/strong><\/p>\n<p>IP68-luokan vedenpit\u00e4vien kalvokytkimien vedenpit\u00e4vyyden lis\u00e4ksi ne on suunniteltu poikkeuksellisen kest\u00e4viksi, sill\u00e4 ne kest\u00e4v\u00e4t kovia k\u00e4ytt\u00f6olosuhteita, usein toistuvaa k\u00e4ytt\u00f6\u00e4 ja aggressiivisia puhdistusaineita. T\u00e4m\u00e4 takaa pitk\u00e4aikaisen suorituskyvyn ja alhaiset kokonaiskustannukset.<\/p>\n<ul>\n<li><strong>Kest\u00e4\u00e4 naarmuja, kemikaaleja ja UV-s\u00e4teit\u00e4.<\/strong><\/li>\n<li><strong>Laaja k\u00e4ytt\u00f6l\u00e4mp\u00f6tila-alue<\/strong><\/li>\n<li><strong>Pitk\u00e4 k\u00e4ytt\u00f6ik\u00e4 my\u00f6s vaativissa ymp\u00e4rist\u00f6iss\u00e4<\/strong><\/li>\n<\/ul>\n<p><strong>Mukautettavat ratkaisut<\/strong><\/p>\n<p>Tarjoamme laajan valikoiman r\u00e4\u00e4t\u00e4l\u00f6intivaihtoehtoja IP68-luokan vedenpit\u00e4ville kalvokytkimille, mukaan lukien:<\/p>\n<ul>\n<li><strong>Erilaisia kytkinkokoja ja -tyylej\u00e4<\/strong><\/li>\n<li><strong>Mukautetut grafiikat ja legendat<\/strong><\/li>\n<li><strong>Taustavalo ja valaistusvaihtoehdot<\/strong><\/li>\n<li><strong>Lis\u00e4komponenttien integrointi<\/strong><\/li>\n<\/ul>\n<p><strong>Kumppanina kokenut IP68-vedenpit\u00e4v\u00e4 kalvokytkinvalmistaja<\/strong><\/p>\n<p>Meill\u00e4 on vuosien asiantuntemus vedenpit\u00e4v\u00e4st\u00e4 kalvokytkin-teknologiasta ja sitoutuminen laatuun, joten olemme luotettava l\u00e4hde r\u00e4\u00e4t\u00e4l\u00f6idyille IP68-luokan vedenpit\u00e4ville kalvokytkimille. Asiantuntijatiimimme tekee tiivist\u00e4 yhteisty\u00f6t\u00e4 kanssasi ymm\u00e4rt\u00e4\u00e4kseen erityistarpeesi ja toimittaakseen ratkaisuja, jotka takaavat luotettavan toiminnan ja pitk\u00e4aikaisen suorituskyvyn haastavimmissakin ymp\u00e4rist\u00f6iss\u00e4.<\/p>\n<p><strong>Ota yhteytt\u00e4 t\u00e4n\u00e4\u00e4n<\/strong>\u00a0saadaksesi lis\u00e4tietoja IP68-luokan vedenpit\u00e4vist\u00e4 kalvokytkinratkaisuistamme ja siit\u00e4, miten voimme auttaa sinua suojaamaan kriittisi\u00e4 laitteitasi ja varmistamaan saumattoman toiminnan miss\u00e4 tahansa ymp\u00e4rist\u00f6ss\u00e4.<\/p>","protected":false},"excerpt":{"rendered":"<p>Sovelluksissa, joissa altistuminen vedelle, p\u00f6lylle ja muille ankarille olosuhteille on ongelma, IP68-luokan vedenpit\u00e4v\u00e4t kalvokytkimet tarjoavat parhaan mahdollisen suojan. N\u00e4m\u00e4 vankat kytkimet on suunniteltu t\u00e4ytt\u00e4m\u00e4\u00e4n IP68-suojausstandardin tiukat vaatimukset, mik\u00e4 takaa luotettavan toiminnan my\u00f6s silloin, kun ne upotetaan veteen tai ne altistuvat \u00e4\u00e4rimm\u00e4iselle p\u00f6lyn ja lian tunkeutumiselle.<\/p>","protected":false},"featured_media":1769,"template":"","meta":[],"product_brand":[],"product_cat":[40],"product_tag":[],"class_list":{"0":"post-1793","1":"product","2":"type-product","3":"status-publish","4":"has-post-thumbnail","6":"product_cat-membrane-switch","8":"first","9":"instock","10":"shipping-taxable","11":"product-type-simple"},"_links":{"self":[{"href":"https:\/\/membraneswitchmfg.com\/fi\/wp-json\/wp\/v2\/product\/1793","targetHints":{"allow":["GET"]}}],"collection":[{"href":"https:\/\/membraneswitchmfg.com\/fi\/wp-json\/wp\/v2\/product"}],"about":[{"href":"https:\/\/membraneswitchmfg.com\/fi\/wp-json\/wp\/v2\/types\/product"}],"wp:featuredmedia":[{"embeddable":true,"href":"https:\/\/membraneswitchmfg.com\/fi\/wp-json\/wp\/v2\/media\/1769"}],"wp:attachment":[{"href":"https:\/\/membraneswitchmfg.com\/fi\/wp-json\/wp\/v2\/media?parent=1793"}],"wp:term":[{"taxonomy":"product_brand","embeddable":true,"href":"https:\/\/membraneswitchmfg.com\/fi\/wp-json\/wp\/v2\/product_brand?post=1793"},{"taxonomy":"product_cat","embeddable":true,"href":"https:\/\/membraneswitchmfg.com\/fi\/wp-json\/wp\/v2\/product_cat?post=1793"},{"taxonomy":"product_tag","embeddable":true,"href":"https:\/\/membraneswitchmfg.com\/fi\/wp-json\/wp\/v2\/product_tag?post=1793"}],"curies":[{"name":"wp","href":"https:\/\/api.w.org\/{rel}","templated":true}]}}