{"id":1794,"date":"2024-06-24T05:57:58","date_gmt":"2024-06-24T05:57:58","guid":{"rendered":"https:\/\/membraneswitchmfg.com\/manufacturer\/ip65-waterproof-membrane-switch\/"},"modified":"2024-06-25T13:14:18","modified_gmt":"2024-06-25T13:14:18","slug":"ip65-waterproof-membrane-switch","status":"publish","type":"product","link":"https:\/\/membraneswitchmfg.com\/fi\/manufacturer\/ip65-waterproof-membrane-switch\/","title":{"rendered":"IP65 vedenpit\u00e4v\u00e4 kalvokytkin"},"content":{"rendered":"<h2><strong><b>IP65 vedenpit\u00e4v\u00e4t kalvokytkimet: Edullinen suojaus jokap\u00e4iv\u00e4isiin sovelluksiin<\/b><\/strong><\/h2>\n<p><strong>Tehokas suoja edulliseen hintaan<\/strong><\/p>\n<p>IP65-luokan vedenpit\u00e4v\u00e4t kalvokytkimet tarjoavat tasapainon suojan ja edullisuuden v\u00e4lill\u00e4, joten ne ovat ihanteellinen valinta sovelluksiin, joissa satunnainen altistuminen vedelle tai p\u00f6lylle on ongelma. Niiden tehokkuus p\u00e4ivitt\u00e4isi\u00e4 roiskeita ja p\u00f6ly\u00e4 vastaan tekee niist\u00e4 sopivia seuraaviin kohteisiin:<\/p>\n<ul>\n<li><strong>Teollisuuden ohjauspaneelit<\/strong><\/li>\n<li><strong>L\u00e4\u00e4kinn\u00e4lliset laitteet<\/strong><\/li>\n<li><strong>Viihde-elektroniikka<\/strong><\/li>\n<li><strong>Laitteet<\/strong><\/li>\n<li><strong>Koneet ja laitteet<\/strong><\/li>\n<\/ul>\n<p><strong>Kest\u00e4v\u00e4 ja luotettava<\/strong><\/p>\n<p>Kustannustehokkuudestaan huolimatta IP65-luokan vedenpit\u00e4v\u00e4t kalvokytkimet s\u00e4ilytt\u00e4v\u00e4t tavallisilta kalvokytkimilt\u00e4 odotetun kest\u00e4vyyden ja luotettavuuden. Ne kest\u00e4v\u00e4t naarmuja, kemikaaleja ja UV-s\u00e4teit\u00e4, mik\u00e4 takaa pitk\u00e4aikaisen suorituskyvyn.<\/p>\n<ul>\n<li><strong>Ter\u00e4v\u00e4 ja herkk\u00e4 tuntopalaute<\/strong><\/li>\n<li><strong>Kest\u00e4\u00e4 naarmuja, kemikaaleja ja UV-s\u00e4teit\u00e4.<\/strong><\/li>\n<li><strong>Soveltuu sis\u00e4- ja ulkok\u00e4ytt\u00f6\u00f6n<\/strong><\/li>\n<\/ul>\n<p><strong>Mukautettavat vaihtoehdot<\/strong><\/p>\n<p>Tarjoamme erilaisia r\u00e4\u00e4t\u00e4l\u00f6intivaihtoehtoja IP65-vedenpit\u00e4ville kalvokytkimille, mukaan lukien:<\/p>\n<ul>\n<li><strong>Erilaisia kytkinkokoja ja -tyylej\u00e4<\/strong><\/li>\n<li><strong>Mukautetut grafiikat ja legendat<\/strong><\/li>\n<li><strong>Taustavalo ja valaistusvaihtoehdot<\/strong><\/li>\n<li><strong>Lis\u00e4komponenttien integrointi<\/strong><\/li>\n<\/ul>\n<p><strong>Kumppanina kokenut IP65-vedenpit\u00e4v\u00e4 kalvokytkinvalmistaja<\/strong><\/p>\n<p>Meill\u00e4 on vuosien asiantuntemus vedenpit\u00e4v\u00e4st\u00e4 kalvokytkinten teknologiasta sek\u00e4 sitoutuminen laatuun ja edullisuuteen, joten olemme luotettava l\u00e4hde r\u00e4\u00e4t\u00e4l\u00f6idyille IP65-luokan vedenpit\u00e4ville kalvokytkimille. Asiantuntijatiimimme tekee tiivist\u00e4 yhteisty\u00f6t\u00e4 kanssasi ymm\u00e4rt\u00e4\u00e4kseen erityistarpeesi ja toimittaakseen ratkaisuja, jotka tarjoavat tehokkaan suojan ja pitk\u00e4aikaisen suorituskyvyn kilpailukykyiseen hintaan.<\/p>\n<p><strong>Ota yhteytt\u00e4 t\u00e4n\u00e4\u00e4n<\/strong>\u00a0saadaksesi lis\u00e4tietoja IP65-luokan vedenpit\u00e4vist\u00e4 kalvokytkinratkaisuistamme ja siit\u00e4, miten voimme auttaa sinua suojaamaan elektroniikkaasi ja varmistamaan saumattoman toiminnan jokap\u00e4iv\u00e4isiss\u00e4 ymp\u00e4rist\u00f6iss\u00e4.<\/p>","protected":false},"excerpt":{"rendered":"<p>IP65-luokan vedenpit\u00e4v\u00e4t kalvokytkimet tarjoavat kustannustehokkaan ratkaisun herk\u00e4n elektroniikan suojaamiseen veden ja p\u00f6lyn tunkeutumiselta. N\u00e4m\u00e4 monipuoliset kytkimet t\u00e4ytt\u00e4v\u00e4t IP65-suojausstandardin, joka suojaa matalapaineisilta vesisuihkuilta ja p\u00f6lyn tunkeutumiselta, joten ne soveltuvat monenlaisiin sovelluksiin.<\/p>","protected":false},"featured_media":1770,"template":"","meta":[],"product_brand":[],"product_cat":[40],"product_tag":[],"class_list":{"0":"post-1794","1":"product","2":"type-product","3":"status-publish","4":"has-post-thumbnail","6":"product_cat-membrane-switch","8":"first","9":"instock","10":"shipping-taxable","11":"product-type-simple"},"_links":{"self":[{"href":"https:\/\/membraneswitchmfg.com\/fi\/wp-json\/wp\/v2\/product\/1794","targetHints":{"allow":["GET"]}}],"collection":[{"href":"https:\/\/membraneswitchmfg.com\/fi\/wp-json\/wp\/v2\/product"}],"about":[{"href":"https:\/\/membraneswitchmfg.com\/fi\/wp-json\/wp\/v2\/types\/product"}],"wp:featuredmedia":[{"embeddable":true,"href":"https:\/\/membraneswitchmfg.com\/fi\/wp-json\/wp\/v2\/media\/1770"}],"wp:attachment":[{"href":"https:\/\/membraneswitchmfg.com\/fi\/wp-json\/wp\/v2\/media?parent=1794"}],"wp:term":[{"taxonomy":"product_brand","embeddable":true,"href":"https:\/\/membraneswitchmfg.com\/fi\/wp-json\/wp\/v2\/product_brand?post=1794"},{"taxonomy":"product_cat","embeddable":true,"href":"https:\/\/membraneswitchmfg.com\/fi\/wp-json\/wp\/v2\/product_cat?post=1794"},{"taxonomy":"product_tag","embeddable":true,"href":"https:\/\/membraneswitchmfg.com\/fi\/wp-json\/wp\/v2\/product_tag?post=1794"}],"curies":[{"name":"wp","href":"https:\/\/api.w.org\/{rel}","templated":true}]}}