{"id":1795,"date":"2024-06-24T05:57:58","date_gmt":"2024-06-24T05:57:58","guid":{"rendered":"https:\/\/membraneswitchmfg.com\/manufacturer\/membrane-keypads-and-keyboards\/"},"modified":"2024-06-25T12:34:01","modified_gmt":"2024-06-25T12:34:01","slug":"membrane-keypads-and-keyboards","status":"publish","type":"product","link":"https:\/\/membraneswitchmfg.com\/fi\/manufacturer\/membrane-keypads-and-keyboards\/","title":{"rendered":"Kalvon\u00e4pp\u00e4imist\u00f6t ja -n\u00e4pp\u00e4imist\u00f6t"},"content":{"rendered":"<h2><strong><b>Kalvon\u00e4pp\u00e4imist\u00f6t ja -n\u00e4pp\u00e4imist\u00f6t: Sy\u00f6tt\u00f6ratkaisut: Luotettavat ja kustannustehokkaat sy\u00f6tt\u00f6ratkaisut<\/b><\/strong><\/h2>\n<p><strong>Kest\u00e4v\u00e4 ja kustannustehokas<\/strong><\/p>\n<p>Kalvon\u00e4pp\u00e4imist\u00f6t ja -n\u00e4pp\u00e4imist\u00f6t ovat tunnettuja kest\u00e4vyydest\u00e4\u00e4n ja edullisuudestaan. Yksinkertainen rakenne ja liikkuvien osien puute tekev\u00e4t niist\u00e4 v\u00e4hemm\u00e4n alttiita kulumiselle, mik\u00e4 pident\u00e4\u00e4 niiden k\u00e4ytt\u00f6ik\u00e4\u00e4. Lis\u00e4ksi valmistusprosessi on suhteellisen edullinen, mik\u00e4 alentaa kustannuksia muihin sy\u00f6tt\u00f6laitteisiin verrattuna.<\/p>\n<ul>\n<li><strong>Pitk\u00e4 k\u00e4ytt\u00f6ik\u00e4 minimaalisella huollolla<\/strong><\/li>\n<li><strong>Kustannustehokas ratkaisu suuren volyymin sovelluksiin<\/strong><\/li>\n<li><strong>Soveltuu vaativiin ymp\u00e4rist\u00f6ihin ja tihe\u00e4\u00e4n k\u00e4ytt\u00f6\u00f6n.<\/strong><\/li>\n<\/ul>\n<p><strong>Monipuoliset sovellukset<\/strong><\/p>\n<p>Kalvon\u00e4pp\u00e4imist\u00f6t ja -n\u00e4pp\u00e4imist\u00f6t ovat monipuolisia sy\u00f6tt\u00f6laitteita, jotka soveltuvat monenlaisiin sovelluksiin, kuten:<\/p>\n<ul>\n<li><strong>Teollisuuden ohjauspaneelit<\/strong><\/li>\n<li><strong>L\u00e4\u00e4kinn\u00e4lliset laitteet<\/strong><\/li>\n<li><strong>Viihde-elektroniikka<\/strong><\/li>\n<li><strong>Laitteet<\/strong><\/li>\n<li><strong>Automaatit<\/strong><\/li>\n<li><strong>Pankkiautomaatit (ATM)<\/strong><\/li>\n<\/ul>\n<p><strong>Mukautettavat vaihtoehdot<\/strong><\/p>\n<p>Kalvon\u00e4pp\u00e4imist\u00f6t ja -n\u00e4pp\u00e4imist\u00f6t voidaan r\u00e4\u00e4t\u00e4l\u00f6id\u00e4 vastaamaan erityisvaatimuksia, mukaan lukien:<\/p>\n<ul>\n<li><strong>Erilaisia avainten asetteluja ja kokoja<\/strong><\/li>\n<li><strong>Mukautetut grafiikat ja legendat<\/strong><\/li>\n<li><strong>Taustavalo ja valaistusvaihtoehdot<\/strong><\/li>\n<li><strong>Lis\u00e4komponenttien integrointi<\/strong><\/li>\n<\/ul>\n<p><strong>Kumppanuus kokeneen kalvok\u00e4pp\u00e4imist\u00f6n ja n\u00e4pp\u00e4imist\u00f6n valmistajan kanssa<\/strong><\/p>\n<p>Meill\u00e4 on vuosien asiantuntemus kalvon\u00e4pp\u00e4imist\u00f6- ja n\u00e4pp\u00e4imist\u00f6teknologiasta, joten olemme luotettava l\u00e4hde korkealaatuisille, r\u00e4\u00e4t\u00e4l\u00f6idyille sy\u00f6tt\u00f6ratkaisuille. Asiantuntijatiimimme tekee tiivist\u00e4 yhteisty\u00f6t\u00e4 kanssasi ymm\u00e4rt\u00e4\u00e4kseen erityistarpeesi ja toimittaakseen ratkaisuja, jotka tarjoavat luotettavan suorituskyvyn, kustannustehokkuuden ja monipuolisuuden.<\/p>\n<p><strong><a href=\"https:\/\/membraneswitchmfg.com\/fi\/contact\/\">Ota yhteytt\u00e4 <\/a>t\u00e4n\u00e4\u00e4n<\/strong>\u00a0saadaksesi lis\u00e4tietoja kalvon\u00e4pp\u00e4imist\u00f6- ja n\u00e4pp\u00e4imist\u00f6ratkaisuistamme ja siit\u00e4, miten voimme auttaa sinua luomaan k\u00e4ytt\u00e4j\u00e4yst\u00e4v\u00e4llisi\u00e4 ja kest\u00e4vi\u00e4 sy\u00f6tt\u00f6laitteita sovelluksiisi.<\/p>","protected":false},"excerpt":{"rendered":"<p>Kalvon\u00e4pp\u00e4imist\u00f6t ja -n\u00e4pp\u00e4imist\u00f6t tarjoavat luotettavan ja kustannustehokkaan ratkaisun monenlaisiin sy\u00f6tt\u00f6sovelluksiin. N\u00e4iss\u00e4 sy\u00f6tt\u00f6laitteissa k\u00e4ytet\u00e4\u00e4n ainutlaatuista suunnittelua, jossa k\u00e4ytet\u00e4\u00e4n paineherkki\u00e4 kalvoja ja johtavia j\u00e4lki\u00e4 n\u00e4pp\u00e4inpainallusten rekister\u00f6intiin, mik\u00e4 tarjoaa tuntoaistimellisen vasteen ja pitk\u00e4aikaisen suorituskyvyn.<\/p>","protected":false},"featured_media":1751,"template":"","meta":[],"product_brand":[],"product_cat":[40],"product_tag":[],"class_list":{"0":"post-1795","1":"product","2":"type-product","3":"status-publish","4":"has-post-thumbnail","6":"product_cat-membrane-switch","8":"first","9":"instock","10":"shipping-taxable","11":"product-type-simple"},"_links":{"self":[{"href":"https:\/\/membraneswitchmfg.com\/fi\/wp-json\/wp\/v2\/product\/1795","targetHints":{"allow":["GET"]}}],"collection":[{"href":"https:\/\/membraneswitchmfg.com\/fi\/wp-json\/wp\/v2\/product"}],"about":[{"href":"https:\/\/membraneswitchmfg.com\/fi\/wp-json\/wp\/v2\/types\/product"}],"wp:featuredmedia":[{"embeddable":true,"href":"https:\/\/membraneswitchmfg.com\/fi\/wp-json\/wp\/v2\/media\/1751"}],"wp:attachment":[{"href":"https:\/\/membraneswitchmfg.com\/fi\/wp-json\/wp\/v2\/media?parent=1795"}],"wp:term":[{"taxonomy":"product_brand","embeddable":true,"href":"https:\/\/membraneswitchmfg.com\/fi\/wp-json\/wp\/v2\/product_brand?post=1795"},{"taxonomy":"product_cat","embeddable":true,"href":"https:\/\/membraneswitchmfg.com\/fi\/wp-json\/wp\/v2\/product_cat?post=1795"},{"taxonomy":"product_tag","embeddable":true,"href":"https:\/\/membraneswitchmfg.com\/fi\/wp-json\/wp\/v2\/product_tag?post=1795"}],"curies":[{"name":"wp","href":"https:\/\/api.w.org\/{rel}","templated":true}]}}