{"id":1975,"date":"2024-06-30T14:12:55","date_gmt":"2024-06-30T14:12:55","guid":{"rendered":"https:\/\/membraneswitchmfg.com\/?post_type=product&#038;p=1975"},"modified":"2024-06-30T14:19:38","modified_gmt":"2024-06-30T14:19:38","slug":"pc-print-label","status":"publish","type":"product","link":"https:\/\/membraneswitchmfg.com\/fi\/manufacturer\/pc-print-label\/","title":{"rendered":"PC Tulosta etiketti"},"content":{"rendered":"<p data-sourcepos=\"3:1-3:59\"><strong>PC Tulosta etiketti:<\/strong> Tehokkaiden etikettiratkaisujen k\u00e4ytt\u00f6\u00f6notto<\/p>\n<p data-sourcepos=\"5:1-5:8\">PC Print Label on kattava ohjelmistoratkaisu, joka tehostaa etikettien luomista ja tulostamista monenlaisiin sovelluksiin. Tarvitsetpa sitten tuotteiden etiket\u00f6inti\u00e4, pakettien l\u00e4hett\u00e4mist\u00e4 tai varaston j\u00e4rjest\u00e4mist\u00e4, PC Print Label tarjoaa ty\u00f6kalut ja joustavuuden, joilla voit hallita etiket\u00f6intiteht\u00e4vi\u00e4si helposti.<\/p>\n<p data-sourcepos=\"7:1-7:17\"><strong>T\u00e4rkeimm\u00e4t ominaisuudet:<\/strong><\/p>\n<ul data-sourcepos=\"9:1-9:23\">\n<li data-sourcepos=\"9:1-9:23\">\n<p data-sourcepos=\"9:3-9:144\"><strong>Intuitiivinen suunnittelu:<\/strong> PC Print Label tarjoaa k\u00e4ytt\u00e4j\u00e4yst\u00e4v\u00e4llisen k\u00e4ytt\u00f6liittym\u00e4n, jonka avulla etikettien suunnittelu ja mukauttaminen on helppoa jopa aloitteleville k\u00e4ytt\u00e4jille.<\/p>\n<\/li>\n<li data-sourcepos=\"11:1-11:46\">\n<p data-sourcepos=\"11:3-11:46\"><strong>Monipuoliset tarramallit:<\/strong> Valitse laajasta valikoimasta valmiita etikettimalleja tai luo omia ainutlaatuisia malleja tehokkaan etikettieditorin avulla.<\/p>\n<\/li>\n<li data-sourcepos=\"13:1-14:0\">\n<p data-sourcepos=\"13:3-13:189\"><strong>Dynaaminen tietojen integrointi:<\/strong> Tuo tietoja eri l\u00e4hteist\u00e4, kuten laskentataulukoista tai tietokannoista, ja muokkaa tarroihin tuotetietoja, asiakastietoja tai toimitusosoitteita.<\/p>\n<\/li>\n<li data-sourcepos=\"15:1-16:0\">\n<p data-sourcepos=\"15:3-15:116\"><strong>Viivakoodin luominen:<\/strong> Luo ja tulosta viivakoodeja tehokasta tuotetunnistusta ja varastonhallintaa varten.<\/p>\n<\/li>\n<li data-sourcepos=\"17:1-17:140\">\n<p data-sourcepos=\"17:3-17:140\"><strong>Joustavat tulostusvaihtoehdot:<\/strong> Tulosta tarroja erilaisilla tarratulostimilla, kuten tavallisilla p\u00f6yt\u00e4tulostimilla, erikoistuneilla tarratulostimilla ja teollisuuden tarratulostimilla.<\/p>\n<\/li>\n<\/ul>","protected":false},"excerpt":{"rendered":"<p>Kattavien ominaisuuksiensa ja k\u00e4ytt\u00e4j\u00e4yst\u00e4v\u00e4llisen k\u00e4ytt\u00f6liittym\u00e4ns\u00e4 ansiosta PC Print Label on korvaamaton ty\u00f6kalu yrityksille ja yksityishenkil\u00f6ille, jotka tarvitsevat tehokkaita ja tarkkoja merkint\u00e4ratkaisuja. Paranna merkint\u00e4ty\u00f6n tuottavuutta ja organisointia PC Print Labelin avulla.<\/p>","protected":false},"featured_media":1976,"template":"","meta":[],"product_brand":[],"product_cat":[15],"product_tag":[],"class_list":{"0":"post-1975","1":"product","2":"type-product","3":"status-publish","4":"has-post-thumbnail","6":"product_cat-print-label","8":"first","9":"instock","10":"shipping-taxable","11":"product-type-simple"},"_links":{"self":[{"href":"https:\/\/membraneswitchmfg.com\/fi\/wp-json\/wp\/v2\/product\/1975","targetHints":{"allow":["GET"]}}],"collection":[{"href":"https:\/\/membraneswitchmfg.com\/fi\/wp-json\/wp\/v2\/product"}],"about":[{"href":"https:\/\/membraneswitchmfg.com\/fi\/wp-json\/wp\/v2\/types\/product"}],"wp:featuredmedia":[{"embeddable":true,"href":"https:\/\/membraneswitchmfg.com\/fi\/wp-json\/wp\/v2\/media\/1976"}],"wp:attachment":[{"href":"https:\/\/membraneswitchmfg.com\/fi\/wp-json\/wp\/v2\/media?parent=1975"}],"wp:term":[{"taxonomy":"product_brand","embeddable":true,"href":"https:\/\/membraneswitchmfg.com\/fi\/wp-json\/wp\/v2\/product_brand?post=1975"},{"taxonomy":"product_cat","embeddable":true,"href":"https:\/\/membraneswitchmfg.com\/fi\/wp-json\/wp\/v2\/product_cat?post=1975"},{"taxonomy":"product_tag","embeddable":true,"href":"https:\/\/membraneswitchmfg.com\/fi\/wp-json\/wp\/v2\/product_tag?post=1975"}],"curies":[{"name":"wp","href":"https:\/\/api.w.org\/{rel}","templated":true}]}}