{"id":1977,"date":"2024-06-30T14:21:59","date_gmt":"2024-06-30T14:21:59","guid":{"rendered":"https:\/\/membraneswitchmfg.com\/?post_type=product&#038;p=1977"},"modified":"2024-06-30T14:23:24","modified_gmt":"2024-06-30T14:23:24","slug":"pmma-print-label","status":"publish","type":"product","link":"https:\/\/membraneswitchmfg.com\/fi\/manufacturer\/pmma-print-label\/","title":{"rendered":"PMMA tulosta etiketti"},"content":{"rendered":"<p data-sourcepos=\"3:1-3:62\"><strong>PMMA Tulosta etiketti: Kest\u00e4v\u00e4t ja monipuoliset merkint\u00e4ratkaisut<\/strong><\/p>\n<p data-sourcepos=\"5:1-5:170\">PMMA-tulostetarrat, jotka tunnetaan my\u00f6s nimell\u00e4 akryylitulostetarrat, ovat suosittu valinta monenlaisiin merkint\u00e4sovelluksiin niiden poikkeuksellisen kest\u00e4vyyden, monipuolisuuden ja esteettisyyden ansiosta. N\u00e4m\u00e4 tarrat valmistetaan polymetyylimetakrylaatista (PMMA), joka on eritt\u00e4in iskunkest\u00e4v\u00e4 muovi, joka on tunnettu lujuudestaan, naarmuuntumattomuudestaan sek\u00e4 kemikaalien ja UV-s\u00e4teiden kest\u00e4vyydest\u00e4\u00e4n.<\/p>\n<p data-sourcepos=\"7:1-7:19\"><strong>T\u00e4rkeimm\u00e4t edut:<\/strong><\/p>\n<ul data-sourcepos=\"9:1-9:131\">\n<li data-sourcepos=\"9:1-9:131\">\n<p class=\"\" data-sourcepos=\"9:3-9:226\"><strong class=\"\">Kest\u00e4vyys:<\/strong> PMMA-tarrat kest\u00e4v\u00e4t vaativia olosuhteita, joten ne soveltuvat erinomaisesti ulko- ja teollisuussovelluksiin. Ne kest\u00e4v\u00e4t \u00e4\u00e4rimm\u00e4isi\u00e4 l\u00e4mp\u00f6tiloja, kosteutta ja kemikaaleja, mik\u00e4 takaa pitk\u00e4aikaisen suorituskyvyn.<\/p>\n<\/li>\n<li data-sourcepos=\"11:1-12:0\">\n<p data-sourcepos=\"11:3-11:244\"><strong>Monipuolisuus:<\/strong> PMMA-tarrat voidaan tulostaa monille eri pinnoille, kuten muoville, metallille, lasille ja puulle. Ne soveltuvat monenlaisiin sovelluksiin tuotteiden merkitsemisest\u00e4 ja omaisuuden seurannasta opasteisiin ja mainosn\u00e4ytt\u00f6ihin.<\/p>\n<\/li>\n<li data-sourcepos=\"13:1-14:0\">\n<p data-sourcepos=\"13:3-13:249\"><strong>Estetiikka:<\/strong> PMMA-etikettien kiilt\u00e4v\u00e4 viimeistely huokuu eleganssia ja hienostuneisuutta. Niit\u00e4 on saatavana useissa eri v\u00e4reiss\u00e4, ja niihin voidaan painaa monimutkaisia malleja ja logoja, jotka parantavat tuotteidesi tai tuotemerkkiesi visuaalista houkuttelevuutta.<\/p>\n<\/li>\n<\/ul>\n<p data-sourcepos=\"15:1-15:54\"><strong>PMMA Tulosta etiketti: Vaativiin etikettitarpeisiin.<\/strong><\/p>\n<p data-sourcepos=\"17:1-17:278\">PMMA-tulosteet ovat ensisijainen valinta sovelluksiin, jotka vaativat kest\u00e4vyytt\u00e4, monipuolisuutta ja tyylikkyytt\u00e4. Tarvitsitpa sitten etikettej\u00e4 teollisuuslaitteisiin, ulkok\u00e4ytt\u00f6\u00f6n tarkoitettuihin kyltteihin tai korkealuokkaisiin tuotteisiin, PMMA-etikettien suorituskyky ja visuaalinen ilme ovat poikkeuksellisia.<\/p>\n<p data-sourcepos=\"19:1-19:30\"><strong>Muita n\u00e4k\u00f6kohtia:<\/strong><\/p>\n<ul data-sourcepos=\"21:1-24:0\">\n<li data-sourcepos=\"21:1-22:0\">\n<p data-sourcepos=\"21:3-21:227\"><strong>Tulostusmenetelm\u00e4t:<\/strong> PMMA-etikettej\u00e4 voidaan painaa eri menetelmill\u00e4, kuten digitaalipainatuksella, silkkipainatuksella ja lasertulostuksella. Painomenetelm\u00e4n valinta riippuu halutusta etikettisuunnittelusta, m\u00e4\u00e4r\u00e4st\u00e4 ja budjetista.<\/p>\n<\/li>\n<li data-sourcepos=\"23:1-24:0\">\n<p data-sourcepos=\"23:3-23:226\"><strong>Liimavaihtoehdot:<\/strong> PMMA-tarroja on saatavana useilla eri liimavaihtoehdoilla, kuten pysyvill\u00e4, irrotettavilla ja uudelleen kiinnitett\u00e4vill\u00e4 liimoilla. Valitse liima, joka sopii parhaiten sovellukseesi ja pintavaatimuksiisi.<\/p>\n<\/li>\n<\/ul>","protected":false},"excerpt":{"rendered":"<p>PMMA-tulostustarrat ovat ylivoimaisen kest\u00e4vyytens\u00e4, monipuolisuutensa ja esteettisyytens\u00e4 ansiosta luotettava valinta yrityksille ja yksityishenkil\u00f6ille, jotka etsiv\u00e4t korkealaatuisia merkint\u00e4ratkaisuja. Valitse PMMA-tarrat seuraavaan merkint\u00e4projektiisi ja koe ero suorituskyvyss\u00e4 ja visuaalisessa vaikutelmassa.<\/p>","protected":false},"featured_media":1978,"template":"","meta":[],"product_brand":[],"product_cat":[15],"product_tag":[],"class_list":{"0":"post-1977","1":"product","2":"type-product","3":"status-publish","4":"has-post-thumbnail","6":"product_cat-print-label","8":"first","9":"instock","10":"shipping-taxable","11":"product-type-simple"},"_links":{"self":[{"href":"https:\/\/membraneswitchmfg.com\/fi\/wp-json\/wp\/v2\/product\/1977","targetHints":{"allow":["GET"]}}],"collection":[{"href":"https:\/\/membraneswitchmfg.com\/fi\/wp-json\/wp\/v2\/product"}],"about":[{"href":"https:\/\/membraneswitchmfg.com\/fi\/wp-json\/wp\/v2\/types\/product"}],"wp:featuredmedia":[{"embeddable":true,"href":"https:\/\/membraneswitchmfg.com\/fi\/wp-json\/wp\/v2\/media\/1978"}],"wp:attachment":[{"href":"https:\/\/membraneswitchmfg.com\/fi\/wp-json\/wp\/v2\/media?parent=1977"}],"wp:term":[{"taxonomy":"product_brand","embeddable":true,"href":"https:\/\/membraneswitchmfg.com\/fi\/wp-json\/wp\/v2\/product_brand?post=1977"},{"taxonomy":"product_cat","embeddable":true,"href":"https:\/\/membraneswitchmfg.com\/fi\/wp-json\/wp\/v2\/product_cat?post=1977"},{"taxonomy":"product_tag","embeddable":true,"href":"https:\/\/membraneswitchmfg.com\/fi\/wp-json\/wp\/v2\/product_tag?post=1977"}],"curies":[{"name":"wp","href":"https:\/\/api.w.org\/{rel}","templated":true}]}}