{"id":1979,"date":"2024-06-30T14:30:58","date_gmt":"2024-06-30T14:30:58","guid":{"rendered":"https:\/\/membraneswitchmfg.com\/?post_type=product&#038;p=1979"},"modified":"2024-06-30T14:31:27","modified_gmt":"2024-06-30T14:31:27","slug":"acrylic-print-label","status":"publish","type":"product","link":"https:\/\/membraneswitchmfg.com\/fi\/manufacturer\/acrylic-print-label\/","title":{"rendered":"Akryyli tulosta etiketti"},"content":{"rendered":"<p data-sourcepos=\"3:1-3:60\"><strong>Akryyli Tulosta etiketti: Kest\u00e4vyyden ja tyylikkyyden yhdistelm\u00e4<\/strong><\/p>\n<p data-sourcepos=\"5:1-5:7\">Akryyliset tulostetarrat, jotka tunnetaan my\u00f6s nimell\u00e4 PMMA-tulostetarrat, tarjoavat ainutlaatuisen yhdistelm\u00e4n kest\u00e4vyytt\u00e4, monipuolisuutta ja esteettisyytt\u00e4, mik\u00e4 tekee niist\u00e4 suositun valinnan monenlaisiin merkint\u00e4sovelluksiin. N\u00e4m\u00e4 etiketit on valmistettu polymetyylimetakrylaatista (PMMA), joka on eritt\u00e4in iskunkest\u00e4v\u00e4 muovi, joka on tunnettu poikkeuksellisesta lujuudestaan, naarmunkest\u00e4vyydest\u00e4\u00e4n sek\u00e4 kemikaalien ja UV-s\u00e4teiden kest\u00e4vyydest\u00e4\u00e4n.<\/p>\n<p data-sourcepos=\"7:1-7:19\"><strong>T\u00e4rkeimm\u00e4t edut:<\/strong><\/p>\n<ul data-sourcepos=\"9:1-13:122\">\n<li data-sourcepos=\"9:1-10:0\">\n<p data-sourcepos=\"9:3-9:274\"><strong>Kest\u00e4v\u00e4 suorituskyky:<\/strong> Akryylitulosteet kest\u00e4v\u00e4t vaativia ymp\u00e4rist\u00f6j\u00e4, joten ne sopivat erinomaisesti ulko- ja teollisuussovelluksiin. Ne kest\u00e4v\u00e4t \u00e4\u00e4rimm\u00e4isi\u00e4 l\u00e4mp\u00f6tiloja, kosteutta ja kemikaaleja, mik\u00e4 takaa pitk\u00e4aikaisen suorituskyvyn vaativissakin olosuhteissa.<\/p>\n<\/li>\n<li data-sourcepos=\"11:1-12:0\">\n<p data-sourcepos=\"11:3-11:293\"><strong>Soveltuu erilaisille pinnoille:<\/strong> Akryylitulosteet kiinnittyv\u00e4t lujasti erilaisiin pintoihin, kuten muoviin, metalliin, lasiin ja puuhun. T\u00e4m\u00e4n monipuolisuuden ansiosta ne soveltuvat monenlaisiin sovelluksiin tuotteiden merkitsemisest\u00e4 ja omaisuuden seurannasta opasteisiin ja mainosn\u00e4ytt\u00f6ihin.<\/p>\n<\/li>\n<li data-sourcepos=\"13:1-13:122\">\n<p data-sourcepos=\"13:3-13:122\"><strong>Parannettu visuaalinen vetovoima:<\/strong> Akryylikuvioisissa etiketeiss\u00e4 on kiilt\u00e4v\u00e4 viimeistely, joka huokuu eleganssia ja hienostuneisuutta. Niit\u00e4 on saatavana laajana v\u00e4rivalikoimana, ja niihin voidaan painaa monimutkaisia malleja ja logoja, jotka tuovat tuotteisiisi tai tuotemerkkeihisi hienostuneisuutta.<\/p>\n<\/li>\n<\/ul>\n<p data-sourcepos=\"15:1-15:74\"><strong>Akryyli Tulosta etiketti: Etiket\u00f6intitarpeet: Ensisijainen valinta vaativiin etikettitarpeisiin<\/strong><\/p>\n<p data-sourcepos=\"17:1-17:287\">Kun kest\u00e4vyys, monipuolisuus ja esteettisyys ovat ensisijaisia, akryylitarrat ovat ensisijainen valinta. Tarvitsitpa sitten etikettej\u00e4 teollisuuslaitteisiin, ulkok\u00e4ytt\u00f6\u00f6n tarkoitettuihin kyltteihin tai huippuluokan tuotteisiin, akryyliset painotarrat tarjoavat poikkeuksellisen suorituskyvyn ja visuaalisen vaikutuksen.<\/p>\n<p data-sourcepos=\"19:1-19:30\"><strong>Muita n\u00e4k\u00f6kohtia:<\/strong><\/p>\n<ul data-sourcepos=\"21:1-24:0\">\n<li data-sourcepos=\"21:1-22:0\">\n<p data-sourcepos=\"21:3-21:236\"><strong>Tulostusmenetelm\u00e4t:<\/strong> Akryylitarrat voidaan painaa eri menetelmill\u00e4, kuten digitaalipainatuksella, silkkipainatuksella ja lasertulostuksella. Painomenetelm\u00e4n valinta riippuu halutusta etikettisuunnittelusta, m\u00e4\u00e4r\u00e4st\u00e4 ja budjetista.<\/p>\n<\/li>\n<li data-sourcepos=\"23:1-24:0\">\n<p data-sourcepos=\"23:3-23:226\"><strong>Liimavaihtoehdot:<\/strong> Akryylitulostetarroissa on erilaisia liimavaihtoehtoja, kuten pysyvi\u00e4, irrotettavia ja uudelleen kiinnitett\u00e4vi\u00e4 liimoja. Valitse liima, joka sopii parhaiten sovellukseesi ja pintavaatimuksiisi.<\/p>\n<\/li>\n<\/ul>","protected":false},"excerpt":{"rendered":"<div class=\"response-container ng-tns-c4213264577-106 ng-star-inserted response-container-has-multiple-responses\">\n<div class=\"presented-response-container ng-tns-c4213264577-106\">\n<div class=\"response-container-content ng-tns-c4213264577-106 tunable-selection-with-avatar\">\n<div class=\"response-content ng-tns-c4213264577-106\">\n<div class=\"markdown markdown-main-panel\" dir=\"ltr\">\n<p data-sourcepos=\"27:1-27:303\">Akryyliset tarrat ovat ylivoimaisen kest\u00e4vyytens\u00e4, monipuolisuutensa ja esteettisyytens\u00e4 ansiosta luotettava valinta yrityksille ja yksityishenkil\u00f6ille, jotka etsiv\u00e4t korkealaatuisia merkint\u00e4ratkaisuja. Valitse akryyliset tarrat seuraavaan merkint\u00e4projektiisi ja koe ero suorituskyvyss\u00e4 ja visuaalisessa vaikutelmassa.<\/p>\n<\/div>\n<\/div>\n<\/div>\n<\/div>\n<\/div>","protected":false},"featured_media":1980,"template":"","meta":[],"product_brand":[],"product_cat":[15],"product_tag":[],"class_list":{"0":"post-1979","1":"product","2":"type-product","3":"status-publish","4":"has-post-thumbnail","6":"product_cat-print-label","8":"first","9":"instock","10":"shipping-taxable","11":"product-type-simple"},"_links":{"self":[{"href":"https:\/\/membraneswitchmfg.com\/fi\/wp-json\/wp\/v2\/product\/1979","targetHints":{"allow":["GET"]}}],"collection":[{"href":"https:\/\/membraneswitchmfg.com\/fi\/wp-json\/wp\/v2\/product"}],"about":[{"href":"https:\/\/membraneswitchmfg.com\/fi\/wp-json\/wp\/v2\/types\/product"}],"wp:featuredmedia":[{"embeddable":true,"href":"https:\/\/membraneswitchmfg.com\/fi\/wp-json\/wp\/v2\/media\/1980"}],"wp:attachment":[{"href":"https:\/\/membraneswitchmfg.com\/fi\/wp-json\/wp\/v2\/media?parent=1979"}],"wp:term":[{"taxonomy":"product_brand","embeddable":true,"href":"https:\/\/membraneswitchmfg.com\/fi\/wp-json\/wp\/v2\/product_brand?post=1979"},{"taxonomy":"product_cat","embeddable":true,"href":"https:\/\/membraneswitchmfg.com\/fi\/wp-json\/wp\/v2\/product_cat?post=1979"},{"taxonomy":"product_tag","embeddable":true,"href":"https:\/\/membraneswitchmfg.com\/fi\/wp-json\/wp\/v2\/product_tag?post=1979"}],"curies":[{"name":"wp","href":"https:\/\/api.w.org\/{rel}","templated":true}]}}