{"id":2225,"date":"2024-07-22T14:19:03","date_gmt":"2024-07-22T14:19:03","guid":{"rendered":"https:\/\/membraneswitchmfg.com\/manufacturer\/silicone-keypad\/"},"modified":"2024-07-25T05:39:12","modified_gmt":"2024-07-25T05:39:12","slug":"silicone-keypad","status":"publish","type":"product","link":"https:\/\/membraneswitchmfg.com\/fi\/manufacturer\/silicone-keypad\/","title":{"rendered":"Silikoni n\u00e4pp\u00e4imist\u00f6"},"content":{"rendered":"<h3><strong>Silikoni n\u00e4pp\u00e4imist\u00f6 T\u00e4rkeimm\u00e4t ominaisuudet:<\/strong><\/h3>\n<p>1: N\u00e4pp\u00e4imist\u00f6mme kest\u00e4v\u00e4t \u00e4\u00e4rimm\u00e4isi\u00e4 l\u00e4mp\u00f6tiloja, kosteutta ja kulumista, mik\u00e4 takaa pitk\u00e4ik\u00e4isen ja kest\u00e4v\u00e4n ratkaisun kaikkiin ymp\u00e4rist\u00f6ihin.<\/p>\n<p>Silikonin\u00e4pp\u00e4imist\u00f6mme n\u00e4pp\u00e4inten k\u00e4ytt\u00f6ik\u00e4 voi olla:<\/p>\n<ul>\n<li>1000K kertaa<\/li>\n<li>2000K kertaa<\/li>\n<li>5000K kertaa <strong>(alan pisin k\u00e4ytt\u00f6ik\u00e4)<\/strong><\/li>\n<\/ul>\n<p>2: Ne parantavat k\u00e4ytt\u00e4j\u00e4kokemusta tarjoamalla herk\u00e4n ja tyydytt\u00e4v\u00e4n kosketuksen jokaisella painalluksella.<\/p>\n<p>3: Silikonin\u00e4pp\u00e4imist\u00f6mme voidaan r\u00e4\u00e4t\u00e4l\u00f6id\u00e4 vastaamaan projektisi erityistarpeita. Saatavilla on my\u00f6s mukautettuja merkint\u00f6j\u00e4, taustavalaistusvaihtoehtoja ja eri kovuusasteita.Kokonaismitat kattavat alan standardit M1, M2 ja M3.<\/p>\n<p>4: Sovellukset: Ihanteellinen sovelluksiin kuluttajaelektroniikassa, l\u00e4\u00e4ketieteellisiss\u00e4 laitteissa, teollisissa ohjauksissa, autoteollisuuden j\u00e4rjestelmiss\u00e4 ja muissa sovelluksissa. Silikonimateriaali tarjoaa erinomaista joustavuutta, joten se soveltuu monimutkaisiin muotoiluihin ja asetteluun.<\/p>\n<p>5: N\u00e4pp\u00e4imist\u00f6mme ovat yhteensopivia erityyppisten liit\u00e4nt\u00f6jen kanssa, mukaan lukien PCB-asennetut ratkaisut ja kalvokytkinasennelmat.<\/p>\n<p>6.Zero-defect mustan pisteen valvonta: N\u00e4in varmistetaan, ett\u00e4 jokainen tuote saavuttaa korkeimmat ulkon\u00e4\u00f6n laatustandardit: k\u00e4ytt\u00e4m\u00e4ll\u00e4 kehittyneit\u00e4 valmistusprosesseja ja tiukkoja laadunvalvontaj\u00e4rjestelmi\u00e4 silikonin\u00e4pp\u00e4imist\u00f6mme saavuttavat nollavirheet ulkon\u00e4\u00f6ss\u00e4 ja varmistavat, ett\u00e4 jokainen tuote saavuttaa korkeimmat ulkon\u00e4\u00f6n laatustandardit.<\/p>\n<p>&nbsp;<\/p>\n<h3><strong>Silikonin\u00e4pp\u00e4imist\u00f6 Sovellukset:<\/strong><\/h3>\n<p>1.Consumer Electronics: T\u00e4ydellinen kaukos\u00e4\u00e4timiin, pelilaitteisiin ja kannettaviin vempaimiin.<\/p>\n<p>2.Medical Devices: Ihanteellinen potilasvalvontalaitteisiin, diagnostisiin laitteisiin ja puettavaan terveysteknologiaan.<\/p>\n<p>3.Industrial Controls: Riitt\u00e4v\u00e4n vankka koneiden ohjauksiin, mittaritauluihin ja ulkolaitteisiin.<\/p>\n<p>4.Automotive Systems: Autoteollisuuden j\u00e4rjestelm\u00e4t: Luotettava kojelaudan hallintalaitteissa, infotainment-j\u00e4rjestelmiss\u00e4 ja avaimeton sis\u00e4\u00e4np\u00e4\u00e4syj\u00e4rjestelmiss\u00e4.<\/p>","protected":false},"excerpt":{"rendered":"<p>Koe silikonin\u00e4pp\u00e4imist\u00f6mme tuntuman ja toiminnallisuuden huippu. N\u00e4m\u00e4 n\u00e4pp\u00e4imist\u00f6t on suunniteltu monenlaisiin sovelluksiin kulutuselektroniikasta teollisuuskoneisiin, ja ne tarjoavat vertaansa vailla olevaa suorituskyky\u00e4, luotettavuutta ja r\u00e4\u00e4t\u00e4l\u00f6it\u00e4vyytt\u00e4.K\u00e4ytettiinp\u00e4 niit\u00e4 sitten kulutuselektroniikassa, l\u00e4\u00e4ketieteellisiss\u00e4 laitteissa tai teollisuuden ohjauksessa, voit luottaa silikonin\u00e4pp\u00e4imist\u00f6ihimme, sill\u00e4 ne ovat virheett\u00f6m\u00e4n n\u00e4k\u00f6isi\u00e4 ja tarjoavat ylivoimaisen k\u00e4ytt\u00f6kokemuksen.<\/p>","protected":false},"featured_media":1735,"template":"","meta":[],"product_brand":[],"product_cat":[39],"product_tag":[],"class_list":{"0":"post-2225","1":"product","2":"type-product","3":"status-publish","4":"has-post-thumbnail","6":"product_cat-silicone-rubber","8":"first","9":"instock","10":"shipping-taxable","11":"product-type-simple"},"_links":{"self":[{"href":"https:\/\/membraneswitchmfg.com\/fi\/wp-json\/wp\/v2\/product\/2225","targetHints":{"allow":["GET"]}}],"collection":[{"href":"https:\/\/membraneswitchmfg.com\/fi\/wp-json\/wp\/v2\/product"}],"about":[{"href":"https:\/\/membraneswitchmfg.com\/fi\/wp-json\/wp\/v2\/types\/product"}],"wp:featuredmedia":[{"embeddable":true,"href":"https:\/\/membraneswitchmfg.com\/fi\/wp-json\/wp\/v2\/media\/1735"}],"wp:attachment":[{"href":"https:\/\/membraneswitchmfg.com\/fi\/wp-json\/wp\/v2\/media?parent=2225"}],"wp:term":[{"taxonomy":"product_brand","embeddable":true,"href":"https:\/\/membraneswitchmfg.com\/fi\/wp-json\/wp\/v2\/product_brand?post=2225"},{"taxonomy":"product_cat","embeddable":true,"href":"https:\/\/membraneswitchmfg.com\/fi\/wp-json\/wp\/v2\/product_cat?post=2225"},{"taxonomy":"product_tag","embeddable":true,"href":"https:\/\/membraneswitchmfg.com\/fi\/wp-json\/wp\/v2\/product_tag?post=2225"}],"curies":[{"name":"wp","href":"https:\/\/api.w.org\/{rel}","templated":true}]}}