{"id":2227,"date":"2024-07-22T14:19:04","date_gmt":"2024-07-22T14:19:04","guid":{"rendered":"https:\/\/membraneswitchmfg.com\/manufacturer\/silicone-gasket\/"},"modified":"2024-07-25T06:04:54","modified_gmt":"2024-07-25T06:04:54","slug":"silicone-gasket","status":"publish","type":"product","link":"https:\/\/membraneswitchmfg.com\/fi\/manufacturer\/silicone-gasket\/","title":{"rendered":"Silikonitiiviste"},"content":{"rendered":"<h2><strong>T\u00e4rkeimm\u00e4t ominaisuudet:<\/strong><\/h2>\n<p>1.High-Temperature Resistance: Se soveltuu sek\u00e4 korkean l\u00e4mp\u00f6tilan ett\u00e4 j\u00e4\u00e4tymisen ymp\u00e4rist\u00f6ihin.<\/p>\n<p>2.Excellent Joustavuus ja elastisuus: Tiivisteet mukautuvat ep\u00e4s\u00e4\u00e4nn\u00f6llisiin pintoihin, mik\u00e4 takaa tiiviin ja luotettavan tiivisteen my\u00f6s korkeassa paineessa.<\/p>\n<p>3.Superior kemiallinen kest\u00e4vyys: Silikonitiivisteemme s\u00e4ilytt\u00e4v\u00e4t eheytens\u00e4 ja suorituskykyns\u00e4 haastavimmissakin ymp\u00e4rist\u00f6iss\u00e4: Kest\u00e4v\u00e4t monenlaisia kemikaaleja, \u00f6ljyj\u00e4 ja liuottimia.<\/p>\n<p>4: N\u00e4m\u00e4 tiivisteet kest\u00e4v\u00e4t ik\u00e4\u00e4ntymist\u00e4, s\u00e4\u00e4nkest\u00e4vyytt\u00e4 ja UV-altistumista, mik\u00e4 takaa pitk\u00e4n k\u00e4ytt\u00f6i\u00e4n minimaalisella huollolla.<\/p>\n<p>5.FDA ja Medical Grade -vaihtoehdot: Silikonitiivisteet ovat turvallisia k\u00e4ytett\u00e4v\u00e4ksi elintarvikkeiden k\u00e4sittelyss\u00e4, l\u00e4\u00e4kkeiss\u00e4 ja terveydenhuollon sovelluksissa.<\/p>\n<h2><strong>Silikonitiiviste Sovellukset:<\/strong><\/h2>\n<p>1.Automotive: Autoteollisuus: Ihanteellinen moottoreihin, vaihteistoihin ja pakokaasuj\u00e4rjestelmiin, sill\u00e4 se tarjoaa luotettavan tiivisteen \u00e4\u00e4rimm\u00e4isiss\u00e4 olosuhteissa.<\/p>\n<p>2.Industrial Equipment: Soveltuu pumppuihin, kompressoreihin ja koneisiin, est\u00e4\u00e4 vuotoja ja varmistaa tehokkaan toiminnan.<\/p>\n<p>3: Hygienia- ja turvallisuusstandardien varmistaminen.<\/p>\n<p>4.Medical Devices: Turvallinen k\u00e4ytett\u00e4v\u00e4ksi l\u00e4\u00e4kinn\u00e4llisiss\u00e4 laitteissa ja laitteissa, mik\u00e4 takaa luotettavan tiivistyksen kriittisiss\u00e4 sovelluksissa.<\/p>\n<p>5.Elektroniikka: Suojaa herkki\u00e4 komponentteja kosteudelta ja p\u00f6lylt\u00e4.<\/p>","protected":false},"excerpt":{"rendered":"<p>L\u00f6yd\u00e4 lopullinen tiivistysratkaisu ensiluokkaisten silikonitiivisteidemme avulla. N\u00e4m\u00e4 poikkeuksellisen suorituskykyiset tiivisteet on suunniteltu vastaamaan eri teollisuudenalojen tiukkoja vaatimuksia ja takaavat t\u00e4ydellisen tiivistyksen joka kerta. Halusitpa sitten parantaa laitteistosi kest\u00e4vyytt\u00e4 tai varmistaa vuotamattoman ymp\u00e4rist\u00f6n, silikonitiivisteet ovat ihanteellinen valinta.Sitoutumisemme laatuun ja innovaatioihin takaa, ett\u00e4 silikonitiivisteemme t\u00e4ytt\u00e4v\u00e4t alan korkeimmat standardit. Tarjoamme laajan valikoiman kokoja, muotoja ja r\u00e4\u00e4t\u00e4l\u00f6ityj\u00e4 vaihtoehtoja erityistarpeidesi mukaan. Asiantuntevan tiimimme ja kehittyneiden valmistusprosessiemme ansiosta tarjoamme tiivisteet, jotka tuottavat tasaisen suorituskyvyn ja luotettavuuden.<\/p>","protected":false},"featured_media":2216,"template":"","meta":[],"product_brand":[],"product_cat":[39],"product_tag":[],"class_list":{"0":"post-2227","1":"product","2":"type-product","3":"status-publish","4":"has-post-thumbnail","6":"product_cat-silicone-rubber","8":"first","9":"instock","10":"shipping-taxable","11":"product-type-simple"},"_links":{"self":[{"href":"https:\/\/membraneswitchmfg.com\/fi\/wp-json\/wp\/v2\/product\/2227","targetHints":{"allow":["GET"]}}],"collection":[{"href":"https:\/\/membraneswitchmfg.com\/fi\/wp-json\/wp\/v2\/product"}],"about":[{"href":"https:\/\/membraneswitchmfg.com\/fi\/wp-json\/wp\/v2\/types\/product"}],"wp:featuredmedia":[{"embeddable":true,"href":"https:\/\/membraneswitchmfg.com\/fi\/wp-json\/wp\/v2\/media\/2216"}],"wp:attachment":[{"href":"https:\/\/membraneswitchmfg.com\/fi\/wp-json\/wp\/v2\/media?parent=2227"}],"wp:term":[{"taxonomy":"product_brand","embeddable":true,"href":"https:\/\/membraneswitchmfg.com\/fi\/wp-json\/wp\/v2\/product_brand?post=2227"},{"taxonomy":"product_cat","embeddable":true,"href":"https:\/\/membraneswitchmfg.com\/fi\/wp-json\/wp\/v2\/product_cat?post=2227"},{"taxonomy":"product_tag","embeddable":true,"href":"https:\/\/membraneswitchmfg.com\/fi\/wp-json\/wp\/v2\/product_tag?post=2227"}],"curies":[{"name":"wp","href":"https:\/\/api.w.org\/{rel}","templated":true}]}}