{"id":2274,"date":"2024-07-26T02:52:22","date_gmt":"2024-07-26T02:52:22","guid":{"rendered":"https:\/\/membraneswitchmfg.com\/?post_type=product&#038;p=2274"},"modified":"2024-09-19T12:54:44","modified_gmt":"2024-09-19T12:54:44","slug":"magnetic-switch","status":"publish","type":"product","link":"https:\/\/membraneswitchmfg.com\/fi\/manufacturer\/magnetic-switch\/","title":{"rendered":"Magneettinen kytkin"},"content":{"rendered":"<h4><strong><b>T\u00e4rkeimm\u00e4t ominaisuudet:<\/b><\/strong><\/h4>\n<p><strong>1.<\/strong><strong>Ennenn\u00e4kem\u00e4t\u00f6n kest\u00e4vyys<\/strong>: Tuotteemme on suunniteltu kest\u00e4m\u00e4\u00e4n jopa 10 miljoonaa painallusta, joten se takaa tasaisen suorituskyvyn ja luotettavuuden pitk\u00e4ksi aikaa, mik\u00e4 tekee siit\u00e4 kustannustehokkaan valinnan pitk\u00e4aikaisiin sovelluksiin.<\/p>\n<p><strong>2.<\/strong><strong>Monipuoliset sovellukset<\/strong>: T\u00e4ll\u00e4 hetkell\u00e4 magneettikytkimi\u00e4mme k\u00e4ytet\u00e4\u00e4n laajalti eri korkean kysynn\u00e4n aloilla, mukaan lukien:<\/p>\n<ul>\n<li><strong>L\u00e4\u00e4kinn\u00e4lliset laitteet<\/strong>: Tarkkaa ja luotettavaa ohjausta tarjoava kytkimemme on kriittinen komponentti l\u00e4\u00e4kinn\u00e4llisiss\u00e4 laitteissa, mik\u00e4 takaa turvallisuuden ja luotettavuuden terveydenhuollon ymp\u00e4rist\u00f6iss\u00e4.<\/li>\n<li><strong>Juoksumatot<\/strong>: Kuntolaitteisiin integroitu kytkimemme takaa sujuvan toiminnan ja parantaa k\u00e4ytt\u00f6kokemusta, ja se kest\u00e4\u00e4 usein toistuvan k\u00e4yt\u00f6n tiukat vaatimukset.<\/li>\n<\/ul>\n<h4><strong><b>Miksi valita magneettikytkimemme?<\/b><\/strong><\/h4>\n<p><strong>1.<\/strong><strong>Verraton elinik\u00e4<\/strong>: Ainoana kotimarkkinoiden magneettikytkimen\u00e4, jonka k\u00e4ytt\u00f6ik\u00e4 on 10 miljoonaa painallusta, asetamme kest\u00e4vyyden standardin.<\/p>\n<p><strong>2.<\/strong><strong>Luotettavuus kriittisiss\u00e4 sovelluksissa<\/strong>: Kytkimiimme luotetaan l\u00e4\u00e4ketieteellisiss\u00e4 laitteissa, joissa luotettavuus ja tarkkuus ovat ensiarvoisen t\u00e4rkeit\u00e4.<\/p>\n<p><strong>3.<\/strong><strong>Suorituskyky korkean k\u00e4ytt\u00f6asteen ymp\u00e4rist\u00f6iss\u00e4<\/strong>: Juoksumattojen sovellusten avulla kytkimemme osoittaa kest\u00e4vyytens\u00e4 kovassa k\u00e4yt\u00f6ss\u00e4 ja vilkkaassa liikenteess\u00e4.<\/p>","protected":false},"excerpt":{"rendered":"<p>Esittelemme kehittyneen <span class=\"Y2IQFc\" lang=\"en\">Magneettinen kalvokytkin<\/span>, kest\u00e4vyyden ja luotettavuuden ruumiillistuma markkinoilla. Tuotteen merkitt\u00e4v\u00e4 k\u00e4ytt\u00f6ik\u00e4 on jopa 1,5 vuotta. <strong>10 miljoonaa painolaitetta<\/strong>Magneettikytkimemme on <strong>ainoa laatuaan kotimarkkinoilla, joka tarjoaa n\u00e4in pitk\u00e4n k\u00e4ytt\u00f6i\u00e4n.<\/strong>.esittelemme kehittyneen magneettikytkimemme, joka on markkinoiden kest\u00e4vyyden ja luotettavuuden ruumiillistuma. Magneettikytkimemme on ainoa laatuaan kotimaisilla markkinoilla, joka tarjoaa n\u00e4in pitk\u00e4n k\u00e4ytt\u00f6i\u00e4n, sill\u00e4 sen k\u00e4ytt\u00f6ik\u00e4 on jopa 10 miljoonaa painallusta.<\/p>","protected":false},"featured_media":2435,"template":"","meta":[],"product_brand":[],"product_cat":[40],"product_tag":[],"class_list":{"0":"post-2274","1":"product","2":"type-product","3":"status-publish","4":"has-post-thumbnail","6":"product_cat-membrane-switch","8":"first","9":"instock","10":"shipping-taxable","11":"product-type-simple"},"_links":{"self":[{"href":"https:\/\/membraneswitchmfg.com\/fi\/wp-json\/wp\/v2\/product\/2274","targetHints":{"allow":["GET"]}}],"collection":[{"href":"https:\/\/membraneswitchmfg.com\/fi\/wp-json\/wp\/v2\/product"}],"about":[{"href":"https:\/\/membraneswitchmfg.com\/fi\/wp-json\/wp\/v2\/types\/product"}],"wp:featuredmedia":[{"embeddable":true,"href":"https:\/\/membraneswitchmfg.com\/fi\/wp-json\/wp\/v2\/media\/2435"}],"wp:attachment":[{"href":"https:\/\/membraneswitchmfg.com\/fi\/wp-json\/wp\/v2\/media?parent=2274"}],"wp:term":[{"taxonomy":"product_brand","embeddable":true,"href":"https:\/\/membraneswitchmfg.com\/fi\/wp-json\/wp\/v2\/product_brand?post=2274"},{"taxonomy":"product_cat","embeddable":true,"href":"https:\/\/membraneswitchmfg.com\/fi\/wp-json\/wp\/v2\/product_cat?post=2274"},{"taxonomy":"product_tag","embeddable":true,"href":"https:\/\/membraneswitchmfg.com\/fi\/wp-json\/wp\/v2\/product_tag?post=2274"}],"curies":[{"name":"wp","href":"https:\/\/api.w.org\/{rel}","templated":true}]}}