{"id":2438,"date":"2024-09-20T06:37:42","date_gmt":"2024-09-20T06:37:42","guid":{"rendered":"https:\/\/membraneswitchmfg.com\/?post_type=product&#038;p=2438"},"modified":"2024-09-20T06:40:01","modified_gmt":"2024-09-20T06:40:01","slug":"in-mold-electronics-ime","status":"publish","type":"product","link":"https:\/\/membraneswitchmfg.com\/fi\/manufacturer\/in-mold-electronics-ime\/","title":{"rendered":"In-Mold Electronics (IME)"},"content":{"rendered":"<h2>In-Mold Electronics (IME): Vallankumouksellinen teknologia<\/h2>\n<h3 data-sourcepos=\"5:1-5:24\">In-Mold Electronics -tekniikan t\u00e4rkeimm\u00e4t edut<strong>:<\/strong><\/h3>\n<ul>\n<li><span class=\"citation-2 recitation\">Pienemm\u00e4t kokoonpanokustannukset:<\/span><span class=\"citation-2 recitation citation-end-2\"> Integroimalla elektroniset komponentit suoraan muoviosaan IME poistaa erillisten kokoonpanovaiheiden tarpeen, mik\u00e4 v\u00e4hent\u00e4\u00e4 merkitt\u00e4v\u00e4sti valmistuskustannuksia.<\/span><\/li>\n<li>Parempi kest\u00e4vyys: <span class=\"citation-3 recitation citation-end-3\">IME luo vahvan sidoksen elektronisten komponenttien ja muoviosan v\u00e4lille, mik\u00e4 parantaa kest\u00e4vyytt\u00e4 ja vastustuskyky\u00e4 ymp\u00e4rist\u00f6tekij\u00f6ille.<\/span><\/li>\n<li>Pienempi muotokerroin: <span class=\"citation-4 recitation citation-end-4\">IME mahdollistaa ohuempien ja kompaktimpien elektronisten laitteiden luomisen, mik\u00e4 tekee niist\u00e4 helpommin kannettavia ja esteettisesti miellytt\u00e4vi\u00e4.<\/span><\/li>\n<li>Parannettu estetiikka: IME:t\u00e4 voidaan k\u00e4ytt\u00e4\u00e4 saumattomien ja visuaalisesti houkuttelevien mallien luomiseen, jolloin elektroniset komponentit integroituvat saumattomasti tuotteen yleisilmeeseen.<\/li>\n<li>Parempi luotettavuus: <span class=\"citation-5 recitation citation-end-5\">Poistamalla ulkoiset liit\u00e4nn\u00e4t ja kokoonpanovaiheet IME voi parantaa elektronisten tuotteiden luotettavuutta ja pitk\u00e4ik\u00e4isyytt\u00e4.<\/span><\/li>\n<\/ul>\n<h3 data-sourcepos=\"13:1-13:24\">In-Mold Electronics -tekniikan sovellukset:<\/h3>\n<ul data-sourcepos=\"15:1-19:0\">\n<li data-sourcepos=\"15:1-15:100\">Kulutuselektroniikka: N\u00e4pp\u00e4imist\u00f6t, kaukos\u00e4\u00e4timet, autojen kojelaudat ja puettavat laitteet.<\/li>\n<li data-sourcepos=\"16:1-16:110\">L\u00e4\u00e4ketieteelliset laitteet: <span class=\"citation-6 recitation citation-end-6\">Diagnostiikkalaitteet, potilaan seurantaj\u00e4rjestelm\u00e4t ja implantoitavat laitteet.<\/span><\/li>\n<li data-sourcepos=\"16:1-16:110\">Autoteollisuus: <span class=\"citation-7 recitation citation-end-7\">Ohjauspaneelit, mittariston\u00e4yt\u00f6t ja ovipaneelit.<\/span><\/li>\n<li data-sourcepos=\"16:1-16:110\">Teollisuusautomaatio: Ohjauspaneelit, anturit ja muut automaatiokomponentit.<\/li>\n<\/ul>","protected":false},"excerpt":{"rendered":"<p><span class=\"citation-0 recitation\">In-Mold Electronics (IME)<\/span><span class=\"citation-0 recitation citation-end-0\"> on valmistusprosessi, jossa elektroniset komponentit integroidaan suoraan muoviosiin muovausprosessin aikana.<\/span> <span class=\"citation-1 recitation citation-end-1\">T\u00e4m\u00e4 innovatiivinen tekniikka tarjoaa lukuisia etuja perinteisiin kokoonpanomenetelmiin verrattuna, mik\u00e4 tekee siit\u00e4 suositun valinnan eri teollisuudenaloilla.<\/span><\/p>\n<p><span class=\"citation-8 recitation citation-end-8\">IME on huipputeknologiaa, joka tarjoaa merkitt\u00e4vi\u00e4 etuja kustannusten, kest\u00e4vyyden, suunnittelun ja luotettavuuden suhteen.<\/span> Teknologian kehittyess\u00e4 voimme odottaa n\u00e4kev\u00e4mme entist\u00e4 innovatiivisempia sovelluksia tulevaisuudessa.<\/p>","protected":false},"featured_media":2439,"template":"","meta":[],"product_brand":[],"product_cat":[40],"product_tag":[],"class_list":{"0":"post-2438","1":"product","2":"type-product","3":"status-publish","4":"has-post-thumbnail","6":"product_cat-membrane-switch","8":"first","9":"instock","10":"shipping-taxable","11":"product-type-simple"},"_links":{"self":[{"href":"https:\/\/membraneswitchmfg.com\/fi\/wp-json\/wp\/v2\/product\/2438","targetHints":{"allow":["GET"]}}],"collection":[{"href":"https:\/\/membraneswitchmfg.com\/fi\/wp-json\/wp\/v2\/product"}],"about":[{"href":"https:\/\/membraneswitchmfg.com\/fi\/wp-json\/wp\/v2\/types\/product"}],"wp:featuredmedia":[{"embeddable":true,"href":"https:\/\/membraneswitchmfg.com\/fi\/wp-json\/wp\/v2\/media\/2439"}],"wp:attachment":[{"href":"https:\/\/membraneswitchmfg.com\/fi\/wp-json\/wp\/v2\/media?parent=2438"}],"wp:term":[{"taxonomy":"product_brand","embeddable":true,"href":"https:\/\/membraneswitchmfg.com\/fi\/wp-json\/wp\/v2\/product_brand?post=2438"},{"taxonomy":"product_cat","embeddable":true,"href":"https:\/\/membraneswitchmfg.com\/fi\/wp-json\/wp\/v2\/product_cat?post=2438"},{"taxonomy":"product_tag","embeddable":true,"href":"https:\/\/membraneswitchmfg.com\/fi\/wp-json\/wp\/v2\/product_tag?post=2438"}],"curies":[{"name":"wp","href":"https:\/\/api.w.org\/{rel}","templated":true}]}}