{"id":1686,"date":"2024-06-22T14:56:03","date_gmt":"2024-06-22T14:56:03","guid":{"rendered":"https:\/\/membraneswitchmfg.com\/manufacturer\/ul-high-temperature-resistant-certification-label\/"},"modified":"2024-06-26T00:55:30","modified_gmt":"2024-06-26T00:55:30","slug":"ul-high-temperature-resistant-certification-label","status":"publish","type":"product","link":"https:\/\/membraneswitchmfg.com\/fr\/manufacturer\/ul-high-temperature-resistant-certification-label\/","title":{"rendered":"\u00c9tiquette de certification UL pour la r\u00e9sistance aux hautes temp\u00e9ratures"},"content":{"rendered":"<h2 class=\"\" data-sourcepos=\"1:1-1:109\">\u00c9tiquettes de certification UL r\u00e9sistantes aux hautes temp\u00e9ratures : Garantir la s\u00e9curit\u00e9 et la durabilit\u00e9 dans les environnements extr\u00eames<\/h2>\n<p data-sourcepos=\"3:1-3:104\">Prot\u00e9gez vos produits et votre marque avec des \u00e9tiquettes certifi\u00e9es UL r\u00e9sistantes aux hautes temp\u00e9ratures et aux conditions difficiles.<\/p>\n<p data-sourcepos=\"5:1-5:49\"><strong>Durabilit\u00e9 in\u00e9gal\u00e9e pour les environnements extr\u00eames<\/strong><\/p>\n<p data-sourcepos=\"7:1-7:155\">Nos \u00e9tiquettes certifi\u00e9es UL r\u00e9sistantes aux hautes temp\u00e9ratures sont fabriqu\u00e9es \u00e0 partir de mat\u00e9riaux de premi\u00e8re qualit\u00e9 qui peuvent supporter une exposition continue \u00e0 des temp\u00e9ratures allant de -40\u00b0C \u00e0 500\u00b0C (-40\u00b0F \u00e0 932\u00b0F). Elles r\u00e9sistent \u00e0 la d\u00e9coloration, \u00e0 la d\u00e9chirure et \u00e0 la d\u00e9gradation chimique, ce qui les rend id\u00e9ales pour une large gamme d'applications.<\/p>\n<p data-sourcepos=\"9:1-9:38\"><strong>Certification UL pour la tranquillit\u00e9 d'esprit<\/strong><\/p>\n<p data-sourcepos=\"11:1-11:62\">Nos \u00e9tiquettes UL r\u00e9sistantes aux hautes temp\u00e9ratures sont rigoureusement test\u00e9es et certifi\u00e9es par Underwriters Laboratories (UL), leader mondialement reconnu en mati\u00e8re de normes de s\u00e9curit\u00e9. Cette certification garantit que nos \u00e9tiquettes r\u00e9pondent aux normes les plus strictes en mati\u00e8re de durabilit\u00e9, de performance et de s\u00e9curit\u00e9.<\/p>\n<p data-sourcepos=\"13:1-13:89\"><strong>Partenariat avec des fournisseurs chinois d'imprimantes de codes-barres pour une qualit\u00e9 et une expertise sup\u00e9rieures<\/strong><\/p>\n<p data-sourcepos=\"15:1-15:207\">Chez China Label Barcode Printer Suppliers, nous nous engageons \u00e0 fournir \u00e0 nos clients des \u00e9tiquettes UL r\u00e9sistantes aux hautes temp\u00e9ratures de la plus haute qualit\u00e9 et l'expertise n\u00e9cessaire pour r\u00e9pondre \u00e0 leurs besoins d'application sp\u00e9cifiques.<\/p>\n<p data-sourcepos=\"17:1-17:82\"><strong>Contactez-nous d\u00e8s aujourd'hui<\/strong> pour en savoir plus sur nos \u00e9tiquettes UL r\u00e9sistantes aux hautes temp\u00e9ratures.<\/p>","protected":false},"excerpt":{"rendered":"<p>Le label de certification UL de r\u00e9sistance aux hautes temp\u00e9ratures atteste que le produit a \u00e9t\u00e9 test\u00e9 et certifi\u00e9 par UL (Underwriters Laboratories) pour r\u00e9sister aux hautes temp\u00e9ratures en toute s\u00e9curit\u00e9.<\/p>","protected":false},"featured_media":1660,"template":"","meta":[],"product_brand":[],"product_cat":[15],"product_tag":[],"class_list":{"0":"post-1686","1":"product","2":"type-product","3":"status-publish","4":"has-post-thumbnail","6":"product_cat-print-label","8":"first","9":"instock","10":"shipping-taxable","11":"product-type-simple"},"_links":{"self":[{"href":"https:\/\/membraneswitchmfg.com\/fr\/wp-json\/wp\/v2\/product\/1686","targetHints":{"allow":["GET"]}}],"collection":[{"href":"https:\/\/membraneswitchmfg.com\/fr\/wp-json\/wp\/v2\/product"}],"about":[{"href":"https:\/\/membraneswitchmfg.com\/fr\/wp-json\/wp\/v2\/types\/product"}],"wp:featuredmedia":[{"embeddable":true,"href":"https:\/\/membraneswitchmfg.com\/fr\/wp-json\/wp\/v2\/media\/1660"}],"wp:attachment":[{"href":"https:\/\/membraneswitchmfg.com\/fr\/wp-json\/wp\/v2\/media?parent=1686"}],"wp:term":[{"taxonomy":"product_brand","embeddable":true,"href":"https:\/\/membraneswitchmfg.com\/fr\/wp-json\/wp\/v2\/product_brand?post=1686"},{"taxonomy":"product_cat","embeddable":true,"href":"https:\/\/membraneswitchmfg.com\/fr\/wp-json\/wp\/v2\/product_cat?post=1686"},{"taxonomy":"product_tag","embeddable":true,"href":"https:\/\/membraneswitchmfg.com\/fr\/wp-json\/wp\/v2\/product_tag?post=1686"}],"curies":[{"name":"wp","href":"https:\/\/api.w.org\/{rel}","templated":true}]}}